{"id":10547,"date":"2025-06-13T09:06:18","date_gmt":"2025-06-13T06:06:18","guid":{"rendered":"https:\/\/optimacall.ro\/?page_id=10547"},"modified":"2025-06-13T09:24:46","modified_gmt":"2025-06-13T06:24:46","slug":"informationssicherheitspolitik","status":"publish","type":"page","link":"https:\/\/optimacall.ro\/de\/informationssicherheitspolitik\/","title":{"rendered":"Politik der Informationssicherheit"},"content":{"rendered":"<p>Unter den heutigen Umst\u00e4nden und im heutigen Gesch\u00e4ftsumfeld und insbesondere in der Zukunft ist die Datensicherheit sowohl f\u00fcr uns als auch f\u00fcr unsere Kunden und Partner von wesentlicher Bedeutung. Deshalb verpflichten wir uns, unsere Informationen und die unserer Kunden und Partner zu sch\u00fctzen und die Angemessenheit und Wirksamkeit dieses Schutzes in Bezug auf Menschen, Methoden und Verm\u00f6genswerte, einschlie\u00dflich Hardware und Software, zu \u00fcberwachen, zu bewerten und zu verbessern.<\/p>\n<p>Wir gew\u00e4hrleisten die Vertraulichkeit, Integrit\u00e4t und Verf\u00fcgbarkeit der Informationen von OPTIMA SOLUTIONS SERVICES SA und der Kunden unter Einhaltung der gesetzlichen, beh\u00f6rdlichen und sonstigen angenommenen Anforderungen an die Informationssicherheit sowie unter Gew\u00e4hrleistung der Funktionalit\u00e4t und Verf\u00fcgbarkeit der Informationsmittel, einschlie\u00dflich der Hardware und Software.<\/p>\n<p>Dies wird durch die Einf\u00fchrung und Pflege eines Informationssicherheitssystems gem\u00e4\u00df ISO\/IEC 27001:2022 erreicht.<\/p>\n<p>Die wichtigsten Ziele im Bereich der Informationssicherheit sind:<\/p>\n<ul>\n<li>Gew\u00e4hrleistung der Vertraulichkeit, der Integrit\u00e4t und der Verf\u00fcgbarkeit der Informationen, die innerhalb von OPTIMA SOLUTIONS SERVICES SA zirkulieren, einschlie\u00dflich derjenigen, die anderen interessierten Parteien geh\u00f6ren (z.B. Kunden, Lieferanten, Mitarbeiter);<\/li>\n<li>Schutz vor einer Vielzahl von Bedrohungen w\u00e4hrend des gesamten Lebenszyklus von Informationen, um die Gesch\u00e4ftskontinuit\u00e4t zu gew\u00e4hrleisten, Risiken zu minimieren und die Investitionsrendite und Gesch\u00e4ftsm\u00f6glichkeiten zu maximieren;<\/li>\n<li>Identifizierung, Analyse und Behebung von Informationssicherheitsrisiken, um unerw\u00fcnschte Auswirkungen zu verhindern oder zu verringern und eine kontinuierliche Verbesserung zu erreichen;<\/li>\n<li>Sensibilisierung der Mitarbeiter f\u00fcr ihre Verantwortung im Bereich der Informationssicherheit;<\/li>\n<li>Entwicklung einer in die Organisationskultur eingebetteten Kultur der Informationssicherheit.<\/li>\n<\/ul>\n<p>Alle Mitarbeiter sind verpflichtet, die Daten und Informationen, mit denen sie in Ber\u00fchrung kommen, sowie die ihnen zur Verf\u00fcgung gestellten technologischen Ressourcen auf effiziente, ethische und rechtm\u00e4\u00dfige Weise zu sch\u00fctzen. Manipulationen, Verst\u00f6\u00dfe, unbefugte Verbreitung oder Missbrauch von Informationen und damit verbundenen Ressourcen stellen ein schweres Fehlverhalten dar, das gegebenenfalls administrative, disziplinarische, vertragliche und rechtliche Sanktionen nach sich ziehen kann.<\/p>\n<p>Ich bin der Meinung, dass diese Politik durch mein pers\u00f6nliches Engagement und das aller Mitglieder von OPTIMA SOLUTIONS SERVICES SA, unabh\u00e4ngig von ihrer Position, kommuniziert, verstanden und durchgesetzt werden muss.<\/p>\n<p><strong>Generaldirektor Datum: 01.06.2025<\/strong><\/p>\n<p><strong>Ionescu Andrei-George<\/strong><\/p>","protected":false},"excerpt":{"rendered":"<p>\u00cen circumstan\u021bele \u0219i \u00een mediul de afaceri din prezent \u0219i mai ales \u00een viitor, securitatea datelor este esen\u021bial\u0103 pentru noi precum \u0219i pentru Clien\u021bii \u0219i partenerii no\u0219tri. De aceea ne angaj\u0103m s\u0103 protej\u0103m informa\u021biile noastre \u0219i ale Clien\u021bilor \u0219i partenerilor no\u0219tri, s\u0103 monitoriz\u0103m, s\u0103 evalu\u0103m \u0219i s\u0103 \u00eembun\u0103t\u0103\u021bim adecvarea \u0219i eficacitatea acestei protec\u021bii din punct [&hellip;]<\/p>\n","protected":false},"author":7,"featured_media":0,"parent":0,"menu_order":8,"comment_status":"closed","ping_status":"closed","template":"","meta":{"footnotes":""},"class_list":["post-10547","page","type-page","status-publish","hentry"],"yoast_head":"<!-- This site is optimized with the Yoast SEO Premium plugin v26.5 (Yoast SEO v26.5) - https:\/\/yoast.com\/wordpress\/plugins\/seo\/ -->\n<title>Politica \u00een domeniul securit\u0103\u021bii informa\u021biei | Optima<\/title>\n<meta name=\"description\" content=\"Ce presupune politica \u00een domeniul securit\u0103\u021bii informa\u021biei \u0219i cum poate fi implementat\u0103 eficient \u00eentr-o organiza\u021bie?\" \/>\n<meta name=\"robots\" content=\"noindex, nofollow\" \/>\n<meta property=\"og:locale\" content=\"de_DE\" \/>\n<meta property=\"og:type\" content=\"article\" \/>\n<meta property=\"og:title\" content=\"Politica \u00een domeniul securit\u0103\u021bii informa\u021biei\" \/>\n<meta property=\"og:description\" content=\"Ce presupune politica \u00een domeniul securit\u0103\u021bii informa\u021biei \u0219i cum poate fi implementat\u0103 eficient \u00eentr-o organiza\u021bie?\" \/>\n<meta property=\"og:url\" content=\"https:\/\/optimacall.ro\/de\/informationssicherheitspolitik\/\" \/>\n<meta property=\"og:site_name\" content=\"Optima\" \/>\n<meta property=\"article:publisher\" content=\"https:\/\/www.facebook.com\/optimacall4excellence\/\" \/>\n<meta property=\"article:modified_time\" content=\"2025-06-13T06:24:46+00:00\" \/>\n<meta property=\"og:image\" content=\"https:\/\/optimacall.ro\/wp-content\/uploads\/2024\/01\/ai-human-scaled.jpg\" \/>\n\t<meta property=\"og:image:width\" content=\"2560\" \/>\n\t<meta property=\"og:image:height\" content=\"1487\" \/>\n\t<meta property=\"og:image:type\" content=\"image\/jpeg\" \/>\n<meta name=\"twitter:card\" content=\"summary_large_image\" \/>\n<meta name=\"twitter:label1\" content=\"Gesch\u00e4tzte Lesezeit\" \/>\n\t<meta name=\"twitter:data1\" content=\"2\u00a0Minuten\" \/>\n<script type=\"application\/ld+json\" class=\"yoast-schema-graph\">{\"@context\":\"https:\/\/schema.org\",\"@graph\":[{\"@type\":\"WebPage\",\"@id\":\"https:\/\/optimacall.ro\/politica-in-domeniul-securitatii-informatiei\/\",\"url\":\"https:\/\/optimacall.ro\/politica-in-domeniul-securitatii-informatiei\/\",\"name\":\"Politica \u00een domeniul securit\u0103\u021bii informa\u021biei | Optima\",\"isPartOf\":{\"@id\":\"https:\/\/optimacall.ro\/#website\"},\"datePublished\":\"2025-06-13T06:06:18+00:00\",\"dateModified\":\"2025-06-13T06:24:46+00:00\",\"description\":\"Ce presupune politica \u00een domeniul securit\u0103\u021bii informa\u021biei \u0219i cum poate fi implementat\u0103 eficient \u00eentr-o organiza\u021bie?\",\"breadcrumb\":{\"@id\":\"https:\/\/optimacall.ro\/politica-in-domeniul-securitatii-informatiei\/#breadcrumb\"},\"inLanguage\":\"de\",\"potentialAction\":[{\"@type\":\"ReadAction\",\"target\":[\"https:\/\/optimacall.ro\/politica-in-domeniul-securitatii-informatiei\/\"]}]},{\"@type\":\"BreadcrumbList\",\"@id\":\"https:\/\/optimacall.ro\/politica-in-domeniul-securitatii-informatiei\/#breadcrumb\",\"itemListElement\":[{\"@type\":\"ListItem\",\"position\":1,\"name\":\"Optima\",\"item\":\"https:\/\/optimacall.ro\/\"},{\"@type\":\"ListItem\",\"position\":2,\"name\":\"Politica \u00een domeniul securit\u0103\u021bii informa\u021biei\"}]},{\"@type\":\"WebSite\",\"@id\":\"https:\/\/optimacall.ro\/#website\",\"url\":\"https:\/\/optimacall.ro\/\",\"name\":\"Optima\",\"description\":\"Solu\u021bii integrate de contact center \u0219i RPA\",\"publisher\":{\"@id\":\"https:\/\/optimacall.ro\/#organization\"},\"potentialAction\":[{\"@type\":\"SearchAction\",\"target\":{\"@type\":\"EntryPoint\",\"urlTemplate\":\"https:\/\/optimacall.ro\/?s={search_term_string}\"},\"query-input\":{\"@type\":\"PropertyValueSpecification\",\"valueRequired\":true,\"valueName\":\"search_term_string\"}}],\"inLanguage\":\"de\"},{\"@type\":[\"Organization\",\"Place\"],\"@id\":\"https:\/\/optimacall.ro\/#organization\",\"name\":\"Optima\",\"alternateName\":\"Optima Solutions Services\",\"url\":\"https:\/\/optimacall.ro\/\",\"logo\":{\"@id\":\"https:\/\/optimacall.ro\/politica-in-domeniul-securitatii-informatiei\/#local-main-organization-logo\"},\"image\":{\"@id\":\"https:\/\/optimacall.ro\/politica-in-domeniul-securitatii-informatiei\/#local-main-organization-logo\"},\"sameAs\":[\"https:\/\/www.facebook.com\/optimacall4excellence\/\"],\"description\":\"Call center cu servicii de outsourcing\",\"legalName\":\"Optima Solutions Services SRL\",\"foundingDate\":\"2010-10-10\",\"numberOfEmployees\":{\"@type\":\"QuantitativeValue\",\"minValue\":\"51\",\"maxValue\":\"200\"},\"openingHoursSpecification\":[{\"@type\":\"OpeningHoursSpecification\",\"dayOfWeek\":[\"Monday\",\"Tuesday\",\"Wednesday\",\"Thursday\",\"Friday\",\"Saturday\",\"Sunday\"],\"opens\":\"09:00\",\"closes\":\"17:00\"}]},{\"@type\":\"ImageObject\",\"inLanguage\":\"de\",\"@id\":\"https:\/\/optimacall.ro\/politica-in-domeniul-securitatii-informatiei\/#local-main-organization-logo\",\"url\":\"https:\/\/optimacall.ro\/wp-content\/uploads\/2024\/03\/cropped-cropped-logo-optima-rain.png\",\"contentUrl\":\"https:\/\/optimacall.ro\/wp-content\/uploads\/2024\/03\/cropped-cropped-logo-optima-rain.png\",\"width\":112,\"height\":112,\"caption\":\"Optima\"}]}<\/script>\n<!-- \/ Yoast SEO Premium plugin. -->","yoast_head_json":{"title":"Informationssicherheitspolitik | Optima","description":"Was ist eine Informationssicherheitspolitik und wie kann sie in einer Organisation wirksam umgesetzt werden?","robots":{"index":"noindex","follow":"nofollow"},"og_locale":"de_DE","og_type":"article","og_title":"Politica \u00een domeniul securit\u0103\u021bii informa\u021biei","og_description":"Ce presupune politica \u00een domeniul securit\u0103\u021bii informa\u021biei \u0219i cum poate fi implementat\u0103 eficient \u00eentr-o organiza\u021bie?","og_url":"https:\/\/optimacall.ro\/de\/informationssicherheitspolitik\/","og_site_name":"Optima","article_publisher":"https:\/\/www.facebook.com\/optimacall4excellence\/","article_modified_time":"2025-06-13T06:24:46+00:00","og_image":[{"width":2560,"height":1487,"url":"https:\/\/optimacall.ro\/wp-content\/uploads\/2024\/01\/ai-human-scaled.jpg","type":"image\/jpeg"}],"twitter_card":"summary_large_image","twitter_misc":{"Gesch\u00e4tzte Lesezeit":"2\u00a0Minuten"},"schema":{"@context":"https:\/\/schema.org","@graph":[{"@type":"WebPage","@id":"https:\/\/optimacall.ro\/politica-in-domeniul-securitatii-informatiei\/","url":"https:\/\/optimacall.ro\/politica-in-domeniul-securitatii-informatiei\/","name":"Informationssicherheitspolitik | Optima","isPartOf":{"@id":"https:\/\/optimacall.ro\/#website"},"datePublished":"2025-06-13T06:06:18+00:00","dateModified":"2025-06-13T06:24:46+00:00","description":"Was ist eine Informationssicherheitspolitik und wie kann sie in einer Organisation wirksam umgesetzt werden?","breadcrumb":{"@id":"https:\/\/optimacall.ro\/politica-in-domeniul-securitatii-informatiei\/#breadcrumb"},"inLanguage":"de","potentialAction":[{"@type":"ReadAction","target":["https:\/\/optimacall.ro\/politica-in-domeniul-securitatii-informatiei\/"]}]},{"@type":"BreadcrumbList","@id":"https:\/\/optimacall.ro\/politica-in-domeniul-securitatii-informatiei\/#breadcrumb","itemListElement":[{"@type":"ListItem","position":1,"name":"Optima","item":"https:\/\/optimacall.ro\/"},{"@type":"ListItem","position":2,"name":"Politica \u00een domeniul securit\u0103\u021bii informa\u021biei"}]},{"@type":"WebSite","@id":"https:\/\/optimacall.ro\/#website","url":"https:\/\/optimacall.ro\/","name":"Optima","description":"Integrierte L\u00f6sungen f\u00fcr Kontaktzentren und RPA","publisher":{"@id":"https:\/\/optimacall.ro\/#organization"},"potentialAction":[{"@type":"SearchAction","target":{"@type":"EntryPoint","urlTemplate":"https:\/\/optimacall.ro\/?s={search_term_string}"},"query-input":{"@type":"PropertyValueSpecification","valueRequired":true,"valueName":"search_term_string"}}],"inLanguage":"de"},{"@type":["Organization","Place"],"@id":"https:\/\/optimacall.ro\/#organization","name":"Optima","alternateName":"Optima Solutions Services","url":"https:\/\/optimacall.ro\/","logo":{"@id":"https:\/\/optimacall.ro\/politica-in-domeniul-securitatii-informatiei\/#local-main-organization-logo"},"image":{"@id":"https:\/\/optimacall.ro\/politica-in-domeniul-securitatii-informatiei\/#local-main-organization-logo"},"sameAs":["https:\/\/www.facebook.com\/optimacall4excellence\/"],"description":"Callcenter-Outsourcing-Dienstleistungen","legalName":"Optima Solutions Services SRL","foundingDate":"2010-10-10","numberOfEmployees":{"@type":"QuantitativeValue","minValue":"51","maxValue":"200"},"openingHoursSpecification":[{"@type":"OpeningHoursSpecification","dayOfWeek":["Monday","Tuesday","Wednesday","Thursday","Friday","Saturday","Sunday"],"opens":"09:00","closes":"17:00"}]},{"@type":"ImageObject","inLanguage":"de","@id":"https:\/\/optimacall.ro\/politica-in-domeniul-securitatii-informatiei\/#local-main-organization-logo","url":"https:\/\/optimacall.ro\/wp-content\/uploads\/2024\/03\/cropped-cropped-logo-optima-rain.png","contentUrl":"https:\/\/optimacall.ro\/wp-content\/uploads\/2024\/03\/cropped-cropped-logo-optima-rain.png","width":112,"height":112,"caption":"Optima"}]}},"_links":{"self":[{"href":"https:\/\/optimacall.ro\/de\/wp-json\/wp\/v2\/pages\/10547","targetHints":{"allow":["GET"]}}],"collection":[{"href":"https:\/\/optimacall.ro\/de\/wp-json\/wp\/v2\/pages"}],"about":[{"href":"https:\/\/optimacall.ro\/de\/wp-json\/wp\/v2\/types\/page"}],"author":[{"embeddable":true,"href":"https:\/\/optimacall.ro\/de\/wp-json\/wp\/v2\/users\/7"}],"replies":[{"embeddable":true,"href":"https:\/\/optimacall.ro\/de\/wp-json\/wp\/v2\/comments?post=10547"}],"version-history":[{"count":1,"href":"https:\/\/optimacall.ro\/de\/wp-json\/wp\/v2\/pages\/10547\/revisions"}],"predecessor-version":[{"id":10561,"href":"https:\/\/optimacall.ro\/de\/wp-json\/wp\/v2\/pages\/10547\/revisions\/10561"}],"wp:attachment":[{"href":"https:\/\/optimacall.ro\/de\/wp-json\/wp\/v2\/media?parent=10547"}],"curies":[{"name":"wp","href":"https:\/\/api.w.org\/{rel}","templated":true}]}}