{"id":800,"date":"2023-12-04T21:59:35","date_gmt":"2023-12-04T18:59:35","guid":{"rendered":"https:\/\/optimacall.ro\/?page_id=800"},"modified":"2024-10-28T12:28:13","modified_gmt":"2024-10-28T10:28:13","slug":"bedingungen-und-konditionen","status":"publish","type":"page","link":"https:\/\/optimacall.ro\/de\/bedingungen-und-konditionen\/","title":{"rendered":"Bedingungen und Konditionen"},"content":{"rendered":"<p>&nbsp;<\/p>\n<p>Die Website www.optimacall.ro unterliegt den nachstehend beschriebenen Bedingungen (\"Nutzungsbedingungen\"). Die Website www.optimacall.ro ist Eigentum von Optima Solutions Services mit Sitz in Bukarest, B-dul Dimitrie Pompei nr. 10A, Cladirea C1, 3. Stock, Sektor 2, eingetragen beim Handelsamt unter der Nr. J40\/9804\/2010, mit eindeutigem Registrierungscode 27516047 ___, Steuerattribut RO (\"OPTIMA\"), registriert bei der Nationalen Beh\u00f6rde f\u00fcr die Aufsicht \u00fcber die Verarbeitung personenbezogener Daten.<\/p>\n<p>Der Administrator der Website https:\/\/optimacall.ro\/ beh\u00e4lt sich das Recht vor, den Inhalt dieser Website sowie die Nutzungsbedingungen jederzeit und ohne vorherige Ank\u00fcndigung zu \u00e4ndern und zu aktualisieren.<\/p>\n<p><strong>1. ZUGANG<\/strong><\/p>\n<p>Der zul\u00e4ssige Zweck f\u00fcr die Nutzung von www.optimacall.ro ist es, Informationen \u00fcber die von Optima Solutions Services angebotenen Dienstleistungen zu erhalten. Eine Nutzung f\u00fcr andere Zwecke ist nicht gestattet.<br \/>\nOptima Solutions Services \u00fcbernimmt keine Verantwortung f\u00fcr die Sicherheit dieser Website oder Ihrer Kommunikation mit ihr.<\/p>\n<p><strong>1.2 BEZEICHNUNGEN<\/strong><\/p>\n<p>Der Begriff \"Nutzer\" von https:\/\/optimacall.ro\/ bezeichnet jede nat\u00fcrliche oder juristische Person, die auf diese Website zugreift.<\/p>\n<p><strong>2. URHEBERRECHT, WARENZEICHEN UND GEISTIGES EIGENTUM<\/strong><\/p>\n<p>Optima Solutions Services bietet kostenlosen Zugang zur Website https:\/\/optimacall.ro\/ und erm\u00e4chtigt Sie, die Informationen auf der Website https:\/\/optimacall.ro\/ einzusehen.<br \/>\nDas Urheberrecht f\u00fcr die Informationen auf dieser Website liegt ausschlie\u00dflich bei Optima Solutions Services. Kein Material auf dieser Website darf ohne vorherige schriftliche Genehmigung von Optima Solutions Services in Teilen, im Ganzen oder in ge\u00e4nderter Form reproduziert werden.<br \/>\nDer Inhalt von https:\/\/optimacall.ro\/, Logos, Texten, Bildern, Filmen und jeglichem anderen Material, das sich auf der Website befindet, ist durch das Urheberrecht gesch\u00fctzt und ist Eigentum von Optima Solutions Services oder seinen Lieferanten.<\/p>\n<p><strong>3. STREITBEILEGUNG :<\/strong><\/p>\n<p>F\u00fcr etwaige Rechtsstreitigkeiten im Zusammenhang mit https:\/\/optimacall.ro\/ sind die rum\u00e4nischen Gerichte des allgemeinen Rechts zust\u00e4ndig.<\/p>\n<p><strong>4. REGELN F\u00dcR DIE NUTZUNG<\/strong><\/p>\n<p>Nicht erlaubt:<br \/>\n- das Kopieren, Vervielf\u00e4ltigen, Verbreiten, Archivieren von Texten, Bildern, Filmen, die auf https:\/\/optimacall.ro\/ vorhanden sind, ohne vorherige schriftliche Zustimmung von Optima Solutions Services. Ein Versto\u00df gegen diese Regel zieht zivil- oder strafrechtliche Konsequenzen nach sich.<\/p>\n<p><strong>5. VERF\u00dcGBARKEIT DER DIENSTLEISTUNG<\/strong><\/p>\n<p>Optima Solutions Services beh\u00e4lt sich das Recht vor, den Inhalt der Website zu \u00e4ndern oder sogar die Verf\u00fcgbarkeit ohne vorherige Ank\u00fcndigung einzustellen. Optima Solutions Services haftet weder gegen\u00fcber dem Nutzer noch gegen\u00fcber einer dritten nat\u00fcrlichen oder juristischen Person oder Institution f\u00fcr die \u00c4nderung des Inhalts von https:\/\/optimacall.ro\/ oder f\u00fcr die Unterbrechung der Verf\u00fcgbarkeit von https:\/\/optimacall.ro\/.<br \/>\nDie Nutzungsbedingungen von https:\/\/optimacall.ro\/ k\u00f6nnen von Optima Solutions Services jederzeit ge\u00e4ndert werden, sie werden zum Zeitpunkt ihrer Ver\u00f6ffentlichung g\u00fcltig.<\/p>\n<p><strong>6. BEFREIUNG VON DER HAFTUNG<\/strong><\/p>\n<p>Indem Sie der Nutzung von https:\/\/optimacall.ro\/ zustimmen, erkl\u00e4ren Sie ausdr\u00fccklich und stillschweigend, dass Sie die folgenden Punkte verstanden haben und ihnen zustimmen:<br \/>\n- Die Nutzung von https:\/\/optimacall.ro\/ erfolgt auf eigene Gefahr. Optima Solutions Services lehnt ausdr\u00fccklich jegliche Haftung ab.<\/p>\n<p><strong>7. HAFTUNGSBESCHR\u00c4NKUNG<\/strong><\/p>\n<p>Optima Solutions Services haftet nicht f\u00fcr direkte oder indirekte Sch\u00e4den, die durch den Zugriff auf https:\/\/optimacall.ro\/ entstehen.<br \/>\nhttps:\/\/optimacall.ro\/ wird in dieser Form ohne weitere Garantien zur Verf\u00fcgung gestellt. Optima Solutions Services ist nicht und kann nicht f\u00fcr die Unangemessenheit, Nichtverf\u00fcgbarkeit oder andere M\u00e4ngel von https:\/\/optimacall.ro\/ oder dessen Inhalt verantwortlich gemacht werden.<\/p>\n<p><strong>8. VERTRAULICHKEIT UND PERS\u00d6NLICHE INFORMATIONEN<\/strong><\/p>\n<p>Die pers\u00f6nlichen Daten, die auf der Website von Optima Solutions Services zur Verf\u00fcgung gestellt werden, um bestimmte Dienstleistungen zu erhalten oder zu nutzen, sind durch das Gesetz 677\/2001 gesch\u00fctzt.<br \/>\nDurch das Ausf\u00fcllen der Felder in den Online-Registrierungsformularen erkl\u00e4ren sich die Nutzer damit einverstanden, dass Optima Solutions Services sie in Zukunft kontaktiert.<br \/>\nOptima Solutions Services ist nicht verantwortlich f\u00fcr Angriffe mit dem Ziel des Diebstahls oder Vandalismus, die zur Offenlegung oder Kompromittierung von Daten f\u00fchren k\u00f6nnten.<\/p>\n<p><strong>9. COOKIES-POLITIK<\/strong><\/p>\n<p>Cookies<br \/>\nWir verwenden Cookies, um die Benutzerfreundlichkeit und Funktionalit\u00e4t unserer Website zu verbessern und um besser zu verstehen, wie Besucher unsere Website und die von uns angebotenen Tools und Dienstleistungen nutzen.<\/p>\n<p>Die Speicherung von Cookies auf Ihrem Computer bietet uns eine einfache und bequeme M\u00f6glichkeit, Ihre Erfahrung auf unserer Website zu personalisieren oder zu verbessern und Ihren n\u00e4chsten Besuch angenehmer zu gestalten. Wenn Sie mehr \u00fcber die Cookie-Richtlinie von Optima Solutions Services und Ihre Rechte erfahren m\u00f6chten, besuchen Sie bitte den Abschnitt ''Optima Solutions Services Cookie-Richtlinie''.<\/p>","protected":false},"excerpt":{"rendered":"<p>&nbsp; Site-ul web www.optimacall.ro, este supus termenilor \u0219i condi\u021biilor (\u201eTermenii de utilizare\u201d) descrise mai jos. Site-ul web www.optimacall.ro este de\u021binut de Optima Solutions Services,\u00a0 avand sediul in Bucuresti, B-dul Dimitrie Pompei nr. 10A, Cladirea C1, etaj 3, sector 2 fiind inregistrata la Oficiul Comertului sub nr. J40\/9804\/2010, cu cod unic de inregistrare 27516047 ___, atribut [&hellip;]<\/p>\n","protected":false},"author":1,"featured_media":0,"parent":0,"menu_order":9,"comment_status":"closed","ping_status":"closed","template":"","meta":{"footnotes":""},"class_list":["post-800","page","type-page","status-publish","hentry"],"yoast_head":"<!-- This site is optimized with the Yoast SEO Premium plugin v26.5 (Yoast SEO v26.5) - https:\/\/yoast.com\/wordpress\/plugins\/seo\/ -->\n<title>Termeni \u0219i condi\u021bii | Optima<\/title>\n<meta name=\"robots\" content=\"noindex, nofollow\" \/>\n<meta property=\"og:locale\" content=\"de_DE\" \/>\n<meta property=\"og:type\" content=\"article\" \/>\n<meta property=\"og:title\" content=\"Termeni \u0219i condi\u021bii\" \/>\n<meta property=\"og:description\" content=\"&nbsp; Site-ul web www.optimacall.ro, este supus termenilor \u0219i condi\u021biilor (\u201eTermenii de utilizare\u201d) descrise mai jos. Site-ul web www.optimacall.ro este de\u021binut de Optima Solutions Services,\u00a0 avand sediul in Bucuresti, B-dul Dimitrie Pompei nr. 10A, Cladirea C1, etaj 3, sector 2 fiind inregistrata la Oficiul Comertului sub nr. J40\/9804\/2010, cu cod unic de inregistrare 27516047 ___, atribut [&hellip;]\" \/>\n<meta property=\"og:url\" content=\"https:\/\/optimacall.ro\/de\/bedingungen-und-konditionen\/\" \/>\n<meta property=\"og:site_name\" content=\"Optima\" \/>\n<meta property=\"article:publisher\" content=\"https:\/\/www.facebook.com\/optimacall4excellence\/\" \/>\n<meta property=\"article:modified_time\" content=\"2024-10-28T10:28:13+00:00\" \/>\n<meta property=\"og:image\" content=\"https:\/\/optimacall.ro\/wp-content\/uploads\/2024\/01\/ai-human-scaled.jpg\" \/>\n\t<meta property=\"og:image:width\" content=\"2560\" \/>\n\t<meta property=\"og:image:height\" content=\"1487\" \/>\n\t<meta property=\"og:image:type\" content=\"image\/jpeg\" \/>\n<meta name=\"twitter:card\" content=\"summary_large_image\" \/>\n<meta name=\"twitter:label1\" content=\"Gesch\u00e4tzte Lesezeit\" \/>\n\t<meta name=\"twitter:data1\" content=\"4\u00a0Minuten\" \/>\n<script type=\"application\/ld+json\" class=\"yoast-schema-graph\">{\"@context\":\"https:\/\/schema.org\",\"@graph\":[{\"@type\":\"WebPage\",\"@id\":\"https:\/\/optimacall.ro\/termeni-si-conditii\/\",\"url\":\"https:\/\/optimacall.ro\/termeni-si-conditii\/\",\"name\":\"Termeni \u0219i condi\u021bii | Optima\",\"isPartOf\":{\"@id\":\"https:\/\/optimacall.ro\/#website\"},\"datePublished\":\"2023-12-04T18:59:35+00:00\",\"dateModified\":\"2024-10-28T10:28:13+00:00\",\"breadcrumb\":{\"@id\":\"https:\/\/optimacall.ro\/termeni-si-conditii\/#breadcrumb\"},\"inLanguage\":\"de\",\"potentialAction\":[{\"@type\":\"ReadAction\",\"target\":[\"https:\/\/optimacall.ro\/termeni-si-conditii\/\"]}]},{\"@type\":\"BreadcrumbList\",\"@id\":\"https:\/\/optimacall.ro\/termeni-si-conditii\/#breadcrumb\",\"itemListElement\":[{\"@type\":\"ListItem\",\"position\":1,\"name\":\"Optima\",\"item\":\"https:\/\/optimacall.ro\/\"},{\"@type\":\"ListItem\",\"position\":2,\"name\":\"Termeni \u0219i condi\u021bii\"}]},{\"@type\":\"WebSite\",\"@id\":\"https:\/\/optimacall.ro\/#website\",\"url\":\"https:\/\/optimacall.ro\/\",\"name\":\"Optima\",\"description\":\"Solu\u021bii integrate de contact center \u0219i RPA\",\"publisher\":{\"@id\":\"https:\/\/optimacall.ro\/#organization\"},\"potentialAction\":[{\"@type\":\"SearchAction\",\"target\":{\"@type\":\"EntryPoint\",\"urlTemplate\":\"https:\/\/optimacall.ro\/?s={search_term_string}\"},\"query-input\":{\"@type\":\"PropertyValueSpecification\",\"valueRequired\":true,\"valueName\":\"search_term_string\"}}],\"inLanguage\":\"de\"},{\"@type\":[\"Organization\",\"Place\"],\"@id\":\"https:\/\/optimacall.ro\/#organization\",\"name\":\"Optima\",\"alternateName\":\"Optima Solutions Services\",\"url\":\"https:\/\/optimacall.ro\/\",\"logo\":{\"@id\":\"https:\/\/optimacall.ro\/termeni-si-conditii\/#local-main-organization-logo\"},\"image\":{\"@id\":\"https:\/\/optimacall.ro\/termeni-si-conditii\/#local-main-organization-logo\"},\"sameAs\":[\"https:\/\/www.facebook.com\/optimacall4excellence\/\"],\"description\":\"Call center cu servicii de outsourcing\",\"legalName\":\"Optima Solutions Services SRL\",\"foundingDate\":\"2010-10-10\",\"numberOfEmployees\":{\"@type\":\"QuantitativeValue\",\"minValue\":\"51\",\"maxValue\":\"200\"},\"openingHoursSpecification\":[{\"@type\":\"OpeningHoursSpecification\",\"dayOfWeek\":[\"Monday\",\"Tuesday\",\"Wednesday\",\"Thursday\",\"Friday\",\"Saturday\",\"Sunday\"],\"opens\":\"09:00\",\"closes\":\"17:00\"}]},{\"@type\":\"ImageObject\",\"inLanguage\":\"de\",\"@id\":\"https:\/\/optimacall.ro\/termeni-si-conditii\/#local-main-organization-logo\",\"url\":\"https:\/\/optimacall.ro\/wp-content\/uploads\/2024\/03\/cropped-cropped-logo-optima-rain.png\",\"contentUrl\":\"https:\/\/optimacall.ro\/wp-content\/uploads\/2024\/03\/cropped-cropped-logo-optima-rain.png\",\"width\":112,\"height\":112,\"caption\":\"Optima\"}]}<\/script>\n<!-- \/ Yoast SEO Premium plugin. -->","yoast_head_json":{"title":"Bedingungen und Konditionen | Optima","robots":{"index":"noindex","follow":"nofollow"},"og_locale":"de_DE","og_type":"article","og_title":"Termeni \u0219i condi\u021bii","og_description":"&nbsp; Site-ul web www.optimacall.ro, este supus termenilor \u0219i condi\u021biilor (\u201eTermenii de utilizare\u201d) descrise mai jos. Site-ul web www.optimacall.ro este de\u021binut de Optima Solutions Services,\u00a0 avand sediul in Bucuresti, B-dul Dimitrie Pompei nr. 10A, Cladirea C1, etaj 3, sector 2 fiind inregistrata la Oficiul Comertului sub nr. J40\/9804\/2010, cu cod unic de inregistrare 27516047 ___, atribut [&hellip;]","og_url":"https:\/\/optimacall.ro\/de\/bedingungen-und-konditionen\/","og_site_name":"Optima","article_publisher":"https:\/\/www.facebook.com\/optimacall4excellence\/","article_modified_time":"2024-10-28T10:28:13+00:00","og_image":[{"width":2560,"height":1487,"url":"https:\/\/optimacall.ro\/wp-content\/uploads\/2024\/01\/ai-human-scaled.jpg","type":"image\/jpeg"}],"twitter_card":"summary_large_image","twitter_misc":{"Gesch\u00e4tzte Lesezeit":"4\u00a0Minuten"},"schema":{"@context":"https:\/\/schema.org","@graph":[{"@type":"WebPage","@id":"https:\/\/optimacall.ro\/termeni-si-conditii\/","url":"https:\/\/optimacall.ro\/termeni-si-conditii\/","name":"Bedingungen und Konditionen | Optima","isPartOf":{"@id":"https:\/\/optimacall.ro\/#website"},"datePublished":"2023-12-04T18:59:35+00:00","dateModified":"2024-10-28T10:28:13+00:00","breadcrumb":{"@id":"https:\/\/optimacall.ro\/termeni-si-conditii\/#breadcrumb"},"inLanguage":"de","potentialAction":[{"@type":"ReadAction","target":["https:\/\/optimacall.ro\/termeni-si-conditii\/"]}]},{"@type":"BreadcrumbList","@id":"https:\/\/optimacall.ro\/termeni-si-conditii\/#breadcrumb","itemListElement":[{"@type":"ListItem","position":1,"name":"Optima","item":"https:\/\/optimacall.ro\/"},{"@type":"ListItem","position":2,"name":"Termeni \u0219i condi\u021bii"}]},{"@type":"WebSite","@id":"https:\/\/optimacall.ro\/#website","url":"https:\/\/optimacall.ro\/","name":"Optima","description":"Integrierte L\u00f6sungen f\u00fcr Kontaktzentren und RPA","publisher":{"@id":"https:\/\/optimacall.ro\/#organization"},"potentialAction":[{"@type":"SearchAction","target":{"@type":"EntryPoint","urlTemplate":"https:\/\/optimacall.ro\/?s={search_term_string}"},"query-input":{"@type":"PropertyValueSpecification","valueRequired":true,"valueName":"search_term_string"}}],"inLanguage":"de"},{"@type":["Organization","Place"],"@id":"https:\/\/optimacall.ro\/#organization","name":"Optima","alternateName":"Optima Solutions Services","url":"https:\/\/optimacall.ro\/","logo":{"@id":"https:\/\/optimacall.ro\/termeni-si-conditii\/#local-main-organization-logo"},"image":{"@id":"https:\/\/optimacall.ro\/termeni-si-conditii\/#local-main-organization-logo"},"sameAs":["https:\/\/www.facebook.com\/optimacall4excellence\/"],"description":"Callcenter-Outsourcing-Dienstleistungen","legalName":"Optima Solutions Services SRL","foundingDate":"2010-10-10","numberOfEmployees":{"@type":"QuantitativeValue","minValue":"51","maxValue":"200"},"openingHoursSpecification":[{"@type":"OpeningHoursSpecification","dayOfWeek":["Monday","Tuesday","Wednesday","Thursday","Friday","Saturday","Sunday"],"opens":"09:00","closes":"17:00"}]},{"@type":"ImageObject","inLanguage":"de","@id":"https:\/\/optimacall.ro\/termeni-si-conditii\/#local-main-organization-logo","url":"https:\/\/optimacall.ro\/wp-content\/uploads\/2024\/03\/cropped-cropped-logo-optima-rain.png","contentUrl":"https:\/\/optimacall.ro\/wp-content\/uploads\/2024\/03\/cropped-cropped-logo-optima-rain.png","width":112,"height":112,"caption":"Optima"}]}},"_links":{"self":[{"href":"https:\/\/optimacall.ro\/de\/wp-json\/wp\/v2\/pages\/800","targetHints":{"allow":["GET"]}}],"collection":[{"href":"https:\/\/optimacall.ro\/de\/wp-json\/wp\/v2\/pages"}],"about":[{"href":"https:\/\/optimacall.ro\/de\/wp-json\/wp\/v2\/types\/page"}],"author":[{"embeddable":true,"href":"https:\/\/optimacall.ro\/de\/wp-json\/wp\/v2\/users\/1"}],"replies":[{"embeddable":true,"href":"https:\/\/optimacall.ro\/de\/wp-json\/wp\/v2\/comments?post=800"}],"version-history":[{"count":1,"href":"https:\/\/optimacall.ro\/de\/wp-json\/wp\/v2\/pages\/800\/revisions"}],"predecessor-version":[{"id":9210,"href":"https:\/\/optimacall.ro\/de\/wp-json\/wp\/v2\/pages\/800\/revisions\/9210"}],"wp:attachment":[{"href":"https:\/\/optimacall.ro\/de\/wp-json\/wp\/v2\/media?parent=800"}],"curies":[{"name":"wp","href":"https:\/\/api.w.org\/{rel}","templated":true}]}}