{"id":10547,"date":"2025-06-13T09:06:18","date_gmt":"2025-06-13T06:06:18","guid":{"rendered":"https:\/\/optimacall.ro\/?page_id=10547"},"modified":"2025-06-13T09:24:46","modified_gmt":"2025-06-13T06:24:46","slug":"information-security-policy","status":"publish","type":"page","link":"https:\/\/optimacall.ro\/en\/information-security-policy\/","title":{"rendered":"Information security policy"},"content":{"rendered":"<p>In today's circumstances and business environment, and especially in the future, data security is essential for us as well as for our Customers and partners. That is why we are committed to protecting our information and that of our Clients and partners, to monitor, evaluate and improve the adequacy and effectiveness of this protection in terms of personnel, methods and assets, including hardware and software.<\/p>\n<p>We ensure the confidentiality, integrity and availability of OPTIMA SOLUTIONS SERVICES SA and Clients' information under conditions of compliance with legal, regulatory and other assumed information security requirements, as well as under conditions of ensuring the functionality and availability of information assets, including hardware and software.<\/p>\n<p>This is achieved by implementing and maintaining an information security system in accordance with ISO\/IEC 27001:2022.<\/p>\n<p>The main objectives in the field of information security are:<\/p>\n<ul>\n<li>Ensuring the confidentiality, integrity and availability of the information circulated within OPTIMA SOLUTIONS SERVICES SA, including that belonging to other stakeholders (e.g. customers, suppliers, employees);<\/li>\n<li>Protect against a large number of threats throughout the information lifecycle to ensure business continuity, minimize risks and maximize return on investment and business opportunities;<\/li>\n<li>Identify, analyze and address information security risks to prevent or reduce undesirable effects and to achieve continuous improvement;<\/li>\n<li>Raising employees' awareness of their information security responsibilities;<\/li>\n<li>Developing an information security culture embedded in the organizational culture.<\/li>\n<\/ul>\n<p>All employees have an obligation to protect the data and information with which they come into contact, as well as the technological resources allocated for their use, in an efficient, ethical and lawful manner. The tampering, breach, unauthorized disclosure or misuse of information and related resources constitutes serious misconduct that may result in administrative, disciplinary, contractual and legal sanctions where appropriate.<\/p>\n<p>I believe that this policy must be communicated, understood and enforced through my personal engagement and that of all members of OPTIMA SOLUTIONS SERVICES SA, regardless of position.<\/p>\n<p><strong>Director-General Date: 01.06.2025<\/strong><\/p>\n<p><strong>Ionescu Andrei-George<\/strong><\/p>","protected":false},"excerpt":{"rendered":"<p>\u00cen circumstan\u021bele \u0219i \u00een mediul de afaceri din prezent \u0219i mai ales \u00een viitor, securitatea datelor este esen\u021bial\u0103 pentru noi precum \u0219i pentru Clien\u021bii \u0219i partenerii no\u0219tri. De aceea ne angaj\u0103m s\u0103 protej\u0103m informa\u021biile noastre \u0219i ale Clien\u021bilor \u0219i partenerilor no\u0219tri, s\u0103 monitoriz\u0103m, s\u0103 evalu\u0103m \u0219i s\u0103 \u00eembun\u0103t\u0103\u021bim adecvarea \u0219i eficacitatea acestei protec\u021bii din punct [&hellip;]<\/p>\n","protected":false},"author":7,"featured_media":0,"parent":0,"menu_order":8,"comment_status":"closed","ping_status":"closed","template":"","meta":{"footnotes":""},"class_list":["post-10547","page","type-page","status-publish","hentry"],"yoast_head":"<!-- This site is optimized with the Yoast SEO Premium plugin v26.5 (Yoast SEO v26.5) - https:\/\/yoast.com\/wordpress\/plugins\/seo\/ -->\n<title>Politica \u00een domeniul securit\u0103\u021bii informa\u021biei | Optima<\/title>\n<meta name=\"description\" content=\"Ce presupune politica \u00een domeniul securit\u0103\u021bii informa\u021biei \u0219i cum poate fi implementat\u0103 eficient \u00eentr-o organiza\u021bie?\" \/>\n<meta name=\"robots\" content=\"noindex, nofollow\" \/>\n<meta property=\"og:locale\" content=\"en_US\" \/>\n<meta property=\"og:type\" content=\"article\" \/>\n<meta property=\"og:title\" content=\"Politica \u00een domeniul securit\u0103\u021bii informa\u021biei\" \/>\n<meta property=\"og:description\" content=\"Ce presupune politica \u00een domeniul securit\u0103\u021bii informa\u021biei \u0219i cum poate fi implementat\u0103 eficient \u00eentr-o organiza\u021bie?\" \/>\n<meta property=\"og:url\" content=\"https:\/\/optimacall.ro\/en\/information-security-policy\/\" \/>\n<meta property=\"og:site_name\" content=\"Optima\" \/>\n<meta property=\"article:publisher\" content=\"https:\/\/www.facebook.com\/optimacall4excellence\/\" \/>\n<meta property=\"article:modified_time\" content=\"2025-06-13T06:24:46+00:00\" \/>\n<meta property=\"og:image\" content=\"https:\/\/optimacall.ro\/wp-content\/uploads\/2024\/01\/ai-human-scaled.jpg\" \/>\n\t<meta property=\"og:image:width\" content=\"2560\" \/>\n\t<meta property=\"og:image:height\" content=\"1487\" \/>\n\t<meta property=\"og:image:type\" content=\"image\/jpeg\" \/>\n<meta name=\"twitter:card\" content=\"summary_large_image\" \/>\n<meta name=\"twitter:label1\" content=\"Est. reading time\" \/>\n\t<meta name=\"twitter:data1\" content=\"2 minutes\" \/>\n<script type=\"application\/ld+json\" class=\"yoast-schema-graph\">{\"@context\":\"https:\/\/schema.org\",\"@graph\":[{\"@type\":\"WebPage\",\"@id\":\"https:\/\/optimacall.ro\/politica-in-domeniul-securitatii-informatiei\/\",\"url\":\"https:\/\/optimacall.ro\/politica-in-domeniul-securitatii-informatiei\/\",\"name\":\"Politica \u00een domeniul securit\u0103\u021bii informa\u021biei | Optima\",\"isPartOf\":{\"@id\":\"https:\/\/optimacall.ro\/#website\"},\"datePublished\":\"2025-06-13T06:06:18+00:00\",\"dateModified\":\"2025-06-13T06:24:46+00:00\",\"description\":\"Ce presupune politica \u00een domeniul securit\u0103\u021bii informa\u021biei \u0219i cum poate fi implementat\u0103 eficient \u00eentr-o organiza\u021bie?\",\"breadcrumb\":{\"@id\":\"https:\/\/optimacall.ro\/politica-in-domeniul-securitatii-informatiei\/#breadcrumb\"},\"inLanguage\":\"en-US\",\"potentialAction\":[{\"@type\":\"ReadAction\",\"target\":[\"https:\/\/optimacall.ro\/politica-in-domeniul-securitatii-informatiei\/\"]}]},{\"@type\":\"BreadcrumbList\",\"@id\":\"https:\/\/optimacall.ro\/politica-in-domeniul-securitatii-informatiei\/#breadcrumb\",\"itemListElement\":[{\"@type\":\"ListItem\",\"position\":1,\"name\":\"Optima\",\"item\":\"https:\/\/optimacall.ro\/\"},{\"@type\":\"ListItem\",\"position\":2,\"name\":\"Politica \u00een domeniul securit\u0103\u021bii informa\u021biei\"}]},{\"@type\":\"WebSite\",\"@id\":\"https:\/\/optimacall.ro\/#website\",\"url\":\"https:\/\/optimacall.ro\/\",\"name\":\"Optima\",\"description\":\"Solu\u021bii integrate de contact center \u0219i RPA\",\"publisher\":{\"@id\":\"https:\/\/optimacall.ro\/#organization\"},\"potentialAction\":[{\"@type\":\"SearchAction\",\"target\":{\"@type\":\"EntryPoint\",\"urlTemplate\":\"https:\/\/optimacall.ro\/?s={search_term_string}\"},\"query-input\":{\"@type\":\"PropertyValueSpecification\",\"valueRequired\":true,\"valueName\":\"search_term_string\"}}],\"inLanguage\":\"en-US\"},{\"@type\":[\"Organization\",\"Place\"],\"@id\":\"https:\/\/optimacall.ro\/#organization\",\"name\":\"Optima\",\"alternateName\":\"Optima Solutions Services\",\"url\":\"https:\/\/optimacall.ro\/\",\"logo\":{\"@id\":\"https:\/\/optimacall.ro\/politica-in-domeniul-securitatii-informatiei\/#local-main-organization-logo\"},\"image\":{\"@id\":\"https:\/\/optimacall.ro\/politica-in-domeniul-securitatii-informatiei\/#local-main-organization-logo\"},\"sameAs\":[\"https:\/\/www.facebook.com\/optimacall4excellence\/\"],\"description\":\"Call center cu servicii de outsourcing\",\"legalName\":\"Optima Solutions Services SRL\",\"foundingDate\":\"2010-10-10\",\"numberOfEmployees\":{\"@type\":\"QuantitativeValue\",\"minValue\":\"51\",\"maxValue\":\"200\"},\"openingHoursSpecification\":[{\"@type\":\"OpeningHoursSpecification\",\"dayOfWeek\":[\"Monday\",\"Tuesday\",\"Wednesday\",\"Thursday\",\"Friday\",\"Saturday\",\"Sunday\"],\"opens\":\"09:00\",\"closes\":\"17:00\"}]},{\"@type\":\"ImageObject\",\"inLanguage\":\"en-US\",\"@id\":\"https:\/\/optimacall.ro\/politica-in-domeniul-securitatii-informatiei\/#local-main-organization-logo\",\"url\":\"https:\/\/optimacall.ro\/wp-content\/uploads\/2024\/03\/cropped-cropped-logo-optima-rain.png\",\"contentUrl\":\"https:\/\/optimacall.ro\/wp-content\/uploads\/2024\/03\/cropped-cropped-logo-optima-rain.png\",\"width\":112,\"height\":112,\"caption\":\"Optima\"}]}<\/script>\n<!-- \/ Yoast SEO Premium plugin. -->","yoast_head_json":{"title":"Information Security Policy | Optima","description":"What is information security policy and how can it be effectively implemented in an organization?","robots":{"index":"noindex","follow":"nofollow"},"og_locale":"en_US","og_type":"article","og_title":"Politica \u00een domeniul securit\u0103\u021bii informa\u021biei","og_description":"Ce presupune politica \u00een domeniul securit\u0103\u021bii informa\u021biei \u0219i cum poate fi implementat\u0103 eficient \u00eentr-o organiza\u021bie?","og_url":"https:\/\/optimacall.ro\/en\/information-security-policy\/","og_site_name":"Optima","article_publisher":"https:\/\/www.facebook.com\/optimacall4excellence\/","article_modified_time":"2025-06-13T06:24:46+00:00","og_image":[{"width":2560,"height":1487,"url":"https:\/\/optimacall.ro\/wp-content\/uploads\/2024\/01\/ai-human-scaled.jpg","type":"image\/jpeg"}],"twitter_card":"summary_large_image","twitter_misc":{"Est. reading time":"2 minutes"},"schema":{"@context":"https:\/\/schema.org","@graph":[{"@type":"WebPage","@id":"https:\/\/optimacall.ro\/politica-in-domeniul-securitatii-informatiei\/","url":"https:\/\/optimacall.ro\/politica-in-domeniul-securitatii-informatiei\/","name":"Information Security Policy | Optima","isPartOf":{"@id":"https:\/\/optimacall.ro\/#website"},"datePublished":"2025-06-13T06:06:18+00:00","dateModified":"2025-06-13T06:24:46+00:00","description":"What is information security policy and how can it be effectively implemented in an organization?","breadcrumb":{"@id":"https:\/\/optimacall.ro\/politica-in-domeniul-securitatii-informatiei\/#breadcrumb"},"inLanguage":"en-US","potentialAction":[{"@type":"ReadAction","target":["https:\/\/optimacall.ro\/politica-in-domeniul-securitatii-informatiei\/"]}]},{"@type":"BreadcrumbList","@id":"https:\/\/optimacall.ro\/politica-in-domeniul-securitatii-informatiei\/#breadcrumb","itemListElement":[{"@type":"ListItem","position":1,"name":"Optima","item":"https:\/\/optimacall.ro\/"},{"@type":"ListItem","position":2,"name":"Politica \u00een domeniul securit\u0103\u021bii informa\u021biei"}]},{"@type":"WebSite","@id":"https:\/\/optimacall.ro\/#website","url":"https:\/\/optimacall.ro\/","name":"Optima","description":"Integrated contact centre and RPA solutions","publisher":{"@id":"https:\/\/optimacall.ro\/#organization"},"potentialAction":[{"@type":"SearchAction","target":{"@type":"EntryPoint","urlTemplate":"https:\/\/optimacall.ro\/?s={search_term_string}"},"query-input":{"@type":"PropertyValueSpecification","valueRequired":true,"valueName":"search_term_string"}}],"inLanguage":"en-US"},{"@type":["Organization","Place"],"@id":"https:\/\/optimacall.ro\/#organization","name":"Optima","alternateName":"Optima Solutions Services","url":"https:\/\/optimacall.ro\/","logo":{"@id":"https:\/\/optimacall.ro\/politica-in-domeniul-securitatii-informatiei\/#local-main-organization-logo"},"image":{"@id":"https:\/\/optimacall.ro\/politica-in-domeniul-securitatii-informatiei\/#local-main-organization-logo"},"sameAs":["https:\/\/www.facebook.com\/optimacall4excellence\/"],"description":"Call center with outsourcing services","legalName":"Optima Solutions Services SRL","foundingDate":"2010-10-10","numberOfEmployees":{"@type":"QuantitativeValue","minValue":"51","maxValue":"200"},"openingHoursSpecification":[{"@type":"OpeningHoursSpecification","dayOfWeek":["Monday","Tuesday","Wednesday","Thursday","Friday","Saturday","Sunday"],"opens":"09:00","closes":"17:00"}]},{"@type":"ImageObject","inLanguage":"en-US","@id":"https:\/\/optimacall.ro\/politica-in-domeniul-securitatii-informatiei\/#local-main-organization-logo","url":"https:\/\/optimacall.ro\/wp-content\/uploads\/2024\/03\/cropped-cropped-logo-optima-rain.png","contentUrl":"https:\/\/optimacall.ro\/wp-content\/uploads\/2024\/03\/cropped-cropped-logo-optima-rain.png","width":112,"height":112,"caption":"Optima"}]}},"_links":{"self":[{"href":"https:\/\/optimacall.ro\/en\/wp-json\/wp\/v2\/pages\/10547","targetHints":{"allow":["GET"]}}],"collection":[{"href":"https:\/\/optimacall.ro\/en\/wp-json\/wp\/v2\/pages"}],"about":[{"href":"https:\/\/optimacall.ro\/en\/wp-json\/wp\/v2\/types\/page"}],"author":[{"embeddable":true,"href":"https:\/\/optimacall.ro\/en\/wp-json\/wp\/v2\/users\/7"}],"replies":[{"embeddable":true,"href":"https:\/\/optimacall.ro\/en\/wp-json\/wp\/v2\/comments?post=10547"}],"version-history":[{"count":1,"href":"https:\/\/optimacall.ro\/en\/wp-json\/wp\/v2\/pages\/10547\/revisions"}],"predecessor-version":[{"id":10561,"href":"https:\/\/optimacall.ro\/en\/wp-json\/wp\/v2\/pages\/10547\/revisions\/10561"}],"wp:attachment":[{"href":"https:\/\/optimacall.ro\/en\/wp-json\/wp\/v2\/media?parent=10547"}],"curies":[{"name":"wp","href":"https:\/\/api.w.org\/{rel}","templated":true}]}}