{"id":10550,"date":"2025-06-13T09:07:32","date_gmt":"2025-06-13T06:07:32","guid":{"rendered":"https:\/\/optimacall.ro\/?page_id=10550"},"modified":"2025-06-13T09:24:12","modified_gmt":"2025-06-13T06:24:12","slug":"quality-policy","status":"publish","type":"page","link":"https:\/\/optimacall.ro\/en\/quality-policy\/","title":{"rendered":"Quality policy"},"content":{"rendered":"<p>OPTIMA SOLUTIONS SERVICES SA considers quality as a priority for the services and products offered to its customers, but also for the internal process management.<\/p>\n<p>We are fully committed to establishing and achieving the quality standards required by the applicable regulations, and to being able to satisfy in all respects the applicable legal requirements and the specified requirements and reasonable expectations of our customers.<\/p>\n<p>This is achieved by implementing and maintaining a quality system in accordance with ISO 9001:2015.<\/p>\n<p>The main quality objectives are:<\/p>\n<ul>\n<li>Deliver products and services that fully and efficiently meet customer requirements.<\/li>\n<li>Maintaining the prestige of the organization.<\/li>\n<li>Steady sales growth through sustained and well-coordinated activities.<\/li>\n<li>Continuous focus on reducing non-compliances and complaints from relevant stakeholders.<\/li>\n<li>Continuous improvement of the quality management system.<\/li>\n<\/ul>\n<p>Each employee of the company is aware of his\/her responsibility and activities within the quality management system and is accountable for the quality of his\/her own activities in order to meet the requirements applicable to the activities within the organization.<\/p>\n<p>Management at the highest level is committed to providing the necessary infrastructure, working environment and resources to achieve the quality objectives, maintain and continuously improve the quality management system.<\/p>\n<p>I believe that this policy must be communicated, understood and enforced through my personal engagement and that of all members of OPTIMA SOLUTIONS SERVICES SA, regardless of position.<\/p>\n<p><strong>Director-General Date: 01.06.2025<\/strong><\/p>\n<p><strong>Ionescu Andrei-George<\/strong><\/p>","protected":false},"excerpt":{"rendered":"<p>OPTIMA SOLUTIONS SERVICES SA consider\u0103 calitatea ca fiind prioritar\u0103 pentru serviciile \u0219i produsele oferite clien\u021bilor s\u0103i, dar \u0219i pentru managementul intern al proceselor. Suntem total angaja\u0163i s\u0103 stabilim \u015fi s\u0103 atingem standardele de calitate cerute de normele \u00een vigoare, \u0219i s\u0103 fim capabili s\u0103 satisfacem sub toate aspectele, cerin\u021bele legale aplicabile \u0219i cerin\u0163ele specificate \u015fi [&hellip;]<\/p>\n","protected":false},"author":7,"featured_media":0,"parent":0,"menu_order":8,"comment_status":"closed","ping_status":"closed","template":"","meta":{"footnotes":""},"class_list":["post-10550","page","type-page","status-publish","hentry"],"yoast_head":"<!-- This site is optimized with the Yoast SEO Premium plugin v26.5 (Yoast SEO v26.5) - https:\/\/yoast.com\/wordpress\/plugins\/seo\/ -->\n<title>Politica \u00een domeniul calit\u0103\u021bii | Optima<\/title>\n<meta name=\"description\" content=\"De ce este important\u0103 implementarea unei politici in domeniul calit\u0103\u021bii pentru o companie ce activeaz\u0103 in pia\u021ba de outsourcing.\" \/>\n<meta name=\"robots\" content=\"noindex, nofollow\" \/>\n<meta property=\"og:locale\" content=\"en_US\" \/>\n<meta property=\"og:type\" content=\"article\" \/>\n<meta property=\"og:title\" content=\"Politica \u00een domeniul calit\u0103\u021bii\" \/>\n<meta property=\"og:description\" content=\"De ce este important\u0103 implementarea unei politici in domeniul calit\u0103\u021bii pentru o companie ce activeaz\u0103 in pia\u021ba de outsourcing.\" \/>\n<meta property=\"og:url\" content=\"https:\/\/optimacall.ro\/en\/quality-policy\/\" \/>\n<meta property=\"og:site_name\" content=\"Optima\" \/>\n<meta property=\"article:publisher\" content=\"https:\/\/www.facebook.com\/optimacall4excellence\/\" \/>\n<meta property=\"article:modified_time\" content=\"2025-06-13T06:24:12+00:00\" \/>\n<meta property=\"og:image\" content=\"https:\/\/optimacall.ro\/wp-content\/uploads\/2024\/01\/ai-human-scaled.jpg\" \/>\n\t<meta property=\"og:image:width\" content=\"2560\" \/>\n\t<meta property=\"og:image:height\" content=\"1487\" \/>\n\t<meta property=\"og:image:type\" content=\"image\/jpeg\" \/>\n<meta name=\"twitter:card\" content=\"summary_large_image\" \/>\n<meta name=\"twitter:label1\" content=\"Est. reading time\" \/>\n\t<meta name=\"twitter:data1\" content=\"2 minutes\" \/>\n<script type=\"application\/ld+json\" class=\"yoast-schema-graph\">{\"@context\":\"https:\/\/schema.org\",\"@graph\":[{\"@type\":\"WebPage\",\"@id\":\"https:\/\/optimacall.ro\/politica-in-domeniul-calitatii\/\",\"url\":\"https:\/\/optimacall.ro\/politica-in-domeniul-calitatii\/\",\"name\":\"Politica \u00een domeniul calit\u0103\u021bii | Optima\",\"isPartOf\":{\"@id\":\"https:\/\/optimacall.ro\/#website\"},\"datePublished\":\"2025-06-13T06:07:32+00:00\",\"dateModified\":\"2025-06-13T06:24:12+00:00\",\"description\":\"De ce este important\u0103 implementarea unei politici in domeniul calit\u0103\u021bii pentru o companie ce activeaz\u0103 in pia\u021ba de outsourcing.\",\"breadcrumb\":{\"@id\":\"https:\/\/optimacall.ro\/politica-in-domeniul-calitatii\/#breadcrumb\"},\"inLanguage\":\"en-US\",\"potentialAction\":[{\"@type\":\"ReadAction\",\"target\":[\"https:\/\/optimacall.ro\/politica-in-domeniul-calitatii\/\"]}]},{\"@type\":\"BreadcrumbList\",\"@id\":\"https:\/\/optimacall.ro\/politica-in-domeniul-calitatii\/#breadcrumb\",\"itemListElement\":[{\"@type\":\"ListItem\",\"position\":1,\"name\":\"Optima\",\"item\":\"https:\/\/optimacall.ro\/\"},{\"@type\":\"ListItem\",\"position\":2,\"name\":\"Politica \u00een domeniul calit\u0103\u021bii\"}]},{\"@type\":\"WebSite\",\"@id\":\"https:\/\/optimacall.ro\/#website\",\"url\":\"https:\/\/optimacall.ro\/\",\"name\":\"Optima\",\"description\":\"Solu\u021bii integrate de contact center \u0219i RPA\",\"publisher\":{\"@id\":\"https:\/\/optimacall.ro\/#organization\"},\"potentialAction\":[{\"@type\":\"SearchAction\",\"target\":{\"@type\":\"EntryPoint\",\"urlTemplate\":\"https:\/\/optimacall.ro\/?s={search_term_string}\"},\"query-input\":{\"@type\":\"PropertyValueSpecification\",\"valueRequired\":true,\"valueName\":\"search_term_string\"}}],\"inLanguage\":\"en-US\"},{\"@type\":[\"Organization\",\"Place\"],\"@id\":\"https:\/\/optimacall.ro\/#organization\",\"name\":\"Optima\",\"alternateName\":\"Optima Solutions Services\",\"url\":\"https:\/\/optimacall.ro\/\",\"logo\":{\"@id\":\"https:\/\/optimacall.ro\/politica-in-domeniul-calitatii\/#local-main-organization-logo\"},\"image\":{\"@id\":\"https:\/\/optimacall.ro\/politica-in-domeniul-calitatii\/#local-main-organization-logo\"},\"sameAs\":[\"https:\/\/www.facebook.com\/optimacall4excellence\/\"],\"description\":\"Call center cu servicii de outsourcing\",\"legalName\":\"Optima Solutions Services SRL\",\"foundingDate\":\"2010-10-10\",\"numberOfEmployees\":{\"@type\":\"QuantitativeValue\",\"minValue\":\"51\",\"maxValue\":\"200\"},\"openingHoursSpecification\":[{\"@type\":\"OpeningHoursSpecification\",\"dayOfWeek\":[\"Monday\",\"Tuesday\",\"Wednesday\",\"Thursday\",\"Friday\",\"Saturday\",\"Sunday\"],\"opens\":\"09:00\",\"closes\":\"17:00\"}]},{\"@type\":\"ImageObject\",\"inLanguage\":\"en-US\",\"@id\":\"https:\/\/optimacall.ro\/politica-in-domeniul-calitatii\/#local-main-organization-logo\",\"url\":\"https:\/\/optimacall.ro\/wp-content\/uploads\/2024\/03\/cropped-cropped-logo-optima-rain.png\",\"contentUrl\":\"https:\/\/optimacall.ro\/wp-content\/uploads\/2024\/03\/cropped-cropped-logo-optima-rain.png\",\"width\":112,\"height\":112,\"caption\":\"Optima\"}]}<\/script>\n<!-- \/ Yoast SEO Premium plugin. -->","yoast_head_json":{"title":"Quality policy | Optima","description":"Why implementing a quality policy is important for a company operating in the outsourcing market.","robots":{"index":"noindex","follow":"nofollow"},"og_locale":"en_US","og_type":"article","og_title":"Politica \u00een domeniul calit\u0103\u021bii","og_description":"De ce este important\u0103 implementarea unei politici in domeniul calit\u0103\u021bii pentru o companie ce activeaz\u0103 in pia\u021ba de outsourcing.","og_url":"https:\/\/optimacall.ro\/en\/quality-policy\/","og_site_name":"Optima","article_publisher":"https:\/\/www.facebook.com\/optimacall4excellence\/","article_modified_time":"2025-06-13T06:24:12+00:00","og_image":[{"width":2560,"height":1487,"url":"https:\/\/optimacall.ro\/wp-content\/uploads\/2024\/01\/ai-human-scaled.jpg","type":"image\/jpeg"}],"twitter_card":"summary_large_image","twitter_misc":{"Est. reading time":"2 minutes"},"schema":{"@context":"https:\/\/schema.org","@graph":[{"@type":"WebPage","@id":"https:\/\/optimacall.ro\/politica-in-domeniul-calitatii\/","url":"https:\/\/optimacall.ro\/politica-in-domeniul-calitatii\/","name":"Quality policy | Optima","isPartOf":{"@id":"https:\/\/optimacall.ro\/#website"},"datePublished":"2025-06-13T06:07:32+00:00","dateModified":"2025-06-13T06:24:12+00:00","description":"Why implementing a quality policy is important for a company operating in the outsourcing market.","breadcrumb":{"@id":"https:\/\/optimacall.ro\/politica-in-domeniul-calitatii\/#breadcrumb"},"inLanguage":"en-US","potentialAction":[{"@type":"ReadAction","target":["https:\/\/optimacall.ro\/politica-in-domeniul-calitatii\/"]}]},{"@type":"BreadcrumbList","@id":"https:\/\/optimacall.ro\/politica-in-domeniul-calitatii\/#breadcrumb","itemListElement":[{"@type":"ListItem","position":1,"name":"Optima","item":"https:\/\/optimacall.ro\/"},{"@type":"ListItem","position":2,"name":"Politica \u00een domeniul calit\u0103\u021bii"}]},{"@type":"WebSite","@id":"https:\/\/optimacall.ro\/#website","url":"https:\/\/optimacall.ro\/","name":"Optima","description":"Integrated contact centre and RPA solutions","publisher":{"@id":"https:\/\/optimacall.ro\/#organization"},"potentialAction":[{"@type":"SearchAction","target":{"@type":"EntryPoint","urlTemplate":"https:\/\/optimacall.ro\/?s={search_term_string}"},"query-input":{"@type":"PropertyValueSpecification","valueRequired":true,"valueName":"search_term_string"}}],"inLanguage":"en-US"},{"@type":["Organization","Place"],"@id":"https:\/\/optimacall.ro\/#organization","name":"Optima","alternateName":"Optima Solutions Services","url":"https:\/\/optimacall.ro\/","logo":{"@id":"https:\/\/optimacall.ro\/politica-in-domeniul-calitatii\/#local-main-organization-logo"},"image":{"@id":"https:\/\/optimacall.ro\/politica-in-domeniul-calitatii\/#local-main-organization-logo"},"sameAs":["https:\/\/www.facebook.com\/optimacall4excellence\/"],"description":"Call center with outsourcing services","legalName":"Optima Solutions Services SRL","foundingDate":"2010-10-10","numberOfEmployees":{"@type":"QuantitativeValue","minValue":"51","maxValue":"200"},"openingHoursSpecification":[{"@type":"OpeningHoursSpecification","dayOfWeek":["Monday","Tuesday","Wednesday","Thursday","Friday","Saturday","Sunday"],"opens":"09:00","closes":"17:00"}]},{"@type":"ImageObject","inLanguage":"en-US","@id":"https:\/\/optimacall.ro\/politica-in-domeniul-calitatii\/#local-main-organization-logo","url":"https:\/\/optimacall.ro\/wp-content\/uploads\/2024\/03\/cropped-cropped-logo-optima-rain.png","contentUrl":"https:\/\/optimacall.ro\/wp-content\/uploads\/2024\/03\/cropped-cropped-logo-optima-rain.png","width":112,"height":112,"caption":"Optima"}]}},"_links":{"self":[{"href":"https:\/\/optimacall.ro\/en\/wp-json\/wp\/v2\/pages\/10550","targetHints":{"allow":["GET"]}}],"collection":[{"href":"https:\/\/optimacall.ro\/en\/wp-json\/wp\/v2\/pages"}],"about":[{"href":"https:\/\/optimacall.ro\/en\/wp-json\/wp\/v2\/types\/page"}],"author":[{"embeddable":true,"href":"https:\/\/optimacall.ro\/en\/wp-json\/wp\/v2\/users\/7"}],"replies":[{"embeddable":true,"href":"https:\/\/optimacall.ro\/en\/wp-json\/wp\/v2\/comments?post=10550"}],"version-history":[{"count":1,"href":"https:\/\/optimacall.ro\/en\/wp-json\/wp\/v2\/pages\/10550\/revisions"}],"predecessor-version":[{"id":10560,"href":"https:\/\/optimacall.ro\/en\/wp-json\/wp\/v2\/pages\/10550\/revisions\/10560"}],"wp:attachment":[{"href":"https:\/\/optimacall.ro\/en\/wp-json\/wp\/v2\/media?parent=10550"}],"curies":[{"name":"wp","href":"https:\/\/api.w.org\/{rel}","templated":true}]}}