{"id":798,"date":"2023-12-04T21:58:45","date_gmt":"2023-12-04T18:58:45","guid":{"rendered":"https:\/\/optimacall.ro\/?page_id=798"},"modified":"2024-04-22T14:19:45","modified_gmt":"2024-04-22T12:19:45","slug":"politica-de-cookies","status":"publish","type":"page","link":"https:\/\/optimacall.ro\/es\/politica-de-cookies\/","title":{"rendered":"Pol\u00edtica de cookies"},"content":{"rendered":"<p>&nbsp;<\/p>\n<p>Esta es la Pol\u00edtica de Cookies de OPTIMA accesible desde https:\/\/optimacall.ro\/.<\/p>\n<p><strong>1. \u00bfQu\u00e9 son las cookies?<\/strong><\/p>\n<p>Este sitio web utiliza cookies (peque\u00f1os archivos que se descargan en su ordenador\/tel\u00e9fono\/tableta\/dispositivo para mejorar su experiencia). Esta p\u00e1gina describe la informaci\u00f3n que recopilamos, c\u00f3mo la utilizamos y por qu\u00e9 a veces necesitamos almacenar estas cookies. Tambi\u00e9n le indicaremos c\u00f3mo puede evitar que se almacenen estas cookies; sin embargo, esta acci\u00f3n puede disminuir ciertos elementos de la funcionalidad del sitio.<\/p>\n<p><strong>2. \u00bfC\u00f3mo utilizamos las cookies?<\/strong><\/p>\n<p>Utilizamos la informaci\u00f3n generada por las cookies por diversas razones que se detallan en los p\u00e1rrafos siguientes. Lamentablemente, en la mayor\u00eda de los casos, no existen opciones est\u00e1ndar para desactivar las cookies sin inhabilitar por completo la funcionalidad y las caracter\u00edsticas que a\u00f1aden a nuestro sitio. Se recomienda dejar habilitadas todas las cookies aunque no est\u00e9 seguro de necesitarlas, ya que pueden utilizarse para prestar un servicio que usted est\u00e9 utilizando.<\/p>\n<p><strong>3. Deshabilitar cookies<\/strong><br \/>\nPuede evitar que se instalen cookies ajustando la configuraci\u00f3n de su navegador. (Tenga en cuenta que desactivar las cookies afectar\u00e1 a la funcionalidad de este sitio y de muchos otros que visite. Deshabilitar las cookies normalmente inhabilitar\u00e1 ciertas funciones de este sitio. Por lo tanto, le recomendamos que no desactive las cookies.<\/p>\n<p><strong>4. Control de cookies<\/strong><\/p>\n<p>La forma en que se utilizan las cookies puede controlarse desde el navegador que utilice.<br \/>\nGoogle Chrome<\/p>\n<p>- Haga clic en el bot\u00f3n de men\u00fa. \u00c9ste se encuentra en la parte superior derecha (arriba) de la ventana del navegador.<br \/>\n- Seleccione la secci\u00f3n \"Ajustes<br \/>\n- Seleccione \"Mostrar configuraci\u00f3n avanzada\".<br \/>\n- Vaya a \"Protecci\u00f3n de datos\" y seleccione \"Configuraci\u00f3n de contenidos\".<br \/>\n- Aqu\u00ed encontrar\u00e1s la secci\u00f3n \"Permitir la configuraci\u00f3n de datos locales\".<\/p>\n<p>Si desea saber c\u00f3mo impedir que los sitios web utilicen cookies para recordar los sitios que visita, siga este enlace:<br \/>\nhttps:\/\/support.google.com\/chrome\/answer\/95647?hl=en-GB<\/p>\n<p>Mozilla Firefox<\/p>\n<p>- Haga clic en el bot\u00f3n de men\u00fa. \u00c9ste se encuentra en la parte superior derecha (arriba) de la ventana del navegador.<br \/>\n- Seleccione la secci\u00f3n \"Opciones<br \/>\n- Seleccione el icono \"Protecci\u00f3n de datos\".<br \/>\n- Seleccione la opci\u00f3n \"Cookies<br \/>\n- Aqu\u00ed encontrar\u00e1 la secci\u00f3n \"Permitir que los sitios establezcan cookies\".<\/p>\n<p>Si desea saber c\u00f3mo impedir que los sitios web utilicen cookies para recordar los sitios que visita, siga este enlace:<br \/>\nhttps:\/\/support.mozilla.org\/en-US\/kb\/how-do-i-turn-do-not-track-feature<\/p>\n<p>Microsoft Internet Explorer 11<\/p>\n<p>- Haga clic en el icono \"Configuraci\u00f3n\" (s\u00edmbolo de rueda dentada) situado en la parte superior derecha de la ventana.<br \/>\n- Ir a \"Opciones de Internet<br \/>\n- Haga clic en la secci\u00f3n \"Protecci\u00f3n de datos<br \/>\n- Ajuste el nivel de protecci\u00f3n de datos a \"Medio\" o inferior.<br \/>\nSi desea saber c\u00f3mo impedir que los sitios web utilicen cookies para recordar los sitios que visita, siga este enlace:<\/p>\n<p>https:\/\/support.microsoft.com\/en-us\/products\/internet-explorer#ie=ie-11<\/p>\n<p>\u00d3pera<\/p>\n<p>- Haga clic en \"Herramientas\" en la barra de men\u00fa<br \/>\n- Haga clic en la secci\u00f3n \"Preferencias<br \/>\n- Abrir la pesta\u00f1a \"Avances<br \/>\n- Haga clic en \"Cookies\".<\/p>\n<p>Si desea saber c\u00f3mo impedir que los sitios web utilicen cookies para recordar los sitios que visita, siga este enlace:<br \/>\nhttps:\/\/www.opera.com\/help\/tutorials\/security\/privacy\/<\/p>\n<p>Safari en OX X<\/p>\n<p>- Haga clic en \"Safari\" (arriba a la derecha)<br \/>\n- Seleccione la opci\u00f3n \"Favoritos<br \/>\n- Ir a \"Protecci\u00f3n de datos<br \/>\n- Seleccione \"Permitir desde sitios web que visito\"<\/p>\n<p>Si desea saber c\u00f3mo impedir que los sitios web utilicen cookies para recordar los sitios que visita, siga este enlace:<\/p>\n<p>https:\/\/support.apple.com\/kb\/PH19214?viewlocale=en_US&#038;locale=en_US<\/p>\n<p><strong>5. Tipos de cookies utilizadas<\/strong><\/p>\n<p>Cookies relacionadas con formularios de contacto<\/p>\n<p>Cuando usted env\u00eda datos a un formulario, como los que se encuentran en las p\u00e1ginas de contacto o en los formularios de comentarios, pueden instalarse cookies para recordar sus datos de usuario para futuras correspondencias.<\/p>\n<p>Cookies para configurar las preferencias del sitio<\/p>\n<p>Para ofrecerle una experiencia excelente en este sitio, le ofrecemos la posibilidad de establecer preferencias sobre el funcionamiento del mismo cuando lo utilice. Con el fin de recordar sus preferencias, debe configurar las cookies para que esta informaci\u00f3n pueda ser llamada cada vez que interact\u00fae con una p\u00e1gina configurada de acuerdo con sus preferencias.<\/p>\n<p><strong>6. Cookies de terceros<\/strong><\/p>\n<p>En algunos casos especiales, tambi\u00e9n utilizamos cookies proporcionadas por terceros de confianza. En la siguiente secci\u00f3n se detalla qu\u00e9 cookies de terceros puede encontrar a trav\u00e9s de este sitio web.<br \/>\n- Este sitio utiliza Google Analytics, una de las soluciones anal\u00edticas m\u00e1s utilizadas y fiables de la web, para ayudarnos a comprender c\u00f3mo utiliza el sitio y c\u00f3mo podemos mejorar su experiencia. Estas cookies pueden rastrear aspectos como el tiempo que pasa en el sitio y las p\u00e1ginas que visita para que podamos seguir produciendo contenidos interesantes.<br \/>\n- Los an\u00e1lisis de terceros se utilizan para rastrear y medir el uso de este sitio, de modo que podamos seguir produciendo contenidos interesantes. Estas cookies pueden rastrear aspectos como el tiempo que pasa en el sitio o las p\u00e1ginas que visita, lo que nos ayuda a entender c\u00f3mo podemos mejorar el sitio para usted.<br \/>\n- De vez en cuando probamos nuevas funciones e introducimos cambios sutiles en el funcionamiento del sitio. Cuando probamos nuevas funciones, estas cookies pueden utilizarse para garantizar una experiencia coherente en el sitio y asegurarnos de que entendemos qu\u00e9 optimizaciones valoran m\u00e1s nuestros usuarios.<br \/>\n- Utilizamos anuncios para compensar los costes de funcionamiento de este sitio y proporcionar financiaci\u00f3n para su desarrollo futuro. Las cookies de publicidad comportamental utilizadas por este sitio est\u00e1n dise\u00f1adas para garantizar que le proporcionamos los anuncios m\u00e1s relevantes siempre que sea posible mediante el seguimiento an\u00f3nimo de intereses y mostrando cosas similares que puedan ser de su inter\u00e9s.<br \/>\n- Tambi\u00e9n utilizamos botones y\/o plugins de redes sociales en este sitio que le permiten conectarse con su red social de diversas maneras. Para que funcionen, los siguientes sitios de redes sociales instalar\u00e1n cookies a trav\u00e9s de nuestro sitio, que pueden utilizarse para mejorar su perfil en su sitio o para contribuir a los datos que poseen para diversos fines descritos en su pol\u00edtica de privacidad.<\/p>\n<p><strong>7. 7. Enlaces \u00fatiles<\/strong><\/p>\n<p>Si desea obtener m\u00e1s informaci\u00f3n sobre las cookies y para qu\u00e9 se utilizan, le recomendamos los siguientes enlaces:<br \/>\nGu\u00eda de cookies de Microsoft: https:\/\/www.microsoft.com\/en-us\/errorpages\/smarterror.aspx<br \/>\nTodo sobre las cookies: http:\/\/www.allaboutcookies.org\/<br \/>\nhttp:\/\/www.youronlinechoices.com\/ro\/<\/p>\n<p><strong>8. Para m\u00e1s informaci\u00f3n<\/strong><\/p>\n<p>Esperamos haberle presentado la informaci\u00f3n que necesita y, como hemos mencionado anteriormente, si hay algo que no est\u00e1 seguro de si necesita o no, lo mejor es dejar las cookies activadas si no est\u00e1 interactuando con una de las funciones que utiliza en nuestro sitio.<br \/>\nNo obstante, si desea m\u00e1s informaci\u00f3n, puede ponerse en contacto con nosotros a trav\u00e9s de uno de sus m\u00e9todos de contacto favoritos:<br \/>\n- Correo electr\u00f3nico:\u00a0<a href=\"mailto:contact@optimacall.ro\">contact@optimacall.ro<\/a><br \/>\n- Siguiendo el enlace:\u00a0<a href=\"https:\/\/optimacall.ro\/es\">https:\/\/optimacall.ro\/wp<\/a><br \/>\n- Tel\u00e9fono: 40 213 001 945<\/p>","protected":false},"excerpt":{"rendered":"<p>&nbsp; Aceasta este Politica Cookie pentru OPTIMA accesibila din https:\/\/optimacall.ro\/. 1. Ce sunt Cookie-urile? Acest site utilizeaz\u0103 module cookie (fi\u0219iere mici care sunt desc\u0103rcate pe computer-ul\/telefonul\/tableta\/device-ul t\u0103u, cu scopul de a-\u021bi \u00eembun\u0103t\u0103\u021bi experien\u021ba). Aceast\u0103 pagin\u0103 descrie informa\u021biile pe care le colecteaz\u0103, modul \u00een care o folosim \u0219i de ce uneori trebuie s\u0103 stoc\u0103m aceste cookie-uri. [&hellip;]<\/p>\n","protected":false},"author":1,"featured_media":0,"parent":0,"menu_order":10,"comment_status":"closed","ping_status":"closed","template":"","meta":{"footnotes":""},"class_list":["post-798","page","type-page","status-publish","hentry"],"yoast_head":"<!-- This site is optimized with the Yoast SEO Premium plugin v26.5 (Yoast SEO v26.5) - https:\/\/yoast.com\/wordpress\/plugins\/seo\/ -->\n<title>Politica Cookie | Optima<\/title>\n<meta name=\"robots\" content=\"noindex, nofollow\" \/>\n<meta property=\"og:locale\" content=\"es_ES\" \/>\n<meta property=\"og:type\" content=\"article\" \/>\n<meta property=\"og:title\" content=\"Politica Cookie\" \/>\n<meta property=\"og:description\" content=\"&nbsp; Aceasta este Politica Cookie pentru OPTIMA accesibila din https:\/\/optimacall.ro\/. 1. Ce sunt Cookie-urile? Acest site utilizeaz\u0103 module cookie (fi\u0219iere mici care sunt desc\u0103rcate pe computer-ul\/telefonul\/tableta\/device-ul t\u0103u, cu scopul de a-\u021bi \u00eembun\u0103t\u0103\u021bi experien\u021ba). Aceast\u0103 pagin\u0103 descrie informa\u021biile pe care le colecteaz\u0103, modul \u00een care o folosim \u0219i de ce uneori trebuie s\u0103 stoc\u0103m aceste cookie-uri. [&hellip;]\" \/>\n<meta property=\"og:url\" content=\"https:\/\/optimacall.ro\/es\/politica-de-cookies\/\" \/>\n<meta property=\"og:site_name\" content=\"Optima\" \/>\n<meta property=\"article:publisher\" content=\"https:\/\/www.facebook.com\/optimacall4excellence\/\" \/>\n<meta property=\"article:modified_time\" content=\"2024-04-22T12:19:45+00:00\" \/>\n<meta property=\"og:image\" content=\"https:\/\/optimacall.ro\/wp-content\/uploads\/2024\/01\/ai-human-scaled.jpg\" \/>\n\t<meta property=\"og:image:width\" content=\"2560\" \/>\n\t<meta property=\"og:image:height\" content=\"1487\" \/>\n\t<meta property=\"og:image:type\" content=\"image\/jpeg\" \/>\n<meta name=\"twitter:card\" content=\"summary_large_image\" \/>\n<meta name=\"twitter:label1\" content=\"Tiempo de lectura\" \/>\n\t<meta name=\"twitter:data1\" content=\"6 minutos\" \/>\n<script type=\"application\/ld+json\" class=\"yoast-schema-graph\">{\"@context\":\"https:\/\/schema.org\",\"@graph\":[{\"@type\":\"WebPage\",\"@id\":\"https:\/\/optimacall.ro\/politica-cookie\/\",\"url\":\"https:\/\/optimacall.ro\/politica-cookie\/\",\"name\":\"Politica Cookie | Optima\",\"isPartOf\":{\"@id\":\"https:\/\/optimacall.ro\/#website\"},\"datePublished\":\"2023-12-04T18:58:45+00:00\",\"dateModified\":\"2024-04-22T12:19:45+00:00\",\"breadcrumb\":{\"@id\":\"https:\/\/optimacall.ro\/politica-cookie\/#breadcrumb\"},\"inLanguage\":\"es\",\"potentialAction\":[{\"@type\":\"ReadAction\",\"target\":[\"https:\/\/optimacall.ro\/politica-cookie\/\"]}]},{\"@type\":\"BreadcrumbList\",\"@id\":\"https:\/\/optimacall.ro\/politica-cookie\/#breadcrumb\",\"itemListElement\":[{\"@type\":\"ListItem\",\"position\":1,\"name\":\"Optima\",\"item\":\"https:\/\/optimacall.ro\/\"},{\"@type\":\"ListItem\",\"position\":2,\"name\":\"Politica Cookie\"}]},{\"@type\":\"WebSite\",\"@id\":\"https:\/\/optimacall.ro\/#website\",\"url\":\"https:\/\/optimacall.ro\/\",\"name\":\"Optima\",\"description\":\"Solu\u021bii integrate de contact center \u0219i RPA\",\"publisher\":{\"@id\":\"https:\/\/optimacall.ro\/#organization\"},\"potentialAction\":[{\"@type\":\"SearchAction\",\"target\":{\"@type\":\"EntryPoint\",\"urlTemplate\":\"https:\/\/optimacall.ro\/?s={search_term_string}\"},\"query-input\":{\"@type\":\"PropertyValueSpecification\",\"valueRequired\":true,\"valueName\":\"search_term_string\"}}],\"inLanguage\":\"es\"},{\"@type\":[\"Organization\",\"Place\"],\"@id\":\"https:\/\/optimacall.ro\/#organization\",\"name\":\"Optima\",\"alternateName\":\"Optima Solutions Services\",\"url\":\"https:\/\/optimacall.ro\/\",\"logo\":{\"@id\":\"https:\/\/optimacall.ro\/politica-cookie\/#local-main-organization-logo\"},\"image\":{\"@id\":\"https:\/\/optimacall.ro\/politica-cookie\/#local-main-organization-logo\"},\"sameAs\":[\"https:\/\/www.facebook.com\/optimacall4excellence\/\"],\"description\":\"Call center cu servicii de outsourcing\",\"legalName\":\"Optima Solutions Services SRL\",\"foundingDate\":\"2010-10-10\",\"numberOfEmployees\":{\"@type\":\"QuantitativeValue\",\"minValue\":\"51\",\"maxValue\":\"200\"},\"openingHoursSpecification\":[{\"@type\":\"OpeningHoursSpecification\",\"dayOfWeek\":[\"Monday\",\"Tuesday\",\"Wednesday\",\"Thursday\",\"Friday\",\"Saturday\",\"Sunday\"],\"opens\":\"09:00\",\"closes\":\"17:00\"}]},{\"@type\":\"ImageObject\",\"inLanguage\":\"es\",\"@id\":\"https:\/\/optimacall.ro\/politica-cookie\/#local-main-organization-logo\",\"url\":\"https:\/\/optimacall.ro\/wp-content\/uploads\/2024\/03\/cropped-cropped-logo-optima-rain.png\",\"contentUrl\":\"https:\/\/optimacall.ro\/wp-content\/uploads\/2024\/03\/cropped-cropped-logo-optima-rain.png\",\"width\":112,\"height\":112,\"caption\":\"Optima\"}]}<\/script>\n<!-- \/ Yoast SEO Premium plugin. -->","yoast_head_json":{"title":"Pol\u00edtica de cookies | Optima","robots":{"index":"noindex","follow":"nofollow"},"og_locale":"es_ES","og_type":"article","og_title":"Politica Cookie","og_description":"&nbsp; Aceasta este Politica Cookie pentru OPTIMA accesibila din https:\/\/optimacall.ro\/. 1. Ce sunt Cookie-urile? Acest site utilizeaz\u0103 module cookie (fi\u0219iere mici care sunt desc\u0103rcate pe computer-ul\/telefonul\/tableta\/device-ul t\u0103u, cu scopul de a-\u021bi \u00eembun\u0103t\u0103\u021bi experien\u021ba). Aceast\u0103 pagin\u0103 descrie informa\u021biile pe care le colecteaz\u0103, modul \u00een care o folosim \u0219i de ce uneori trebuie s\u0103 stoc\u0103m aceste cookie-uri. [&hellip;]","og_url":"https:\/\/optimacall.ro\/es\/politica-de-cookies\/","og_site_name":"Optima","article_publisher":"https:\/\/www.facebook.com\/optimacall4excellence\/","article_modified_time":"2024-04-22T12:19:45+00:00","og_image":[{"width":2560,"height":1487,"url":"https:\/\/optimacall.ro\/wp-content\/uploads\/2024\/01\/ai-human-scaled.jpg","type":"image\/jpeg"}],"twitter_card":"summary_large_image","twitter_misc":{"Tiempo de lectura":"6 minutos"},"schema":{"@context":"https:\/\/schema.org","@graph":[{"@type":"WebPage","@id":"https:\/\/optimacall.ro\/politica-cookie\/","url":"https:\/\/optimacall.ro\/politica-cookie\/","name":"Pol\u00edtica de cookies | Optima","isPartOf":{"@id":"https:\/\/optimacall.ro\/#website"},"datePublished":"2023-12-04T18:58:45+00:00","dateModified":"2024-04-22T12:19:45+00:00","breadcrumb":{"@id":"https:\/\/optimacall.ro\/politica-cookie\/#breadcrumb"},"inLanguage":"es","potentialAction":[{"@type":"ReadAction","target":["https:\/\/optimacall.ro\/politica-cookie\/"]}]},{"@type":"BreadcrumbList","@id":"https:\/\/optimacall.ro\/politica-cookie\/#breadcrumb","itemListElement":[{"@type":"ListItem","position":1,"name":"Optima","item":"https:\/\/optimacall.ro\/"},{"@type":"ListItem","position":2,"name":"Politica Cookie"}]},{"@type":"WebSite","@id":"https:\/\/optimacall.ro\/#website","url":"https:\/\/optimacall.ro\/","name":"Optima","description":"Soluciones integradas de Contact Center y RPA","publisher":{"@id":"https:\/\/optimacall.ro\/#organization"},"potentialAction":[{"@type":"SearchAction","target":{"@type":"EntryPoint","urlTemplate":"https:\/\/optimacall.ro\/?s={search_term_string}"},"query-input":{"@type":"PropertyValueSpecification","valueRequired":true,"valueName":"search_term_string"}}],"inLanguage":"es"},{"@type":["Organization","Place"],"@id":"https:\/\/optimacall.ro\/#organization","name":"Optima","alternateName":"Optima Solutions Services","url":"https:\/\/optimacall.ro\/","logo":{"@id":"https:\/\/optimacall.ro\/politica-cookie\/#local-main-organization-logo"},"image":{"@id":"https:\/\/optimacall.ro\/politica-cookie\/#local-main-organization-logo"},"sameAs":["https:\/\/www.facebook.com\/optimacall4excellence\/"],"description":"Servicios de externalizaci\u00f3n de centros de llamadas","legalName":"Optima Solutions Services SRL","foundingDate":"2010-10-10","numberOfEmployees":{"@type":"QuantitativeValue","minValue":"51","maxValue":"200"},"openingHoursSpecification":[{"@type":"OpeningHoursSpecification","dayOfWeek":["Monday","Tuesday","Wednesday","Thursday","Friday","Saturday","Sunday"],"opens":"09:00","closes":"17:00"}]},{"@type":"ImageObject","inLanguage":"es","@id":"https:\/\/optimacall.ro\/politica-cookie\/#local-main-organization-logo","url":"https:\/\/optimacall.ro\/wp-content\/uploads\/2024\/03\/cropped-cropped-logo-optima-rain.png","contentUrl":"https:\/\/optimacall.ro\/wp-content\/uploads\/2024\/03\/cropped-cropped-logo-optima-rain.png","width":112,"height":112,"caption":"Optima"}]}},"_links":{"self":[{"href":"https:\/\/optimacall.ro\/es\/wp-json\/wp\/v2\/pages\/798","targetHints":{"allow":["GET"]}}],"collection":[{"href":"https:\/\/optimacall.ro\/es\/wp-json\/wp\/v2\/pages"}],"about":[{"href":"https:\/\/optimacall.ro\/es\/wp-json\/wp\/v2\/types\/page"}],"author":[{"embeddable":true,"href":"https:\/\/optimacall.ro\/es\/wp-json\/wp\/v2\/users\/1"}],"replies":[{"embeddable":true,"href":"https:\/\/optimacall.ro\/es\/wp-json\/wp\/v2\/comments?post=798"}],"version-history":[{"count":1,"href":"https:\/\/optimacall.ro\/es\/wp-json\/wp\/v2\/pages\/798\/revisions"}],"predecessor-version":[{"id":6689,"href":"https:\/\/optimacall.ro\/es\/wp-json\/wp\/v2\/pages\/798\/revisions\/6689"}],"wp:attachment":[{"href":"https:\/\/optimacall.ro\/es\/wp-json\/wp\/v2\/media?parent=798"}],"curies":[{"name":"wp","href":"https:\/\/api.w.org\/{rel}","templated":true}]}}