{"id":800,"date":"2023-12-04T21:59:35","date_gmt":"2023-12-04T18:59:35","guid":{"rendered":"https:\/\/optimacall.ro\/?page_id=800"},"modified":"2024-10-28T12:28:13","modified_gmt":"2024-10-28T10:28:13","slug":"condiciones-generales","status":"publish","type":"page","link":"https:\/\/optimacall.ro\/es\/condiciones-generales\/","title":{"rendered":"Condiciones generales"},"content":{"rendered":"<p>&nbsp;<\/p>\n<p>El sitio web www.optimacall.ro, est\u00e1 sujeto a los t\u00e9rminos y condiciones (\"Condiciones de Uso\") que se describen a continuaci\u00f3n. El sitio web www.optimacall.ro es propiedad de Optima Solutions Services, con domicilio social en Bucarest, B-dul Dimitrie Pompei nr. 10A, Cladirea C1, 3\u00aa planta, sector 2, inscrita en la Oficina de Comercio con el n.\u00ba J40\/9804\/2010, con c\u00f3digo de registro \u00fanico 27516047 ___, atributo fiscal RO (\"OPTIMA\"), registrada en la Autoridad Nacional de Supervisi\u00f3n del Tratamiento de Datos Personales.<\/p>\n<p>El administrador del sitio web https:\/\/optimacall.ro\/ se reserva el derecho a modificar y actualizar en cualquier momento el contenido de este sitio web, as\u00ed como las Condiciones de uso, sin previo aviso.<\/p>\n<p><strong>1. ACCESO<\/strong><\/p>\n<p>La finalidad permitida para el uso de www.optimacall.ro es la obtenci\u00f3n de informaci\u00f3n sobre los servicios prestados por Optima Solutions Services, no estando permitido su uso para cualquier otro fin.<br \/>\nOptima Solutions Services no asume ninguna responsabilidad por la seguridad de este sitio o su comunicaci\u00f3n con \u00e9l.<\/p>\n<p><strong>1.2 T\u00c9RMINOS<\/strong><\/p>\n<p>El t\u00e9rmino \"usuario\" de https:\/\/optimacall.ro\/ define a cualquier persona f\u00edsica o jur\u00eddica que acceda a este sitio web.<\/p>\n<p><strong>2. DERECHOS DE AUTOR, MARCA Y PROPIEDAD INTELECTUAL<\/strong><\/p>\n<p>Optima Solutions Services proporciona acceso gratuito al sitio web https:\/\/optimacall.ro\/ y le autoriza a consultar la informaci\u00f3n contenida en el mismo.<br \/>\nLos derechos de autor de la informaci\u00f3n contenida en este sitio son propiedad exclusiva de Optima Solutions Services. Ning\u00fan material de este sitio puede ser reproducido en parte, en su totalidad o en forma modificada sin el permiso previo por escrito de Optima Solutions Services.<br \/>\nEl contenido de https:\/\/optimacall.ro\/, logotipos, textos, im\u00e1genes, pel\u00edculas y cualquier otro material presente en el sitio est\u00e1n protegidos por la ley de derechos de autor y son propiedad de Optima Solutions Services o de sus proveedores.<\/p>\n<p><strong>3. RESOLUCI\u00d3N DE LITIGIOS :<\/strong><\/p>\n<p>Cualquier posible litigio relacionado con https:\/\/optimacall.ro\/ es competencia de los tribunales rumanos.<\/p>\n<p><strong>4. NORMAS DE USO<\/strong><\/p>\n<p>No est\u00e1 permitido:<br \/>\n- la copia, multiplicaci\u00f3n, distribuci\u00f3n, archivo de textos, im\u00e1genes, pel\u00edculas existentes en https:\/\/optimacall.ro\/ sin el consentimiento previo por escrito de Optima Solutions Services. La infracci\u00f3n de esta norma conlleva responsabilidad civil o penal.<\/p>\n<p><strong>5. DISPONIBILIDAD DEL SERVICIO<\/strong><\/p>\n<p>Optima Solutions Services se reserva el derecho de modificar el contenido del sitio o incluso de interrumpir su disponibilidad sin previo aviso. Optima Solutions Services no ser\u00e1 responsable ante el usuario, cualquier tercera persona f\u00edsica o jur\u00eddica o instituci\u00f3n por la modificaci\u00f3n del contenido de https:\/\/optimacall.ro\/ o por la interrupci\u00f3n de la disponibilidad de https:\/\/optimacall.ro\/.<br \/>\nLos t\u00e9rminos y condiciones de uso de https:\/\/optimacall.ro\/ pueden ser modificados por Optima Solutions Services en cualquier momento, entrando en vigor en el momento de su publicaci\u00f3n.<\/p>\n<p><strong>6. EXONERACI\u00d3N DE RESPONSABILIDAD<\/strong><\/p>\n<p>Al aceptar el uso de https:\/\/optimacall.ro\/, usted declara expresa e impl\u00edcitamente que comprende y acepta lo siguiente:<br \/>\n- el uso de https:\/\/optimacall.ro\/ corre por su cuenta y riesgo. Optima Solutions Services declina expresamente toda responsabilidad de cualquier tipo.<\/p>\n<p><strong>7. LIMITACI\u00d3N DE RESPONSABILIDAD<\/strong><\/p>\n<p>Optima Solutions Services no ser\u00e1 responsable de ning\u00fan da\u00f1o directo o indirecto derivado del acceso a https:\/\/optimacall.ro\/.<br \/>\nhttps:\/\/optimacall.ro\/ se proporciona en esta forma sin ninguna otra garant\u00eda. Optima Solutions Services no es ni puede ser considerada responsable de la inadecuaci\u00f3n, indisponibilidad u otros defectos de https:\/\/optimacall.ro\/ o de su contenido.<\/p>\n<p><strong>8. CONFIDENCIALIDAD E INFORMACI\u00d3N PERSONAL<\/strong><\/p>\n<p>Los datos personales puestos a disposici\u00f3n de la p\u00e1gina web de Optima Solutions Services, con el fin de recibir o utilizar algunos servicios, est\u00e1n protegidos por la Ley 677\/2001.<br \/>\nAl rellenar los campos de los formularios de registro en l\u00ednea, los usuarios aceptan que Optima Solutions Services se ponga en contacto con ellos en el futuro.<br \/>\nOptima Solutions Services no se hace responsable de los ataques que tengan por objeto el robo o el vandalismo y que podr\u00edan conducir a la divulgaci\u00f3n o el compromiso de los datos.<\/p>\n<p><strong>9. POL\u00cdTICA DE COOKIES<\/strong><\/p>\n<p>Cookies<br \/>\nUtilizamos cookies para mejorar la usabilidad y funcionalidad de nuestro sitio web y para comprender mejor c\u00f3mo los visitantes utilizan nuestro sitio web y las herramientas y servicios que ofrecemos.<\/p>\n<p>El almacenamiento de cookies en su ordenador nos proporciona una forma f\u00e1cil y c\u00f3moda de personalizar o mejorar su experiencia en nuestro sitio web y hacer que su pr\u00f3xima visita sea m\u00e1s agradable. Si desea obtener m\u00e1s informaci\u00f3n sobre la Pol\u00edtica de Cookies de Optima Solutions Services y sus derechos, visite la secci\u00f3n ''Pol\u00edtica de Cookies de Optima Solutions Services''.<\/p>","protected":false},"excerpt":{"rendered":"<p>&nbsp; Site-ul web www.optimacall.ro, este supus termenilor \u0219i condi\u021biilor (\u201eTermenii de utilizare\u201d) descrise mai jos. Site-ul web www.optimacall.ro este de\u021binut de Optima Solutions Services,\u00a0 avand sediul in Bucuresti, B-dul Dimitrie Pompei nr. 10A, Cladirea C1, etaj 3, sector 2 fiind inregistrata la Oficiul Comertului sub nr. J40\/9804\/2010, cu cod unic de inregistrare 27516047 ___, atribut [&hellip;]<\/p>\n","protected":false},"author":1,"featured_media":0,"parent":0,"menu_order":9,"comment_status":"closed","ping_status":"closed","template":"","meta":{"footnotes":""},"class_list":["post-800","page","type-page","status-publish","hentry"],"yoast_head":"<!-- This site is optimized with the Yoast SEO Premium plugin v26.5 (Yoast SEO v26.5) - https:\/\/yoast.com\/wordpress\/plugins\/seo\/ -->\n<title>Termeni \u0219i condi\u021bii | Optima<\/title>\n<meta name=\"robots\" content=\"noindex, nofollow\" \/>\n<meta property=\"og:locale\" content=\"es_ES\" \/>\n<meta property=\"og:type\" content=\"article\" \/>\n<meta property=\"og:title\" content=\"Termeni \u0219i condi\u021bii\" \/>\n<meta property=\"og:description\" content=\"&nbsp; Site-ul web www.optimacall.ro, este supus termenilor \u0219i condi\u021biilor (\u201eTermenii de utilizare\u201d) descrise mai jos. Site-ul web www.optimacall.ro este de\u021binut de Optima Solutions Services,\u00a0 avand sediul in Bucuresti, B-dul Dimitrie Pompei nr. 10A, Cladirea C1, etaj 3, sector 2 fiind inregistrata la Oficiul Comertului sub nr. J40\/9804\/2010, cu cod unic de inregistrare 27516047 ___, atribut [&hellip;]\" \/>\n<meta property=\"og:url\" content=\"https:\/\/optimacall.ro\/es\/condiciones-generales\/\" \/>\n<meta property=\"og:site_name\" content=\"Optima\" \/>\n<meta property=\"article:publisher\" content=\"https:\/\/www.facebook.com\/optimacall4excellence\/\" \/>\n<meta property=\"article:modified_time\" content=\"2024-10-28T10:28:13+00:00\" \/>\n<meta property=\"og:image\" content=\"https:\/\/optimacall.ro\/wp-content\/uploads\/2024\/01\/ai-human-scaled.jpg\" \/>\n\t<meta property=\"og:image:width\" content=\"2560\" \/>\n\t<meta property=\"og:image:height\" content=\"1487\" \/>\n\t<meta property=\"og:image:type\" content=\"image\/jpeg\" \/>\n<meta name=\"twitter:card\" content=\"summary_large_image\" \/>\n<meta name=\"twitter:label1\" content=\"Tiempo de lectura\" \/>\n\t<meta name=\"twitter:data1\" content=\"4 minutos\" \/>\n<script type=\"application\/ld+json\" class=\"yoast-schema-graph\">{\"@context\":\"https:\/\/schema.org\",\"@graph\":[{\"@type\":\"WebPage\",\"@id\":\"https:\/\/optimacall.ro\/termeni-si-conditii\/\",\"url\":\"https:\/\/optimacall.ro\/termeni-si-conditii\/\",\"name\":\"Termeni \u0219i condi\u021bii | Optima\",\"isPartOf\":{\"@id\":\"https:\/\/optimacall.ro\/#website\"},\"datePublished\":\"2023-12-04T18:59:35+00:00\",\"dateModified\":\"2024-10-28T10:28:13+00:00\",\"breadcrumb\":{\"@id\":\"https:\/\/optimacall.ro\/termeni-si-conditii\/#breadcrumb\"},\"inLanguage\":\"es\",\"potentialAction\":[{\"@type\":\"ReadAction\",\"target\":[\"https:\/\/optimacall.ro\/termeni-si-conditii\/\"]}]},{\"@type\":\"BreadcrumbList\",\"@id\":\"https:\/\/optimacall.ro\/termeni-si-conditii\/#breadcrumb\",\"itemListElement\":[{\"@type\":\"ListItem\",\"position\":1,\"name\":\"Optima\",\"item\":\"https:\/\/optimacall.ro\/\"},{\"@type\":\"ListItem\",\"position\":2,\"name\":\"Termeni \u0219i condi\u021bii\"}]},{\"@type\":\"WebSite\",\"@id\":\"https:\/\/optimacall.ro\/#website\",\"url\":\"https:\/\/optimacall.ro\/\",\"name\":\"Optima\",\"description\":\"Solu\u021bii integrate de contact center \u0219i RPA\",\"publisher\":{\"@id\":\"https:\/\/optimacall.ro\/#organization\"},\"potentialAction\":[{\"@type\":\"SearchAction\",\"target\":{\"@type\":\"EntryPoint\",\"urlTemplate\":\"https:\/\/optimacall.ro\/?s={search_term_string}\"},\"query-input\":{\"@type\":\"PropertyValueSpecification\",\"valueRequired\":true,\"valueName\":\"search_term_string\"}}],\"inLanguage\":\"es\"},{\"@type\":[\"Organization\",\"Place\"],\"@id\":\"https:\/\/optimacall.ro\/#organization\",\"name\":\"Optima\",\"alternateName\":\"Optima Solutions Services\",\"url\":\"https:\/\/optimacall.ro\/\",\"logo\":{\"@id\":\"https:\/\/optimacall.ro\/termeni-si-conditii\/#local-main-organization-logo\"},\"image\":{\"@id\":\"https:\/\/optimacall.ro\/termeni-si-conditii\/#local-main-organization-logo\"},\"sameAs\":[\"https:\/\/www.facebook.com\/optimacall4excellence\/\"],\"description\":\"Call center cu servicii de outsourcing\",\"legalName\":\"Optima Solutions Services SRL\",\"foundingDate\":\"2010-10-10\",\"numberOfEmployees\":{\"@type\":\"QuantitativeValue\",\"minValue\":\"51\",\"maxValue\":\"200\"},\"openingHoursSpecification\":[{\"@type\":\"OpeningHoursSpecification\",\"dayOfWeek\":[\"Monday\",\"Tuesday\",\"Wednesday\",\"Thursday\",\"Friday\",\"Saturday\",\"Sunday\"],\"opens\":\"09:00\",\"closes\":\"17:00\"}]},{\"@type\":\"ImageObject\",\"inLanguage\":\"es\",\"@id\":\"https:\/\/optimacall.ro\/termeni-si-conditii\/#local-main-organization-logo\",\"url\":\"https:\/\/optimacall.ro\/wp-content\/uploads\/2024\/03\/cropped-cropped-logo-optima-rain.png\",\"contentUrl\":\"https:\/\/optimacall.ro\/wp-content\/uploads\/2024\/03\/cropped-cropped-logo-optima-rain.png\",\"width\":112,\"height\":112,\"caption\":\"Optima\"}]}<\/script>\n<!-- \/ Yoast SEO Premium plugin. -->","yoast_head_json":{"title":"Condiciones generales | Optima","robots":{"index":"noindex","follow":"nofollow"},"og_locale":"es_ES","og_type":"article","og_title":"Termeni \u0219i condi\u021bii","og_description":"&nbsp; Site-ul web www.optimacall.ro, este supus termenilor \u0219i condi\u021biilor (\u201eTermenii de utilizare\u201d) descrise mai jos. Site-ul web www.optimacall.ro este de\u021binut de Optima Solutions Services,\u00a0 avand sediul in Bucuresti, B-dul Dimitrie Pompei nr. 10A, Cladirea C1, etaj 3, sector 2 fiind inregistrata la Oficiul Comertului sub nr. J40\/9804\/2010, cu cod unic de inregistrare 27516047 ___, atribut [&hellip;]","og_url":"https:\/\/optimacall.ro\/es\/condiciones-generales\/","og_site_name":"Optima","article_publisher":"https:\/\/www.facebook.com\/optimacall4excellence\/","article_modified_time":"2024-10-28T10:28:13+00:00","og_image":[{"width":2560,"height":1487,"url":"https:\/\/optimacall.ro\/wp-content\/uploads\/2024\/01\/ai-human-scaled.jpg","type":"image\/jpeg"}],"twitter_card":"summary_large_image","twitter_misc":{"Tiempo de lectura":"4 minutos"},"schema":{"@context":"https:\/\/schema.org","@graph":[{"@type":"WebPage","@id":"https:\/\/optimacall.ro\/termeni-si-conditii\/","url":"https:\/\/optimacall.ro\/termeni-si-conditii\/","name":"Condiciones generales | Optima","isPartOf":{"@id":"https:\/\/optimacall.ro\/#website"},"datePublished":"2023-12-04T18:59:35+00:00","dateModified":"2024-10-28T10:28:13+00:00","breadcrumb":{"@id":"https:\/\/optimacall.ro\/termeni-si-conditii\/#breadcrumb"},"inLanguage":"es","potentialAction":[{"@type":"ReadAction","target":["https:\/\/optimacall.ro\/termeni-si-conditii\/"]}]},{"@type":"BreadcrumbList","@id":"https:\/\/optimacall.ro\/termeni-si-conditii\/#breadcrumb","itemListElement":[{"@type":"ListItem","position":1,"name":"Optima","item":"https:\/\/optimacall.ro\/"},{"@type":"ListItem","position":2,"name":"Termeni \u0219i condi\u021bii"}]},{"@type":"WebSite","@id":"https:\/\/optimacall.ro\/#website","url":"https:\/\/optimacall.ro\/","name":"Optima","description":"Soluciones integradas de Contact Center y RPA","publisher":{"@id":"https:\/\/optimacall.ro\/#organization"},"potentialAction":[{"@type":"SearchAction","target":{"@type":"EntryPoint","urlTemplate":"https:\/\/optimacall.ro\/?s={search_term_string}"},"query-input":{"@type":"PropertyValueSpecification","valueRequired":true,"valueName":"search_term_string"}}],"inLanguage":"es"},{"@type":["Organization","Place"],"@id":"https:\/\/optimacall.ro\/#organization","name":"Optima","alternateName":"Optima Solutions Services","url":"https:\/\/optimacall.ro\/","logo":{"@id":"https:\/\/optimacall.ro\/termeni-si-conditii\/#local-main-organization-logo"},"image":{"@id":"https:\/\/optimacall.ro\/termeni-si-conditii\/#local-main-organization-logo"},"sameAs":["https:\/\/www.facebook.com\/optimacall4excellence\/"],"description":"Servicios de externalizaci\u00f3n de centros de llamadas","legalName":"Optima Solutions Services SRL","foundingDate":"2010-10-10","numberOfEmployees":{"@type":"QuantitativeValue","minValue":"51","maxValue":"200"},"openingHoursSpecification":[{"@type":"OpeningHoursSpecification","dayOfWeek":["Monday","Tuesday","Wednesday","Thursday","Friday","Saturday","Sunday"],"opens":"09:00","closes":"17:00"}]},{"@type":"ImageObject","inLanguage":"es","@id":"https:\/\/optimacall.ro\/termeni-si-conditii\/#local-main-organization-logo","url":"https:\/\/optimacall.ro\/wp-content\/uploads\/2024\/03\/cropped-cropped-logo-optima-rain.png","contentUrl":"https:\/\/optimacall.ro\/wp-content\/uploads\/2024\/03\/cropped-cropped-logo-optima-rain.png","width":112,"height":112,"caption":"Optima"}]}},"_links":{"self":[{"href":"https:\/\/optimacall.ro\/es\/wp-json\/wp\/v2\/pages\/800","targetHints":{"allow":["GET"]}}],"collection":[{"href":"https:\/\/optimacall.ro\/es\/wp-json\/wp\/v2\/pages"}],"about":[{"href":"https:\/\/optimacall.ro\/es\/wp-json\/wp\/v2\/types\/page"}],"author":[{"embeddable":true,"href":"https:\/\/optimacall.ro\/es\/wp-json\/wp\/v2\/users\/1"}],"replies":[{"embeddable":true,"href":"https:\/\/optimacall.ro\/es\/wp-json\/wp\/v2\/comments?post=800"}],"version-history":[{"count":1,"href":"https:\/\/optimacall.ro\/es\/wp-json\/wp\/v2\/pages\/800\/revisions"}],"predecessor-version":[{"id":9210,"href":"https:\/\/optimacall.ro\/es\/wp-json\/wp\/v2\/pages\/800\/revisions\/9210"}],"wp:attachment":[{"href":"https:\/\/optimacall.ro\/es\/wp-json\/wp\/v2\/media?parent=800"}],"curies":[{"name":"wp","href":"https:\/\/api.w.org\/{rel}","templated":true}]}}