{"id":803,"date":"2023-12-04T22:00:39","date_gmt":"2023-12-04T19:00:39","guid":{"rendered":"https:\/\/optimacall.ro\/?page_id=803"},"modified":"2025-06-13T09:21:44","modified_gmt":"2025-06-13T06:21:44","slug":"politica-medioambiental","status":"publish","type":"page","link":"https:\/\/optimacall.ro\/es\/politica-medioambiental\/","title":{"rendered":"Pol\u00edtica medioambiental"},"content":{"rendered":"<p>OPTIMA SOLUTIONS SERVICES SRL considera la protecci\u00f3n del medio ambiente como una prioridad para el desarrollo de las actividades, pero tambi\u00e9n para la gesti\u00f3n interna de los procesos.<\/p>\n<p>En OPTIMA SOLUTIONS SERVICES SA, estamos plenamente comprometidos con el establecimiento y cumplimiento de los requisitos legales aplicables y los requisitos especificados y expectativas de nuestros clientes.<\/p>\n<p>Nos esforzamos continuamente por minimizar los riesgos medioambientales asociados a nuestras actividades, las partes interesadas pertinentes, los problemas medioambientales identificados y la normativa legal aplicable.<\/p>\n<p>El alto rendimiento se consigue implantando y manteniendo un sistema de gesti\u00f3n medioambiental conforme a la norma ISO 14001:2015.<\/p>\n<p>Nuestros principales OBJETIVOS son:<\/p>\n<ul>\n<li>Centrarse continuamente en minimizar las no conformidades y las quejas de las partes interesadas pertinentes;<\/li>\n<li>Reducir la cantidad de residuos resultantes de la actividad y el consumo de electricidad y agua mediante una gesti\u00f3n adecuada;<\/li>\n<li>Promover una cultura positiva de protecci\u00f3n del medio ambiente en toda la organizaci\u00f3n;<\/li>\n<li>Mejora continua del sistema de gesti\u00f3n medioambiental.<\/li>\n<\/ul>\n<p>Creo que esta pol\u00edtica debe ser comunicada, entendida y aplicada a trav\u00e9s de mi compromiso personal y el de todos los miembros de OPTIMA SOLUTIONS SERVICES SA, independientemente de su posici\u00f3n en la empresa.<\/p>\n<p><strong>Director General Fecha: 01.06.2025<\/strong><\/p>\n<p><strong>Ionescu Andrei-George<\/strong><\/p>","protected":false},"excerpt":{"rendered":"<p>OPTIMA SOLUTIONS SERVICES SRL consider\u0103 protec\u021bia mediului \u00eenconjur\u0103tor ca fiind prioritar\u0103 pentru desf\u0103\u0219urarea activit\u0103\u021bilor, dar \u0219i pentru managementul intern al proceselor. \u00cen cadrul OPTIMA SOLUTIONS SERVICES SA, suntem total angaja\u0163i s\u0103 stabilim \u015fi s\u0103 respect\u0103m, cerin\u021bele legale aplicabile \u0219i cerin\u0163ele specificate \u015fi a\u015ftept\u0103rile clien\u0163ilor no\u015ftri. Ne preocup\u0103m permanent de reducerea riscurilor de mediu asociate activit\u0103\u021bilor [&hellip;]<\/p>\n","protected":false},"author":1,"featured_media":0,"parent":0,"menu_order":8,"comment_status":"closed","ping_status":"closed","template":"","meta":{"footnotes":""},"class_list":["post-803","page","type-page","status-publish","hentry"],"yoast_head":"<!-- This site is optimized with the Yoast SEO Premium plugin v26.5 (Yoast SEO v26.5) - https:\/\/yoast.com\/wordpress\/plugins\/seo\/ -->\n<title>Politica \u00een domeniul mediului | Optima<\/title>\n<meta name=\"description\" content=\"Ce este politica \u00een domeniul mediului \u0219i de ce este ea importanta pentru o companie de succes pe pia\u021ba de outsourcing.\" \/>\n<meta name=\"robots\" content=\"noindex, nofollow\" \/>\n<meta property=\"og:locale\" content=\"es_ES\" \/>\n<meta property=\"og:type\" content=\"article\" \/>\n<meta property=\"og:title\" content=\"Politica \u00een domeniul mediului\" \/>\n<meta property=\"og:description\" content=\"Ce este politica \u00een domeniul mediului \u0219i de ce este ea importanta pentru o companie de succes pe pia\u021ba de outsourcing.\" \/>\n<meta property=\"og:url\" content=\"https:\/\/optimacall.ro\/es\/politica-medioambiental\/\" \/>\n<meta property=\"og:site_name\" content=\"Optima\" \/>\n<meta property=\"article:publisher\" content=\"https:\/\/www.facebook.com\/optimacall4excellence\/\" \/>\n<meta property=\"article:modified_time\" content=\"2025-06-13T06:21:44+00:00\" \/>\n<meta property=\"og:image\" content=\"https:\/\/optimacall.ro\/wp-content\/uploads\/2024\/01\/ai-human-scaled.jpg\" \/>\n\t<meta property=\"og:image:width\" content=\"2560\" \/>\n\t<meta property=\"og:image:height\" content=\"1487\" \/>\n\t<meta property=\"og:image:type\" content=\"image\/jpeg\" \/>\n<meta name=\"twitter:card\" content=\"summary_large_image\" \/>\n<meta name=\"twitter:label1\" content=\"Tiempo de lectura\" \/>\n\t<meta name=\"twitter:data1\" content=\"1 minuto\" \/>\n<script type=\"application\/ld+json\" class=\"yoast-schema-graph\">{\"@context\":\"https:\/\/schema.org\",\"@graph\":[{\"@type\":\"WebPage\",\"@id\":\"https:\/\/optimacall.ro\/politica-in-domeniul-mediului\/\",\"url\":\"https:\/\/optimacall.ro\/politica-in-domeniul-mediului\/\",\"name\":\"Politica \u00een domeniul mediului | Optima\",\"isPartOf\":{\"@id\":\"https:\/\/optimacall.ro\/#website\"},\"datePublished\":\"2023-12-04T19:00:39+00:00\",\"dateModified\":\"2025-06-13T06:21:44+00:00\",\"description\":\"Ce este politica \u00een domeniul mediului \u0219i de ce este ea importanta pentru o companie de succes pe pia\u021ba de outsourcing.\",\"breadcrumb\":{\"@id\":\"https:\/\/optimacall.ro\/politica-in-domeniul-mediului\/#breadcrumb\"},\"inLanguage\":\"es\",\"potentialAction\":[{\"@type\":\"ReadAction\",\"target\":[\"https:\/\/optimacall.ro\/politica-in-domeniul-mediului\/\"]}]},{\"@type\":\"BreadcrumbList\",\"@id\":\"https:\/\/optimacall.ro\/politica-in-domeniul-mediului\/#breadcrumb\",\"itemListElement\":[{\"@type\":\"ListItem\",\"position\":1,\"name\":\"Optima\",\"item\":\"https:\/\/optimacall.ro\/\"},{\"@type\":\"ListItem\",\"position\":2,\"name\":\"Politica \u00een domeniul mediului\"}]},{\"@type\":\"WebSite\",\"@id\":\"https:\/\/optimacall.ro\/#website\",\"url\":\"https:\/\/optimacall.ro\/\",\"name\":\"Optima\",\"description\":\"Solu\u021bii integrate de contact center \u0219i RPA\",\"publisher\":{\"@id\":\"https:\/\/optimacall.ro\/#organization\"},\"potentialAction\":[{\"@type\":\"SearchAction\",\"target\":{\"@type\":\"EntryPoint\",\"urlTemplate\":\"https:\/\/optimacall.ro\/?s={search_term_string}\"},\"query-input\":{\"@type\":\"PropertyValueSpecification\",\"valueRequired\":true,\"valueName\":\"search_term_string\"}}],\"inLanguage\":\"es\"},{\"@type\":[\"Organization\",\"Place\"],\"@id\":\"https:\/\/optimacall.ro\/#organization\",\"name\":\"Optima\",\"alternateName\":\"Optima Solutions Services\",\"url\":\"https:\/\/optimacall.ro\/\",\"logo\":{\"@id\":\"https:\/\/optimacall.ro\/politica-in-domeniul-mediului\/#local-main-organization-logo\"},\"image\":{\"@id\":\"https:\/\/optimacall.ro\/politica-in-domeniul-mediului\/#local-main-organization-logo\"},\"sameAs\":[\"https:\/\/www.facebook.com\/optimacall4excellence\/\"],\"description\":\"Call center cu servicii de outsourcing\",\"legalName\":\"Optima Solutions Services SRL\",\"foundingDate\":\"2010-10-10\",\"numberOfEmployees\":{\"@type\":\"QuantitativeValue\",\"minValue\":\"51\",\"maxValue\":\"200\"},\"openingHoursSpecification\":[{\"@type\":\"OpeningHoursSpecification\",\"dayOfWeek\":[\"Monday\",\"Tuesday\",\"Wednesday\",\"Thursday\",\"Friday\",\"Saturday\",\"Sunday\"],\"opens\":\"09:00\",\"closes\":\"17:00\"}]},{\"@type\":\"ImageObject\",\"inLanguage\":\"es\",\"@id\":\"https:\/\/optimacall.ro\/politica-in-domeniul-mediului\/#local-main-organization-logo\",\"url\":\"https:\/\/optimacall.ro\/wp-content\/uploads\/2024\/03\/cropped-cropped-logo-optima-rain.png\",\"contentUrl\":\"https:\/\/optimacall.ro\/wp-content\/uploads\/2024\/03\/cropped-cropped-logo-optima-rain.png\",\"width\":112,\"height\":112,\"caption\":\"Optima\"}]}<\/script>\n<!-- \/ Yoast SEO Premium plugin. -->","yoast_head_json":{"title":"Pol\u00edtica medioambiental | Optima","description":"Qu\u00e9 es la pol\u00edtica medioambiental y por qu\u00e9 es importante para el \u00e9xito de una empresa en el mercado de la subcontrataci\u00f3n.","robots":{"index":"noindex","follow":"nofollow"},"og_locale":"es_ES","og_type":"article","og_title":"Politica \u00een domeniul mediului","og_description":"Ce este politica \u00een domeniul mediului \u0219i de ce este ea importanta pentru o companie de succes pe pia\u021ba de outsourcing.","og_url":"https:\/\/optimacall.ro\/es\/politica-medioambiental\/","og_site_name":"Optima","article_publisher":"https:\/\/www.facebook.com\/optimacall4excellence\/","article_modified_time":"2025-06-13T06:21:44+00:00","og_image":[{"width":2560,"height":1487,"url":"https:\/\/optimacall.ro\/wp-content\/uploads\/2024\/01\/ai-human-scaled.jpg","type":"image\/jpeg"}],"twitter_card":"summary_large_image","twitter_misc":{"Tiempo de lectura":"1 minuto"},"schema":{"@context":"https:\/\/schema.org","@graph":[{"@type":"WebPage","@id":"https:\/\/optimacall.ro\/politica-in-domeniul-mediului\/","url":"https:\/\/optimacall.ro\/politica-in-domeniul-mediului\/","name":"Pol\u00edtica medioambiental | Optima","isPartOf":{"@id":"https:\/\/optimacall.ro\/#website"},"datePublished":"2023-12-04T19:00:39+00:00","dateModified":"2025-06-13T06:21:44+00:00","description":"Qu\u00e9 es la pol\u00edtica medioambiental y por qu\u00e9 es importante para el \u00e9xito de una empresa en el mercado de la subcontrataci\u00f3n.","breadcrumb":{"@id":"https:\/\/optimacall.ro\/politica-in-domeniul-mediului\/#breadcrumb"},"inLanguage":"es","potentialAction":[{"@type":"ReadAction","target":["https:\/\/optimacall.ro\/politica-in-domeniul-mediului\/"]}]},{"@type":"BreadcrumbList","@id":"https:\/\/optimacall.ro\/politica-in-domeniul-mediului\/#breadcrumb","itemListElement":[{"@type":"ListItem","position":1,"name":"Optima","item":"https:\/\/optimacall.ro\/"},{"@type":"ListItem","position":2,"name":"Politica \u00een domeniul mediului"}]},{"@type":"WebSite","@id":"https:\/\/optimacall.ro\/#website","url":"https:\/\/optimacall.ro\/","name":"Optima","description":"Soluciones integradas de Contact Center y RPA","publisher":{"@id":"https:\/\/optimacall.ro\/#organization"},"potentialAction":[{"@type":"SearchAction","target":{"@type":"EntryPoint","urlTemplate":"https:\/\/optimacall.ro\/?s={search_term_string}"},"query-input":{"@type":"PropertyValueSpecification","valueRequired":true,"valueName":"search_term_string"}}],"inLanguage":"es"},{"@type":["Organization","Place"],"@id":"https:\/\/optimacall.ro\/#organization","name":"Optima","alternateName":"Optima Solutions Services","url":"https:\/\/optimacall.ro\/","logo":{"@id":"https:\/\/optimacall.ro\/politica-in-domeniul-mediului\/#local-main-organization-logo"},"image":{"@id":"https:\/\/optimacall.ro\/politica-in-domeniul-mediului\/#local-main-organization-logo"},"sameAs":["https:\/\/www.facebook.com\/optimacall4excellence\/"],"description":"Servicios de externalizaci\u00f3n de centros de llamadas","legalName":"Optima Solutions Services SRL","foundingDate":"2010-10-10","numberOfEmployees":{"@type":"QuantitativeValue","minValue":"51","maxValue":"200"},"openingHoursSpecification":[{"@type":"OpeningHoursSpecification","dayOfWeek":["Monday","Tuesday","Wednesday","Thursday","Friday","Saturday","Sunday"],"opens":"09:00","closes":"17:00"}]},{"@type":"ImageObject","inLanguage":"es","@id":"https:\/\/optimacall.ro\/politica-in-domeniul-mediului\/#local-main-organization-logo","url":"https:\/\/optimacall.ro\/wp-content\/uploads\/2024\/03\/cropped-cropped-logo-optima-rain.png","contentUrl":"https:\/\/optimacall.ro\/wp-content\/uploads\/2024\/03\/cropped-cropped-logo-optima-rain.png","width":112,"height":112,"caption":"Optima"}]}},"_links":{"self":[{"href":"https:\/\/optimacall.ro\/es\/wp-json\/wp\/v2\/pages\/803","targetHints":{"allow":["GET"]}}],"collection":[{"href":"https:\/\/optimacall.ro\/es\/wp-json\/wp\/v2\/pages"}],"about":[{"href":"https:\/\/optimacall.ro\/es\/wp-json\/wp\/v2\/types\/page"}],"author":[{"embeddable":true,"href":"https:\/\/optimacall.ro\/es\/wp-json\/wp\/v2\/users\/1"}],"replies":[{"embeddable":true,"href":"https:\/\/optimacall.ro\/es\/wp-json\/wp\/v2\/comments?post=803"}],"version-history":[{"count":1,"href":"https:\/\/optimacall.ro\/es\/wp-json\/wp\/v2\/pages\/803\/revisions"}],"predecessor-version":[{"id":10546,"href":"https:\/\/optimacall.ro\/es\/wp-json\/wp\/v2\/pages\/803\/revisions\/10546"}],"wp:attachment":[{"href":"https:\/\/optimacall.ro\/es\/wp-json\/wp\/v2\/media?parent=803"}],"curies":[{"name":"wp","href":"https:\/\/api.w.org\/{rel}","templated":true}]}}