{"id":10547,"date":"2025-06-13T09:06:18","date_gmt":"2025-06-13T06:06:18","guid":{"rendered":"https:\/\/optimacall.ro\/?page_id=10547"},"modified":"2025-06-13T09:24:46","modified_gmt":"2025-06-13T06:24:46","slug":"politique-de-securite-de-linformation","status":"publish","type":"page","link":"https:\/\/optimacall.ro\/fr\/politique-de-securite-de-linformation\/","title":{"rendered":"Politique de s\u00e9curit\u00e9 de l'information"},"content":{"rendered":"<p>Dans les circonstances et l'environnement commercial actuels, et surtout \u00e0 l'avenir, la s\u00e9curit\u00e9 des donn\u00e9es est essentielle pour nous ainsi que pour nos clients et partenaires. C'est pourquoi nous nous engageons \u00e0 prot\u00e9ger nos informations et celles de nos clients et partenaires, \u00e0 contr\u00f4ler, \u00e9valuer et am\u00e9liorer l'ad\u00e9quation et l'efficacit\u00e9 de cette protection en termes de personnes, de m\u00e9thodes et d'actifs, y compris le mat\u00e9riel et les logiciels.<\/p>\n<p>Nous assurons la confidentialit\u00e9, l'int\u00e9grit\u00e9 et la disponibilit\u00e9 des informations d'OPTIMA SOLUTIONS SERVICES SA et des clients dans des conditions de conformit\u00e9 avec les exigences l\u00e9gales, r\u00e9glementaires et autres exigences suppos\u00e9es en mati\u00e8re de s\u00e9curit\u00e9 de l'information, ainsi que dans des conditions de garantie de la fonctionnalit\u00e9 et de la disponibilit\u00e9 des actifs d'information, y compris le mat\u00e9riel et les logiciels.<\/p>\n<p>Pour ce faire, un syst\u00e8me de s\u00e9curit\u00e9 de l'information conforme \u00e0 la norme ISO\/IEC 27001:2022 est mis en \u0153uvre et maintenu.<\/p>\n<p>Les principaux objectifs dans le domaine de la s\u00e9curit\u00e9 de l'information sont les suivants :<\/p>\n<ul>\n<li>Assurer la confidentialit\u00e9, l'int\u00e9grit\u00e9 et la disponibilit\u00e9 des informations circulant au sein d'OPTIMA SOLUTIONS SERVICES SA, y compris celles appartenant \u00e0 d'autres parties int\u00e9ress\u00e9es (par exemple, les clients, les fournisseurs, les employ\u00e9s) ;<\/li>\n<li>Prot\u00e9ger contre un large \u00e9ventail de menaces tout au long du cycle de vie de l'information afin d'assurer la continuit\u00e9 des activit\u00e9s, de minimiser les risques et de maximiser le retour sur investissement et les opportunit\u00e9s commerciales ;<\/li>\n<li>Identifier, analyser et traiter les risques li\u00e9s \u00e0 la s\u00e9curit\u00e9 de l'information afin de pr\u00e9venir ou de r\u00e9duire les effets ind\u00e9sirables et de parvenir \u00e0 une am\u00e9lioration continue ;<\/li>\n<li>Sensibiliser les employ\u00e9s \u00e0 leurs responsabilit\u00e9s en mati\u00e8re de s\u00e9curit\u00e9 de l'information ;<\/li>\n<li>D\u00e9velopper une culture de la s\u00e9curit\u00e9 de l'information int\u00e9gr\u00e9e \u00e0 la culture organisationnelle.<\/li>\n<\/ul>\n<p>Tous les employ\u00e9s ont l'obligation de prot\u00e9ger les donn\u00e9es et les informations avec lesquelles ils entrent en contact, ainsi que les ressources technologiques qui leur sont allou\u00e9es, d'une mani\u00e8re efficace, \u00e9thique et l\u00e9gale. L'alt\u00e9ration, la violation, la diffusion non autoris\u00e9e ou l'utilisation abusive des informations et des ressources connexes constituent des fautes graves qui peuvent donner lieu, le cas \u00e9ch\u00e9ant, \u00e0 des sanctions administratives, disciplinaires, contractuelles et l\u00e9gales.<\/p>\n<p>Je pense que cette politique doit \u00eatre communiqu\u00e9e, comprise et appliqu\u00e9e par mon engagement personnel et celui de tous les membres d'OPTIMA SOLUTIONS SERVICES SA, quelle que soit leur position.<\/p>\n<p><strong>Directeur g\u00e9n\u00e9ral Date : 01.06.2025<\/strong><\/p>\n<p><strong>Ionescu Andrei-George<\/strong><\/p>","protected":false},"excerpt":{"rendered":"<p>\u00cen circumstan\u021bele \u0219i \u00een mediul de afaceri din prezent \u0219i mai ales \u00een viitor, securitatea datelor este esen\u021bial\u0103 pentru noi precum \u0219i pentru Clien\u021bii \u0219i partenerii no\u0219tri. De aceea ne angaj\u0103m s\u0103 protej\u0103m informa\u021biile noastre \u0219i ale Clien\u021bilor \u0219i partenerilor no\u0219tri, s\u0103 monitoriz\u0103m, s\u0103 evalu\u0103m \u0219i s\u0103 \u00eembun\u0103t\u0103\u021bim adecvarea \u0219i eficacitatea acestei protec\u021bii din punct [&hellip;]<\/p>\n","protected":false},"author":7,"featured_media":0,"parent":0,"menu_order":8,"comment_status":"closed","ping_status":"closed","template":"","meta":{"footnotes":""},"class_list":["post-10547","page","type-page","status-publish","hentry"],"yoast_head":"<!-- This site is optimized with the Yoast SEO Premium plugin v26.5 (Yoast SEO v26.5) - https:\/\/yoast.com\/wordpress\/plugins\/seo\/ -->\n<title>Politica \u00een domeniul securit\u0103\u021bii informa\u021biei | Optima<\/title>\n<meta name=\"description\" content=\"Ce presupune politica \u00een domeniul securit\u0103\u021bii informa\u021biei \u0219i cum poate fi implementat\u0103 eficient \u00eentr-o organiza\u021bie?\" \/>\n<meta name=\"robots\" content=\"noindex, nofollow\" \/>\n<meta property=\"og:locale\" content=\"fr_FR\" \/>\n<meta property=\"og:type\" content=\"article\" \/>\n<meta property=\"og:title\" content=\"Politica \u00een domeniul securit\u0103\u021bii informa\u021biei\" \/>\n<meta property=\"og:description\" content=\"Ce presupune politica \u00een domeniul securit\u0103\u021bii informa\u021biei \u0219i cum poate fi implementat\u0103 eficient \u00eentr-o organiza\u021bie?\" \/>\n<meta property=\"og:url\" content=\"https:\/\/optimacall.ro\/fr\/politique-de-securite-de-linformation\/\" \/>\n<meta property=\"og:site_name\" content=\"Optima\" \/>\n<meta property=\"article:publisher\" content=\"https:\/\/www.facebook.com\/optimacall4excellence\/\" \/>\n<meta property=\"article:modified_time\" content=\"2025-06-13T06:24:46+00:00\" \/>\n<meta property=\"og:image\" content=\"https:\/\/optimacall.ro\/wp-content\/uploads\/2024\/01\/ai-human-scaled.jpg\" \/>\n\t<meta property=\"og:image:width\" content=\"2560\" \/>\n\t<meta property=\"og:image:height\" content=\"1487\" \/>\n\t<meta property=\"og:image:type\" content=\"image\/jpeg\" \/>\n<meta name=\"twitter:card\" content=\"summary_large_image\" \/>\n<meta name=\"twitter:label1\" content=\"Dur\u00e9e de lecture estim\u00e9e\" \/>\n\t<meta name=\"twitter:data1\" content=\"2 minutes\" \/>\n<script type=\"application\/ld+json\" class=\"yoast-schema-graph\">{\"@context\":\"https:\/\/schema.org\",\"@graph\":[{\"@type\":\"WebPage\",\"@id\":\"https:\/\/optimacall.ro\/politica-in-domeniul-securitatii-informatiei\/\",\"url\":\"https:\/\/optimacall.ro\/politica-in-domeniul-securitatii-informatiei\/\",\"name\":\"Politica \u00een domeniul securit\u0103\u021bii informa\u021biei | Optima\",\"isPartOf\":{\"@id\":\"https:\/\/optimacall.ro\/#website\"},\"datePublished\":\"2025-06-13T06:06:18+00:00\",\"dateModified\":\"2025-06-13T06:24:46+00:00\",\"description\":\"Ce presupune politica \u00een domeniul securit\u0103\u021bii informa\u021biei \u0219i cum poate fi implementat\u0103 eficient \u00eentr-o organiza\u021bie?\",\"breadcrumb\":{\"@id\":\"https:\/\/optimacall.ro\/politica-in-domeniul-securitatii-informatiei\/#breadcrumb\"},\"inLanguage\":\"fr-FR\",\"potentialAction\":[{\"@type\":\"ReadAction\",\"target\":[\"https:\/\/optimacall.ro\/politica-in-domeniul-securitatii-informatiei\/\"]}]},{\"@type\":\"BreadcrumbList\",\"@id\":\"https:\/\/optimacall.ro\/politica-in-domeniul-securitatii-informatiei\/#breadcrumb\",\"itemListElement\":[{\"@type\":\"ListItem\",\"position\":1,\"name\":\"Optima\",\"item\":\"https:\/\/optimacall.ro\/\"},{\"@type\":\"ListItem\",\"position\":2,\"name\":\"Politica \u00een domeniul securit\u0103\u021bii informa\u021biei\"}]},{\"@type\":\"WebSite\",\"@id\":\"https:\/\/optimacall.ro\/#website\",\"url\":\"https:\/\/optimacall.ro\/\",\"name\":\"Optima\",\"description\":\"Solu\u021bii integrate de contact center \u0219i RPA\",\"publisher\":{\"@id\":\"https:\/\/optimacall.ro\/#organization\"},\"potentialAction\":[{\"@type\":\"SearchAction\",\"target\":{\"@type\":\"EntryPoint\",\"urlTemplate\":\"https:\/\/optimacall.ro\/?s={search_term_string}\"},\"query-input\":{\"@type\":\"PropertyValueSpecification\",\"valueRequired\":true,\"valueName\":\"search_term_string\"}}],\"inLanguage\":\"fr-FR\"},{\"@type\":[\"Organization\",\"Place\"],\"@id\":\"https:\/\/optimacall.ro\/#organization\",\"name\":\"Optima\",\"alternateName\":\"Optima Solutions Services\",\"url\":\"https:\/\/optimacall.ro\/\",\"logo\":{\"@id\":\"https:\/\/optimacall.ro\/politica-in-domeniul-securitatii-informatiei\/#local-main-organization-logo\"},\"image\":{\"@id\":\"https:\/\/optimacall.ro\/politica-in-domeniul-securitatii-informatiei\/#local-main-organization-logo\"},\"sameAs\":[\"https:\/\/www.facebook.com\/optimacall4excellence\/\"],\"description\":\"Call center cu servicii de outsourcing\",\"legalName\":\"Optima Solutions Services SRL\",\"foundingDate\":\"2010-10-10\",\"numberOfEmployees\":{\"@type\":\"QuantitativeValue\",\"minValue\":\"51\",\"maxValue\":\"200\"},\"openingHoursSpecification\":[{\"@type\":\"OpeningHoursSpecification\",\"dayOfWeek\":[\"Monday\",\"Tuesday\",\"Wednesday\",\"Thursday\",\"Friday\",\"Saturday\",\"Sunday\"],\"opens\":\"09:00\",\"closes\":\"17:00\"}]},{\"@type\":\"ImageObject\",\"inLanguage\":\"fr-FR\",\"@id\":\"https:\/\/optimacall.ro\/politica-in-domeniul-securitatii-informatiei\/#local-main-organization-logo\",\"url\":\"https:\/\/optimacall.ro\/wp-content\/uploads\/2024\/03\/cropped-cropped-logo-optima-rain.png\",\"contentUrl\":\"https:\/\/optimacall.ro\/wp-content\/uploads\/2024\/03\/cropped-cropped-logo-optima-rain.png\",\"width\":112,\"height\":112,\"caption\":\"Optima\"}]}<\/script>\n<!-- \/ Yoast SEO Premium plugin. -->","yoast_head_json":{"title":"Politique de s\u00e9curit\u00e9 de l'information | Optima","description":"Qu'est-ce qu'une politique de s\u00e9curit\u00e9 de l'information et comment peut-elle \u00eatre mise en \u0153uvre efficacement dans une organisation ?","robots":{"index":"noindex","follow":"nofollow"},"og_locale":"fr_FR","og_type":"article","og_title":"Politica \u00een domeniul securit\u0103\u021bii informa\u021biei","og_description":"Ce presupune politica \u00een domeniul securit\u0103\u021bii informa\u021biei \u0219i cum poate fi implementat\u0103 eficient \u00eentr-o organiza\u021bie?","og_url":"https:\/\/optimacall.ro\/fr\/politique-de-securite-de-linformation\/","og_site_name":"Optima","article_publisher":"https:\/\/www.facebook.com\/optimacall4excellence\/","article_modified_time":"2025-06-13T06:24:46+00:00","og_image":[{"width":2560,"height":1487,"url":"https:\/\/optimacall.ro\/wp-content\/uploads\/2024\/01\/ai-human-scaled.jpg","type":"image\/jpeg"}],"twitter_card":"summary_large_image","twitter_misc":{"Dur\u00e9e de lecture estim\u00e9e":"2 minutes"},"schema":{"@context":"https:\/\/schema.org","@graph":[{"@type":"WebPage","@id":"https:\/\/optimacall.ro\/politica-in-domeniul-securitatii-informatiei\/","url":"https:\/\/optimacall.ro\/politica-in-domeniul-securitatii-informatiei\/","name":"Politique de s\u00e9curit\u00e9 de l'information | Optima","isPartOf":{"@id":"https:\/\/optimacall.ro\/#website"},"datePublished":"2025-06-13T06:06:18+00:00","dateModified":"2025-06-13T06:24:46+00:00","description":"Qu'est-ce qu'une politique de s\u00e9curit\u00e9 de l'information et comment peut-elle \u00eatre mise en \u0153uvre efficacement dans une organisation ?","breadcrumb":{"@id":"https:\/\/optimacall.ro\/politica-in-domeniul-securitatii-informatiei\/#breadcrumb"},"inLanguage":"fr-FR","potentialAction":[{"@type":"ReadAction","target":["https:\/\/optimacall.ro\/politica-in-domeniul-securitatii-informatiei\/"]}]},{"@type":"BreadcrumbList","@id":"https:\/\/optimacall.ro\/politica-in-domeniul-securitatii-informatiei\/#breadcrumb","itemListElement":[{"@type":"ListItem","position":1,"name":"Optima","item":"https:\/\/optimacall.ro\/"},{"@type":"ListItem","position":2,"name":"Politica \u00een domeniul securit\u0103\u021bii informa\u021biei"}]},{"@type":"WebSite","@id":"https:\/\/optimacall.ro\/#website","url":"https:\/\/optimacall.ro\/","name":"Optima","description":"Solutions int\u00e9gr\u00e9es de centre de contact et de RPA","publisher":{"@id":"https:\/\/optimacall.ro\/#organization"},"potentialAction":[{"@type":"SearchAction","target":{"@type":"EntryPoint","urlTemplate":"https:\/\/optimacall.ro\/?s={search_term_string}"},"query-input":{"@type":"PropertyValueSpecification","valueRequired":true,"valueName":"search_term_string"}}],"inLanguage":"fr-FR"},{"@type":["Organization","Place"],"@id":"https:\/\/optimacall.ro\/#organization","name":"Optima","alternateName":"Optima Solutions Services","url":"https:\/\/optimacall.ro\/","logo":{"@id":"https:\/\/optimacall.ro\/politica-in-domeniul-securitatii-informatiei\/#local-main-organization-logo"},"image":{"@id":"https:\/\/optimacall.ro\/politica-in-domeniul-securitatii-informatiei\/#local-main-organization-logo"},"sameAs":["https:\/\/www.facebook.com\/optimacall4excellence\/"],"description":"Services d'externalisation des centres d'appel","legalName":"Optima Solutions Services SRL","foundingDate":"2010-10-10","numberOfEmployees":{"@type":"QuantitativeValue","minValue":"51","maxValue":"200"},"openingHoursSpecification":[{"@type":"OpeningHoursSpecification","dayOfWeek":["Monday","Tuesday","Wednesday","Thursday","Friday","Saturday","Sunday"],"opens":"09:00","closes":"17:00"}]},{"@type":"ImageObject","inLanguage":"fr-FR","@id":"https:\/\/optimacall.ro\/politica-in-domeniul-securitatii-informatiei\/#local-main-organization-logo","url":"https:\/\/optimacall.ro\/wp-content\/uploads\/2024\/03\/cropped-cropped-logo-optima-rain.png","contentUrl":"https:\/\/optimacall.ro\/wp-content\/uploads\/2024\/03\/cropped-cropped-logo-optima-rain.png","width":112,"height":112,"caption":"Optima"}]}},"_links":{"self":[{"href":"https:\/\/optimacall.ro\/fr\/wp-json\/wp\/v2\/pages\/10547","targetHints":{"allow":["GET"]}}],"collection":[{"href":"https:\/\/optimacall.ro\/fr\/wp-json\/wp\/v2\/pages"}],"about":[{"href":"https:\/\/optimacall.ro\/fr\/wp-json\/wp\/v2\/types\/page"}],"author":[{"embeddable":true,"href":"https:\/\/optimacall.ro\/fr\/wp-json\/wp\/v2\/users\/7"}],"replies":[{"embeddable":true,"href":"https:\/\/optimacall.ro\/fr\/wp-json\/wp\/v2\/comments?post=10547"}],"version-history":[{"count":1,"href":"https:\/\/optimacall.ro\/fr\/wp-json\/wp\/v2\/pages\/10547\/revisions"}],"predecessor-version":[{"id":10561,"href":"https:\/\/optimacall.ro\/fr\/wp-json\/wp\/v2\/pages\/10547\/revisions\/10561"}],"wp:attachment":[{"href":"https:\/\/optimacall.ro\/fr\/wp-json\/wp\/v2\/media?parent=10547"}],"curies":[{"name":"wp","href":"https:\/\/api.w.org\/{rel}","templated":true}]}}