{"id":798,"date":"2023-12-04T21:58:45","date_gmt":"2023-12-04T18:58:45","guid":{"rendered":"https:\/\/optimacall.ro\/?page_id=798"},"modified":"2024-04-22T14:19:45","modified_gmt":"2024-04-22T12:19:45","slug":"politique-en-matiere-de-cookies","status":"publish","type":"page","link":"https:\/\/optimacall.ro\/fr\/politique-en-matiere-de-cookies\/","title":{"rendered":"Politique en mati\u00e8re de cookies"},"content":{"rendered":"<p>&nbsp;<\/p>\n<p>Il s'agit de la politique en mati\u00e8re de cookies d'OPTIMA, accessible \u00e0 partir de https:\/\/optimacall.ro\/.<\/p>\n<p><strong>1. Qu'est-ce qu'un cookie ?<\/strong><\/p>\n<p>Ce site web utilise des cookies (petits fichiers t\u00e9l\u00e9charg\u00e9s sur votre ordinateur\/t\u00e9l\u00e9phone\/tablette\/appareil afin d'am\u00e9liorer votre exp\u00e9rience). Cette page d\u00e9crit les informations que nous recueillons, la mani\u00e8re dont nous les utilisons et la raison pour laquelle nous devons parfois stocker ces cookies. Nous vous indiquons \u00e9galement comment vous pouvez emp\u00eacher le stockage de ces cookies, mais cette action peut r\u00e9duire certains \u00e9l\u00e9ments de la fonctionnalit\u00e9 du site.<\/p>\n<p><strong>2. Comment utilisons-nous les cookies ?<\/strong><\/p>\n<p>Nous utilisons les informations g\u00e9n\u00e9r\u00e9es par les cookies pour diverses raisons d\u00e9taill\u00e9es dans les paragraphes ci-dessous. Malheureusement, dans la plupart des cas, il n'existe pas d'options standard pour d\u00e9sactiver les cookies sans d\u00e9sactiver compl\u00e8tement les fonctionnalit\u00e9s et les caract\u00e9ristiques qu'ils ajoutent \u00e0 notre site. Il est recommand\u00e9 de laisser tous les cookies activ\u00e9s, m\u00eame si vous n'\u00eates pas s\u00fbr d'en avoir besoin, car ils peuvent \u00eatre utilis\u00e9s pour fournir un service que vous utilisez.<\/p>\n<p><strong>3. D\u00e9sactiver les cookies<\/strong><br \/>\nVous pouvez emp\u00eacher l'installation de cookies en r\u00e9glant les param\u00e8tres de votre navigateur. (Veuillez noter que la d\u00e9sactivation des cookies affectera la fonctionnalit\u00e9 de ce site et de nombreux autres sites que vous visitez. La d\u00e9sactivation des cookies entra\u00eene g\u00e9n\u00e9ralement la d\u00e9sactivation de certaines fonctionnalit\u00e9s de ce site. Il est donc recommand\u00e9 de ne pas d\u00e9sactiver les cookies.<\/p>\n<p><strong>4. Contr\u00f4le des cookies<\/strong><\/p>\n<p>La mani\u00e8re dont les cookies sont utilis\u00e9s peut \u00eatre contr\u00f4l\u00e9e \u00e0 partir du navigateur que vous utilisez.<br \/>\nGoogle Chrome<\/p>\n<p>- Cliquez sur le bouton de menu. Il se trouve en haut \u00e0 droite (en haut) de la fen\u00eatre du navigateur.<br \/>\n- S\u00e9lectionnez la section \"Param\u00e8tres\".<br \/>\n- S\u00e9lectionnez \"Afficher les param\u00e8tres avanc\u00e9s\".<br \/>\n- Allez dans \"Protection des donn\u00e9es\" et s\u00e9lectionnez ensuite \"Param\u00e8tres de contenu\"<br \/>\n- Vous trouverez ici la section \"Autoriser le param\u00e9trage des donn\u00e9es locales\".<\/p>\n<p>Si vous souhaitez savoir comment emp\u00eacher les sites web d'utiliser des cookies pour se souvenir des sites que vous visitez, suivez ce lien :<br \/>\nhttps:\/\/support.google.com\/chrome\/answer\/95647?hl=en-GB<\/p>\n<p>Mozilla Firefox<\/p>\n<p>- Cliquez sur le bouton de menu. Il se trouve en haut \u00e0 droite (en haut) de la fen\u00eatre du navigateur.<br \/>\n- S\u00e9lectionnez la section \"Options<br \/>\n- S\u00e9lectionnez l'ic\u00f4ne \"Protection des donn\u00e9es\".<br \/>\n- S\u00e9lectionnez l'option \"Cookies<br \/>\n- Vous y trouverez la section \"Autoriser les sites \u00e0 installer des cookies\".<\/p>\n<p>Si vous souhaitez savoir comment emp\u00eacher les sites web d'utiliser des cookies pour se souvenir des sites que vous visitez, suivez ce lien :<br \/>\nhttps:\/\/support.mozilla.org\/en-US\/kb\/how-do-i-turn-do-not-track-feature<\/p>\n<p>Microsoft Internet Explorer 11<\/p>\n<p>- Cliquez sur l'ic\u00f4ne \"Param\u00e8tres\" (symbole de la roue dent\u00e9e), qui se trouve en haut \u00e0 droite de la fen\u00eatre.<br \/>\n- Aller dans \"Options Internet\"<br \/>\n- Cliquez sur la section \"Protection des donn\u00e9es<br \/>\n- R\u00e9glez le niveau de protection des donn\u00e9es sur \"Moyen\" ou inf\u00e9rieur.<br \/>\nSi vous souhaitez savoir comment emp\u00eacher les sites web d'utiliser des cookies pour se souvenir des sites que vous visitez, suivez ce lien :<\/p>\n<p>https:\/\/support.microsoft.com\/en-us\/products\/internet-explorer#ie=ie-11<\/p>\n<p>Op\u00e9ra<\/p>\n<p>- Cliquez sur \"Outils\" dans la barre de menu<br \/>\n- Cliquez sur la section \"Pr\u00e9f\u00e9rences<br \/>\n- Ouvrir l'onglet \"Avances<br \/>\n- Cliquez sur \"Cookies\"<\/p>\n<p>Si vous souhaitez savoir comment emp\u00eacher les sites web d'utiliser des cookies pour se souvenir des sites que vous visitez, suivez ce lien :<br \/>\nhttps:\/\/www.opera.com\/help\/tutorials\/security\/privacy\/<\/p>\n<p>Safari sur OX X<\/p>\n<p>- Cliquez sur \"Safari\" (en haut \u00e0 droite)<br \/>\n- S\u00e9lectionnez l'option \"Favoris<br \/>\n- Aller \u00e0 \"Protection des donn\u00e9es\"<br \/>\n- S\u00e9lectionnez \"Autoriser \u00e0 partir des sites web que je visite\"<\/p>\n<p>Si vous souhaitez savoir comment emp\u00eacher les sites web d'utiliser des cookies pour se souvenir des sites que vous visitez, suivez ce lien :<\/p>\n<p>https:\/\/support.apple.com\/kb\/PH19214?viewlocale=en_US&#038;locale=en_US<\/p>\n<p><strong>5. Types de cookies utilis\u00e9s<\/strong><\/p>\n<p>Cookies li\u00e9s aux formulaires de contact<\/p>\n<p>Lorsque vous soumettez des donn\u00e9es dans un formulaire, comme ceux que l'on trouve sur les pages de contact ou les formulaires de commentaires, des cookies peuvent \u00eatre install\u00e9s pour m\u00e9moriser vos coordonn\u00e9es d'utilisateur en vue d'une correspondance ult\u00e9rieure.<\/p>\n<p>Cookies pour le param\u00e9trage des pr\u00e9f\u00e9rences du site<\/p>\n<p>Afin de vous offrir une exp\u00e9rience agr\u00e9able sur ce site, nous vous offrons la possibilit\u00e9 de d\u00e9finir des pr\u00e9f\u00e9rences pour le fonctionnement de ce site lorsque vous l'utilisez. Afin de m\u00e9moriser vos pr\u00e9f\u00e9rences, vous devez installer des cookies pour que ces informations puissent \u00eatre appel\u00e9es chaque fois que vous interagissez avec une page configur\u00e9e en fonction de vos pr\u00e9f\u00e9rences.<\/p>\n<p><strong>6. Cookies plac\u00e9s par des tiers<\/strong><\/p>\n<p>Dans certains cas particuliers, nous utilisons \u00e9galement des cookies fournis par des tiers de confiance. La section suivante d\u00e9taille les cookies de tiers que vous pouvez rencontrer sur ce site web.<br \/>\n- Ce site utilise Google Analytics, l'une des solutions d'analyse les plus utilis\u00e9es et les plus fiables sur le web, pour nous aider \u00e0 comprendre comment vous utilisez le site et comment nous pouvons am\u00e9liorer votre exp\u00e9rience. Ces cookies permettent de savoir combien de temps vous passez sur le site et les pages que vous visitez, afin que nous puissions continuer \u00e0 produire un contenu int\u00e9ressant.<br \/>\n- Des outils d'analyse de tiers sont utilis\u00e9s pour suivre et mesurer l'utilisation de ce site afin que nous puissions continuer \u00e0 produire un contenu int\u00e9ressant. Ces cookies peuvent enregistrer des informations telles que le temps que vous passez sur le site ou les pages que vous visitez, ce qui nous aide \u00e0 comprendre comment nous pouvons am\u00e9liorer le site pour vous.<br \/>\n- De temps \u00e0 autre, nous testons de nouvelles fonctionnalit\u00e9s et apportons des changements subtils \u00e0 la mani\u00e8re dont le site est fourni. Lorsque nous testons de nouvelles fonctionnalit\u00e9s, ces cookies peuvent \u00eatre utilis\u00e9s pour nous assurer que vous b\u00e9n\u00e9ficiez d'une exp\u00e9rience coh\u00e9rente sur le site, tout en nous permettant de comprendre quelles sont les optimisations les plus appr\u00e9ci\u00e9es par nos utilisateurs.<br \/>\n- Nous utilisons des publicit\u00e9s pour compenser les co\u00fbts de fonctionnement de ce site et pour financer son d\u00e9veloppement. Les cookies de publicit\u00e9 comportementale utilis\u00e9s par ce site sont con\u00e7us pour s'assurer que nous vous fournissons les publicit\u00e9s les plus pertinentes possible en suivant de mani\u00e8re anonyme vos int\u00e9r\u00eats et en vous montrant des choses similaires qui pourraient vous int\u00e9resser.<br \/>\n- Nous utilisons \u00e9galement des boutons de m\u00e9dias sociaux et\/ou des plugins sur ce site qui vous permettent de vous connecter \u00e0 votre r\u00e9seau social de diff\u00e9rentes mani\u00e8res. Pour que ces boutons fonctionnent, les sites de m\u00e9dias sociaux suivants installeront des cookies sur notre site, qui pourront \u00eatre utilis\u00e9s pour am\u00e9liorer votre profil sur leur site ou pour contribuer aux donn\u00e9es qu'ils d\u00e9tiennent \u00e0 diverses fins d\u00e9crites dans leur politique de confidentialit\u00e9.<\/p>\n<p><strong>7. Liens utiles<\/strong><\/p>\n<p>Si vous souhaitez en savoir plus sur les cookies et leur utilisation, nous vous recommandons les liens suivants :<br \/>\nGuide des cookies Microsoft : https:\/\/www.microsoft.com\/en-us\/errorpages\/smarterror.aspx<br \/>\nTout sur les cookies : http:\/\/www.allaboutcookies.org\/<br \/>\nhttp:\/\/www.youronlinechoices.com\/ro\/<\/p>\n<p><strong>8. Informations compl\u00e9mentaires<\/strong><\/p>\n<p>Nous esp\u00e9rons vous avoir pr\u00e9sent\u00e9 les informations dont vous avez besoin et, comme indiqu\u00e9 ci-dessus, si vous n'\u00eates pas s\u00fbr d'avoir besoin ou non de quelque chose, il est pr\u00e9f\u00e9rable de laisser les cookies activ\u00e9s si vous n'interagissez pas avec l'une des fonctions que vous utilisez sur notre site.<br \/>\nToutefois, si vous souhaitez obtenir plus d'informations, vous pouvez nous contacter par l'un de vos moyens de communication pr\u00e9f\u00e9r\u00e9s :<br \/>\n- Courriel :\u00a0<a href=\"mailto:contact@optimacall.ro\">contact@optimacall.ro<\/a><br \/>\n- En suivant le lien :\u00a0<a href=\"https:\/\/optimacall.ro\/fr\">https:\/\/optimacall.ro\/wp<\/a><br \/>\n- T\u00e9l\u00e9phone : 40 213 001 945<\/p>","protected":false},"excerpt":{"rendered":"<p>&nbsp; Aceasta este Politica Cookie pentru OPTIMA accesibila din https:\/\/optimacall.ro\/. 1. Ce sunt Cookie-urile? Acest site utilizeaz\u0103 module cookie (fi\u0219iere mici care sunt desc\u0103rcate pe computer-ul\/telefonul\/tableta\/device-ul t\u0103u, cu scopul de a-\u021bi \u00eembun\u0103t\u0103\u021bi experien\u021ba). Aceast\u0103 pagin\u0103 descrie informa\u021biile pe care le colecteaz\u0103, modul \u00een care o folosim \u0219i de ce uneori trebuie s\u0103 stoc\u0103m aceste cookie-uri. [&hellip;]<\/p>\n","protected":false},"author":1,"featured_media":0,"parent":0,"menu_order":10,"comment_status":"closed","ping_status":"closed","template":"","meta":{"footnotes":""},"class_list":["post-798","page","type-page","status-publish","hentry"],"yoast_head":"<!-- This site is optimized with the Yoast SEO Premium plugin v26.5 (Yoast SEO v26.5) - https:\/\/yoast.com\/wordpress\/plugins\/seo\/ -->\n<title>Politica Cookie | Optima<\/title>\n<meta name=\"robots\" content=\"noindex, nofollow\" \/>\n<meta property=\"og:locale\" content=\"fr_FR\" \/>\n<meta property=\"og:type\" content=\"article\" \/>\n<meta property=\"og:title\" content=\"Politica Cookie\" \/>\n<meta property=\"og:description\" content=\"&nbsp; Aceasta este Politica Cookie pentru OPTIMA accesibila din https:\/\/optimacall.ro\/. 1. Ce sunt Cookie-urile? Acest site utilizeaz\u0103 module cookie (fi\u0219iere mici care sunt desc\u0103rcate pe computer-ul\/telefonul\/tableta\/device-ul t\u0103u, cu scopul de a-\u021bi \u00eembun\u0103t\u0103\u021bi experien\u021ba). Aceast\u0103 pagin\u0103 descrie informa\u021biile pe care le colecteaz\u0103, modul \u00een care o folosim \u0219i de ce uneori trebuie s\u0103 stoc\u0103m aceste cookie-uri. [&hellip;]\" \/>\n<meta property=\"og:url\" content=\"https:\/\/optimacall.ro\/fr\/politique-en-matiere-de-cookies\/\" \/>\n<meta property=\"og:site_name\" content=\"Optima\" \/>\n<meta property=\"article:publisher\" content=\"https:\/\/www.facebook.com\/optimacall4excellence\/\" \/>\n<meta property=\"article:modified_time\" content=\"2024-04-22T12:19:45+00:00\" \/>\n<meta property=\"og:image\" content=\"https:\/\/optimacall.ro\/wp-content\/uploads\/2024\/01\/ai-human-scaled.jpg\" \/>\n\t<meta property=\"og:image:width\" content=\"2560\" \/>\n\t<meta property=\"og:image:height\" content=\"1487\" \/>\n\t<meta property=\"og:image:type\" content=\"image\/jpeg\" \/>\n<meta name=\"twitter:card\" content=\"summary_large_image\" \/>\n<meta name=\"twitter:label1\" content=\"Dur\u00e9e de lecture estim\u00e9e\" \/>\n\t<meta name=\"twitter:data1\" content=\"6 minutes\" \/>\n<script type=\"application\/ld+json\" class=\"yoast-schema-graph\">{\"@context\":\"https:\/\/schema.org\",\"@graph\":[{\"@type\":\"WebPage\",\"@id\":\"https:\/\/optimacall.ro\/politica-cookie\/\",\"url\":\"https:\/\/optimacall.ro\/politica-cookie\/\",\"name\":\"Politica Cookie | Optima\",\"isPartOf\":{\"@id\":\"https:\/\/optimacall.ro\/#website\"},\"datePublished\":\"2023-12-04T18:58:45+00:00\",\"dateModified\":\"2024-04-22T12:19:45+00:00\",\"breadcrumb\":{\"@id\":\"https:\/\/optimacall.ro\/politica-cookie\/#breadcrumb\"},\"inLanguage\":\"fr-FR\",\"potentialAction\":[{\"@type\":\"ReadAction\",\"target\":[\"https:\/\/optimacall.ro\/politica-cookie\/\"]}]},{\"@type\":\"BreadcrumbList\",\"@id\":\"https:\/\/optimacall.ro\/politica-cookie\/#breadcrumb\",\"itemListElement\":[{\"@type\":\"ListItem\",\"position\":1,\"name\":\"Optima\",\"item\":\"https:\/\/optimacall.ro\/\"},{\"@type\":\"ListItem\",\"position\":2,\"name\":\"Politica Cookie\"}]},{\"@type\":\"WebSite\",\"@id\":\"https:\/\/optimacall.ro\/#website\",\"url\":\"https:\/\/optimacall.ro\/\",\"name\":\"Optima\",\"description\":\"Solu\u021bii integrate de contact center \u0219i RPA\",\"publisher\":{\"@id\":\"https:\/\/optimacall.ro\/#organization\"},\"potentialAction\":[{\"@type\":\"SearchAction\",\"target\":{\"@type\":\"EntryPoint\",\"urlTemplate\":\"https:\/\/optimacall.ro\/?s={search_term_string}\"},\"query-input\":{\"@type\":\"PropertyValueSpecification\",\"valueRequired\":true,\"valueName\":\"search_term_string\"}}],\"inLanguage\":\"fr-FR\"},{\"@type\":[\"Organization\",\"Place\"],\"@id\":\"https:\/\/optimacall.ro\/#organization\",\"name\":\"Optima\",\"alternateName\":\"Optima Solutions Services\",\"url\":\"https:\/\/optimacall.ro\/\",\"logo\":{\"@id\":\"https:\/\/optimacall.ro\/politica-cookie\/#local-main-organization-logo\"},\"image\":{\"@id\":\"https:\/\/optimacall.ro\/politica-cookie\/#local-main-organization-logo\"},\"sameAs\":[\"https:\/\/www.facebook.com\/optimacall4excellence\/\"],\"description\":\"Call center cu servicii de outsourcing\",\"legalName\":\"Optima Solutions Services SRL\",\"foundingDate\":\"2010-10-10\",\"numberOfEmployees\":{\"@type\":\"QuantitativeValue\",\"minValue\":\"51\",\"maxValue\":\"200\"},\"openingHoursSpecification\":[{\"@type\":\"OpeningHoursSpecification\",\"dayOfWeek\":[\"Monday\",\"Tuesday\",\"Wednesday\",\"Thursday\",\"Friday\",\"Saturday\",\"Sunday\"],\"opens\":\"09:00\",\"closes\":\"17:00\"}]},{\"@type\":\"ImageObject\",\"inLanguage\":\"fr-FR\",\"@id\":\"https:\/\/optimacall.ro\/politica-cookie\/#local-main-organization-logo\",\"url\":\"https:\/\/optimacall.ro\/wp-content\/uploads\/2024\/03\/cropped-cropped-logo-optima-rain.png\",\"contentUrl\":\"https:\/\/optimacall.ro\/wp-content\/uploads\/2024\/03\/cropped-cropped-logo-optima-rain.png\",\"width\":112,\"height\":112,\"caption\":\"Optima\"}]}<\/script>\n<!-- \/ Yoast SEO Premium plugin. -->","yoast_head_json":{"title":"Politique en mati\u00e8re de cookies | Optima","robots":{"index":"noindex","follow":"nofollow"},"og_locale":"fr_FR","og_type":"article","og_title":"Politica Cookie","og_description":"&nbsp; Aceasta este Politica Cookie pentru OPTIMA accesibila din https:\/\/optimacall.ro\/. 1. Ce sunt Cookie-urile? Acest site utilizeaz\u0103 module cookie (fi\u0219iere mici care sunt desc\u0103rcate pe computer-ul\/telefonul\/tableta\/device-ul t\u0103u, cu scopul de a-\u021bi \u00eembun\u0103t\u0103\u021bi experien\u021ba). Aceast\u0103 pagin\u0103 descrie informa\u021biile pe care le colecteaz\u0103, modul \u00een care o folosim \u0219i de ce uneori trebuie s\u0103 stoc\u0103m aceste cookie-uri. [&hellip;]","og_url":"https:\/\/optimacall.ro\/fr\/politique-en-matiere-de-cookies\/","og_site_name":"Optima","article_publisher":"https:\/\/www.facebook.com\/optimacall4excellence\/","article_modified_time":"2024-04-22T12:19:45+00:00","og_image":[{"width":2560,"height":1487,"url":"https:\/\/optimacall.ro\/wp-content\/uploads\/2024\/01\/ai-human-scaled.jpg","type":"image\/jpeg"}],"twitter_card":"summary_large_image","twitter_misc":{"Dur\u00e9e de lecture estim\u00e9e":"6 minutes"},"schema":{"@context":"https:\/\/schema.org","@graph":[{"@type":"WebPage","@id":"https:\/\/optimacall.ro\/politica-cookie\/","url":"https:\/\/optimacall.ro\/politica-cookie\/","name":"Politique en mati\u00e8re de cookies | Optima","isPartOf":{"@id":"https:\/\/optimacall.ro\/#website"},"datePublished":"2023-12-04T18:58:45+00:00","dateModified":"2024-04-22T12:19:45+00:00","breadcrumb":{"@id":"https:\/\/optimacall.ro\/politica-cookie\/#breadcrumb"},"inLanguage":"fr-FR","potentialAction":[{"@type":"ReadAction","target":["https:\/\/optimacall.ro\/politica-cookie\/"]}]},{"@type":"BreadcrumbList","@id":"https:\/\/optimacall.ro\/politica-cookie\/#breadcrumb","itemListElement":[{"@type":"ListItem","position":1,"name":"Optima","item":"https:\/\/optimacall.ro\/"},{"@type":"ListItem","position":2,"name":"Politica Cookie"}]},{"@type":"WebSite","@id":"https:\/\/optimacall.ro\/#website","url":"https:\/\/optimacall.ro\/","name":"Optima","description":"Solutions int\u00e9gr\u00e9es de centre de contact et de RPA","publisher":{"@id":"https:\/\/optimacall.ro\/#organization"},"potentialAction":[{"@type":"SearchAction","target":{"@type":"EntryPoint","urlTemplate":"https:\/\/optimacall.ro\/?s={search_term_string}"},"query-input":{"@type":"PropertyValueSpecification","valueRequired":true,"valueName":"search_term_string"}}],"inLanguage":"fr-FR"},{"@type":["Organization","Place"],"@id":"https:\/\/optimacall.ro\/#organization","name":"Optima","alternateName":"Optima Solutions Services","url":"https:\/\/optimacall.ro\/","logo":{"@id":"https:\/\/optimacall.ro\/politica-cookie\/#local-main-organization-logo"},"image":{"@id":"https:\/\/optimacall.ro\/politica-cookie\/#local-main-organization-logo"},"sameAs":["https:\/\/www.facebook.com\/optimacall4excellence\/"],"description":"Services d'externalisation des centres d'appel","legalName":"Optima Solutions Services SRL","foundingDate":"2010-10-10","numberOfEmployees":{"@type":"QuantitativeValue","minValue":"51","maxValue":"200"},"openingHoursSpecification":[{"@type":"OpeningHoursSpecification","dayOfWeek":["Monday","Tuesday","Wednesday","Thursday","Friday","Saturday","Sunday"],"opens":"09:00","closes":"17:00"}]},{"@type":"ImageObject","inLanguage":"fr-FR","@id":"https:\/\/optimacall.ro\/politica-cookie\/#local-main-organization-logo","url":"https:\/\/optimacall.ro\/wp-content\/uploads\/2024\/03\/cropped-cropped-logo-optima-rain.png","contentUrl":"https:\/\/optimacall.ro\/wp-content\/uploads\/2024\/03\/cropped-cropped-logo-optima-rain.png","width":112,"height":112,"caption":"Optima"}]}},"_links":{"self":[{"href":"https:\/\/optimacall.ro\/fr\/wp-json\/wp\/v2\/pages\/798","targetHints":{"allow":["GET"]}}],"collection":[{"href":"https:\/\/optimacall.ro\/fr\/wp-json\/wp\/v2\/pages"}],"about":[{"href":"https:\/\/optimacall.ro\/fr\/wp-json\/wp\/v2\/types\/page"}],"author":[{"embeddable":true,"href":"https:\/\/optimacall.ro\/fr\/wp-json\/wp\/v2\/users\/1"}],"replies":[{"embeddable":true,"href":"https:\/\/optimacall.ro\/fr\/wp-json\/wp\/v2\/comments?post=798"}],"version-history":[{"count":1,"href":"https:\/\/optimacall.ro\/fr\/wp-json\/wp\/v2\/pages\/798\/revisions"}],"predecessor-version":[{"id":6689,"href":"https:\/\/optimacall.ro\/fr\/wp-json\/wp\/v2\/pages\/798\/revisions\/6689"}],"wp:attachment":[{"href":"https:\/\/optimacall.ro\/fr\/wp-json\/wp\/v2\/media?parent=798"}],"curies":[{"name":"wp","href":"https:\/\/api.w.org\/{rel}","templated":true}]}}