{"id":800,"date":"2023-12-04T21:59:35","date_gmt":"2023-12-04T18:59:35","guid":{"rendered":"https:\/\/optimacall.ro\/?page_id=800"},"modified":"2024-10-28T12:28:13","modified_gmt":"2024-10-28T10:28:13","slug":"conditions-generales","status":"publish","type":"page","link":"https:\/\/optimacall.ro\/fr\/conditions-generales\/","title":{"rendered":"Conditions d'utilisation"},"content":{"rendered":"<p>&nbsp;<\/p>\n<p>Le site web www.optimacall.ro est soumis aux termes et conditions (\"Conditions d'utilisation\") d\u00e9crits ci-dessous. Le site www.optimacall.ro est la propri\u00e9t\u00e9 d'Optima Solutions Services, dont le si\u00e8ge social est situ\u00e9 \u00e0 Bucarest, B-dul Dimitrie Pompei nr. 10A, Cladirea C1, 3e \u00e9tage, secteur 2, inscrite au registre du commerce sous le num\u00e9ro J40\/9804\/2010, avec le code d'enregistrement unique 27516047 ___, attribut fiscal RO (\"OPTIMA\"), enregistr\u00e9e aupr\u00e8s de l'Autorit\u00e9 nationale de contr\u00f4le du traitement des donn\u00e9es \u00e0 caract\u00e8re personnel.<\/p>\n<p>L'administrateur du site https:\/\/optimacall.ro\/ se r\u00e9serve le droit de modifier et de mettre \u00e0 jour \u00e0 tout moment le contenu de ce site, ainsi que les conditions d'utilisation, sans avis pr\u00e9alable.<\/p>\n<p><strong>1. ACC\u00c8S<\/strong><\/p>\n<p>L'objectif autoris\u00e9 pour l'utilisation de www.optimacall.ro est d'obtenir des informations sur les services fournis par Optima Solutions Services. Toute utilisation \u00e0 d'autres fins n'est pas autoris\u00e9e.<br \/>\nOptima Solutions Services n'assume aucune responsabilit\u00e9 quant \u00e0 la s\u00e9curit\u00e9 de ce site ou de votre communication avec lui.<\/p>\n<p><strong>1.2 TERMES<\/strong><\/p>\n<p>Le terme \"utilisateur\" de https:\/\/optimacall.ro\/ d\u00e9finit toute personne physique ou morale qui acc\u00e8de \u00e0 ce site web.<\/p>\n<p><strong>2. DROITS D'AUTEUR, MARQUES ET PROPRI\u00c9T\u00c9 INTELLECTUELLE<\/strong><\/p>\n<p>Optima Solutions Services fournit un acc\u00e8s gratuit au site web https:\/\/optimacall.ro\/ et vous autorise \u00e0 consulter les informations contenues dans le site web https:\/\/optimacall.ro\/.<br \/>\nLes informations contenues dans ce site sont la propri\u00e9t\u00e9 exclusive d'Optima Solutions Services. Aucun \u00e9l\u00e9ment de ce site ne peut \u00eatre reproduit en partie, en totalit\u00e9 ou sous une forme modifi\u00e9e sans l'autorisation \u00e9crite pr\u00e9alable d'Optima Solutions Services.<br \/>\nLe contenu de https:\/\/optimacall.ro\/, les logos, les textes, les images, les films et tout autre mat\u00e9riel pr\u00e9sent sur le site sont prot\u00e9g\u00e9s par la loi sur les droits d'auteur et sont la propri\u00e9t\u00e9 d'Optima Solutions Services ou de ses fournisseurs.<\/p>\n<p><strong>3. R\u00c8GLEMENT DES LITIGES :<\/strong><\/p>\n<p>Tout litige \u00e9ventuel en rapport avec https:\/\/optimacall.ro\/ rel\u00e8ve de la comp\u00e9tence des tribunaux roumains.<\/p>\n<p><strong>4. R\u00c8GLES D'UTILISATION<\/strong><\/p>\n<p>Non autoris\u00e9 :<br \/>\n- la copie, la multiplication, la distribution, l'archivage des textes, images, films existant sur https:\/\/optimacall.ro\/ sans l'accord pr\u00e9alable et \u00e9crit d'Optima Solutions Services. La violation de cette r\u00e8gle entra\u00eene une responsabilit\u00e9 civile ou p\u00e9nale.<\/p>\n<p><strong>5. LA DISPONIBILIT\u00c9 DES SERVICES<\/strong><\/p>\n<p>Optima Solutions Services se r\u00e9serve le droit de modifier le contenu du site ou m\u00eame d'en interrompre la disponibilit\u00e9 sans pr\u00e9avis. Optima Solutions Services ne pourra \u00eatre tenu pour responsable \u00e0 l'\u00e9gard de l'utilisateur, de toute personne physique ou morale tierce ou de toute institution de la modification du contenu de https:\/\/optimacall.ro\/ ou de l'interruption de la disponibilit\u00e9 de https:\/\/optimacall.ro\/.<br \/>\nLes conditions d'utilisation de https:\/\/optimacall.ro\/ peuvent \u00eatre modifi\u00e9es par Optima Solutions Services \u00e0 tout moment, elles entrent en vigueur au moment de leur publication.<\/p>\n<p><strong>6. L'EXON\u00c9RATION DE LA RESPONSABILIT\u00c9<\/strong><\/p>\n<p>En acceptant d'utiliser https:\/\/optimacall.ro\/, vous d\u00e9clarez express\u00e9ment et implicitement que vous comprenez et acceptez ce qui suit :<br \/>\n- l'utilisation de https:\/\/optimacall.ro\/ se fait \u00e0 vos propres risques. Optima Solutions Services d\u00e9cline express\u00e9ment toute responsabilit\u00e9 de quelque nature que ce soit.<\/p>\n<p><strong>7. LIMITATION DE LA RESPONSABILIT\u00c9<\/strong><\/p>\n<p>Optima Solutions Services ne sera pas responsable des dommages directs ou indirects r\u00e9sultant de l'acc\u00e8s \u00e0 https:\/\/optimacall.ro\/.<br \/>\nhttps:\/\/optimacall.ro\/ est fourni sous cette forme sans aucune autre garantie. Optima Solutions Services n'est pas et ne peut \u00eatre tenu responsable de l'inad\u00e9quation, de l'indisponibilit\u00e9 ou d'autres d\u00e9fauts de https:\/\/optimacall.ro\/ ou de son contenu.<\/p>\n<p><strong>8. CONFIDENTIALIT\u00c9 ET INFORMATIONS PERSONNELLES<\/strong><\/p>\n<p>Les informations personnelles mises \u00e0 disposition sur le site web d'Optima Solutions Services, afin de recevoir ou d'utiliser certains services, sont prot\u00e9g\u00e9es par la loi 677\/2001.<br \/>\nEn remplissant les champs des formulaires d'inscription en ligne, les utilisateurs acceptent d'\u00eatre contact\u00e9s \u00e0 l'avenir par Optima Solutions Services.<br \/>\nOptima Solutions Services n'est pas responsable des attaques qui ont pour but le vol ou le vandalisme et qui pourraient conduire \u00e0 la divulgation ou \u00e0 la compromission de donn\u00e9es.<\/p>\n<p><strong>9. POLITIQUE EN MATI\u00c8RE DE COOKIES<\/strong><\/p>\n<p>Cookies<br \/>\nNous utilisons des cookies pour am\u00e9liorer la convivialit\u00e9 et la fonctionnalit\u00e9 de notre site web et pour mieux comprendre comment les visiteurs utilisent notre site web et les outils et services que nous offrons.<\/p>\n<p>L'enregistrement de cookies sur votre ordinateur est un moyen facile et pratique de personnaliser ou d'am\u00e9liorer votre exp\u00e9rience sur notre site web et de rendre votre prochaine visite plus agr\u00e9able. Si vous souhaitez en savoir plus sur la politique d'Optima Solutions Services en mati\u00e8re de cookies et sur vos droits, veuillez consulter la section \" Politique d'Optima Solutions Services en mati\u00e8re de cookies \".<\/p>","protected":false},"excerpt":{"rendered":"<p>&nbsp; Site-ul web www.optimacall.ro, este supus termenilor \u0219i condi\u021biilor (\u201eTermenii de utilizare\u201d) descrise mai jos. Site-ul web www.optimacall.ro este de\u021binut de Optima Solutions Services,\u00a0 avand sediul in Bucuresti, B-dul Dimitrie Pompei nr. 10A, Cladirea C1, etaj 3, sector 2 fiind inregistrata la Oficiul Comertului sub nr. J40\/9804\/2010, cu cod unic de inregistrare 27516047 ___, atribut [&hellip;]<\/p>\n","protected":false},"author":1,"featured_media":0,"parent":0,"menu_order":9,"comment_status":"closed","ping_status":"closed","template":"","meta":{"footnotes":""},"class_list":["post-800","page","type-page","status-publish","hentry"],"yoast_head":"<!-- This site is optimized with the Yoast SEO Premium plugin v26.5 (Yoast SEO v26.5) - https:\/\/yoast.com\/wordpress\/plugins\/seo\/ -->\n<title>Termeni \u0219i condi\u021bii | Optima<\/title>\n<meta name=\"robots\" content=\"noindex, nofollow\" \/>\n<meta property=\"og:locale\" content=\"fr_FR\" \/>\n<meta property=\"og:type\" content=\"article\" \/>\n<meta property=\"og:title\" content=\"Termeni \u0219i condi\u021bii\" \/>\n<meta property=\"og:description\" content=\"&nbsp; Site-ul web www.optimacall.ro, este supus termenilor \u0219i condi\u021biilor (\u201eTermenii de utilizare\u201d) descrise mai jos. Site-ul web www.optimacall.ro este de\u021binut de Optima Solutions Services,\u00a0 avand sediul in Bucuresti, B-dul Dimitrie Pompei nr. 10A, Cladirea C1, etaj 3, sector 2 fiind inregistrata la Oficiul Comertului sub nr. J40\/9804\/2010, cu cod unic de inregistrare 27516047 ___, atribut [&hellip;]\" \/>\n<meta property=\"og:url\" content=\"https:\/\/optimacall.ro\/fr\/conditions-generales\/\" \/>\n<meta property=\"og:site_name\" content=\"Optima\" \/>\n<meta property=\"article:publisher\" content=\"https:\/\/www.facebook.com\/optimacall4excellence\/\" \/>\n<meta property=\"article:modified_time\" content=\"2024-10-28T10:28:13+00:00\" \/>\n<meta property=\"og:image\" content=\"https:\/\/optimacall.ro\/wp-content\/uploads\/2024\/01\/ai-human-scaled.jpg\" \/>\n\t<meta property=\"og:image:width\" content=\"2560\" \/>\n\t<meta property=\"og:image:height\" content=\"1487\" \/>\n\t<meta property=\"og:image:type\" content=\"image\/jpeg\" \/>\n<meta name=\"twitter:card\" content=\"summary_large_image\" \/>\n<meta name=\"twitter:label1\" content=\"Dur\u00e9e de lecture estim\u00e9e\" \/>\n\t<meta name=\"twitter:data1\" content=\"4 minutes\" \/>\n<script type=\"application\/ld+json\" class=\"yoast-schema-graph\">{\"@context\":\"https:\/\/schema.org\",\"@graph\":[{\"@type\":\"WebPage\",\"@id\":\"https:\/\/optimacall.ro\/termeni-si-conditii\/\",\"url\":\"https:\/\/optimacall.ro\/termeni-si-conditii\/\",\"name\":\"Termeni \u0219i condi\u021bii | Optima\",\"isPartOf\":{\"@id\":\"https:\/\/optimacall.ro\/#website\"},\"datePublished\":\"2023-12-04T18:59:35+00:00\",\"dateModified\":\"2024-10-28T10:28:13+00:00\",\"breadcrumb\":{\"@id\":\"https:\/\/optimacall.ro\/termeni-si-conditii\/#breadcrumb\"},\"inLanguage\":\"fr-FR\",\"potentialAction\":[{\"@type\":\"ReadAction\",\"target\":[\"https:\/\/optimacall.ro\/termeni-si-conditii\/\"]}]},{\"@type\":\"BreadcrumbList\",\"@id\":\"https:\/\/optimacall.ro\/termeni-si-conditii\/#breadcrumb\",\"itemListElement\":[{\"@type\":\"ListItem\",\"position\":1,\"name\":\"Optima\",\"item\":\"https:\/\/optimacall.ro\/\"},{\"@type\":\"ListItem\",\"position\":2,\"name\":\"Termeni \u0219i condi\u021bii\"}]},{\"@type\":\"WebSite\",\"@id\":\"https:\/\/optimacall.ro\/#website\",\"url\":\"https:\/\/optimacall.ro\/\",\"name\":\"Optima\",\"description\":\"Solu\u021bii integrate de contact center \u0219i RPA\",\"publisher\":{\"@id\":\"https:\/\/optimacall.ro\/#organization\"},\"potentialAction\":[{\"@type\":\"SearchAction\",\"target\":{\"@type\":\"EntryPoint\",\"urlTemplate\":\"https:\/\/optimacall.ro\/?s={search_term_string}\"},\"query-input\":{\"@type\":\"PropertyValueSpecification\",\"valueRequired\":true,\"valueName\":\"search_term_string\"}}],\"inLanguage\":\"fr-FR\"},{\"@type\":[\"Organization\",\"Place\"],\"@id\":\"https:\/\/optimacall.ro\/#organization\",\"name\":\"Optima\",\"alternateName\":\"Optima Solutions Services\",\"url\":\"https:\/\/optimacall.ro\/\",\"logo\":{\"@id\":\"https:\/\/optimacall.ro\/termeni-si-conditii\/#local-main-organization-logo\"},\"image\":{\"@id\":\"https:\/\/optimacall.ro\/termeni-si-conditii\/#local-main-organization-logo\"},\"sameAs\":[\"https:\/\/www.facebook.com\/optimacall4excellence\/\"],\"description\":\"Call center cu servicii de outsourcing\",\"legalName\":\"Optima Solutions Services SRL\",\"foundingDate\":\"2010-10-10\",\"numberOfEmployees\":{\"@type\":\"QuantitativeValue\",\"minValue\":\"51\",\"maxValue\":\"200\"},\"openingHoursSpecification\":[{\"@type\":\"OpeningHoursSpecification\",\"dayOfWeek\":[\"Monday\",\"Tuesday\",\"Wednesday\",\"Thursday\",\"Friday\",\"Saturday\",\"Sunday\"],\"opens\":\"09:00\",\"closes\":\"17:00\"}]},{\"@type\":\"ImageObject\",\"inLanguage\":\"fr-FR\",\"@id\":\"https:\/\/optimacall.ro\/termeni-si-conditii\/#local-main-organization-logo\",\"url\":\"https:\/\/optimacall.ro\/wp-content\/uploads\/2024\/03\/cropped-cropped-logo-optima-rain.png\",\"contentUrl\":\"https:\/\/optimacall.ro\/wp-content\/uploads\/2024\/03\/cropped-cropped-logo-optima-rain.png\",\"width\":112,\"height\":112,\"caption\":\"Optima\"}]}<\/script>\n<!-- \/ Yoast SEO Premium plugin. -->","yoast_head_json":{"title":"Conditions d'utilisation | Optima","robots":{"index":"noindex","follow":"nofollow"},"og_locale":"fr_FR","og_type":"article","og_title":"Termeni \u0219i condi\u021bii","og_description":"&nbsp; Site-ul web www.optimacall.ro, este supus termenilor \u0219i condi\u021biilor (\u201eTermenii de utilizare\u201d) descrise mai jos. Site-ul web www.optimacall.ro este de\u021binut de Optima Solutions Services,\u00a0 avand sediul in Bucuresti, B-dul Dimitrie Pompei nr. 10A, Cladirea C1, etaj 3, sector 2 fiind inregistrata la Oficiul Comertului sub nr. J40\/9804\/2010, cu cod unic de inregistrare 27516047 ___, atribut [&hellip;]","og_url":"https:\/\/optimacall.ro\/fr\/conditions-generales\/","og_site_name":"Optima","article_publisher":"https:\/\/www.facebook.com\/optimacall4excellence\/","article_modified_time":"2024-10-28T10:28:13+00:00","og_image":[{"width":2560,"height":1487,"url":"https:\/\/optimacall.ro\/wp-content\/uploads\/2024\/01\/ai-human-scaled.jpg","type":"image\/jpeg"}],"twitter_card":"summary_large_image","twitter_misc":{"Dur\u00e9e de lecture estim\u00e9e":"4 minutes"},"schema":{"@context":"https:\/\/schema.org","@graph":[{"@type":"WebPage","@id":"https:\/\/optimacall.ro\/termeni-si-conditii\/","url":"https:\/\/optimacall.ro\/termeni-si-conditii\/","name":"Conditions d'utilisation | Optima","isPartOf":{"@id":"https:\/\/optimacall.ro\/#website"},"datePublished":"2023-12-04T18:59:35+00:00","dateModified":"2024-10-28T10:28:13+00:00","breadcrumb":{"@id":"https:\/\/optimacall.ro\/termeni-si-conditii\/#breadcrumb"},"inLanguage":"fr-FR","potentialAction":[{"@type":"ReadAction","target":["https:\/\/optimacall.ro\/termeni-si-conditii\/"]}]},{"@type":"BreadcrumbList","@id":"https:\/\/optimacall.ro\/termeni-si-conditii\/#breadcrumb","itemListElement":[{"@type":"ListItem","position":1,"name":"Optima","item":"https:\/\/optimacall.ro\/"},{"@type":"ListItem","position":2,"name":"Termeni \u0219i condi\u021bii"}]},{"@type":"WebSite","@id":"https:\/\/optimacall.ro\/#website","url":"https:\/\/optimacall.ro\/","name":"Optima","description":"Solutions int\u00e9gr\u00e9es de centre de contact et de RPA","publisher":{"@id":"https:\/\/optimacall.ro\/#organization"},"potentialAction":[{"@type":"SearchAction","target":{"@type":"EntryPoint","urlTemplate":"https:\/\/optimacall.ro\/?s={search_term_string}"},"query-input":{"@type":"PropertyValueSpecification","valueRequired":true,"valueName":"search_term_string"}}],"inLanguage":"fr-FR"},{"@type":["Organization","Place"],"@id":"https:\/\/optimacall.ro\/#organization","name":"Optima","alternateName":"Optima Solutions Services","url":"https:\/\/optimacall.ro\/","logo":{"@id":"https:\/\/optimacall.ro\/termeni-si-conditii\/#local-main-organization-logo"},"image":{"@id":"https:\/\/optimacall.ro\/termeni-si-conditii\/#local-main-organization-logo"},"sameAs":["https:\/\/www.facebook.com\/optimacall4excellence\/"],"description":"Services d'externalisation des centres d'appel","legalName":"Optima Solutions Services SRL","foundingDate":"2010-10-10","numberOfEmployees":{"@type":"QuantitativeValue","minValue":"51","maxValue":"200"},"openingHoursSpecification":[{"@type":"OpeningHoursSpecification","dayOfWeek":["Monday","Tuesday","Wednesday","Thursday","Friday","Saturday","Sunday"],"opens":"09:00","closes":"17:00"}]},{"@type":"ImageObject","inLanguage":"fr-FR","@id":"https:\/\/optimacall.ro\/termeni-si-conditii\/#local-main-organization-logo","url":"https:\/\/optimacall.ro\/wp-content\/uploads\/2024\/03\/cropped-cropped-logo-optima-rain.png","contentUrl":"https:\/\/optimacall.ro\/wp-content\/uploads\/2024\/03\/cropped-cropped-logo-optima-rain.png","width":112,"height":112,"caption":"Optima"}]}},"_links":{"self":[{"href":"https:\/\/optimacall.ro\/fr\/wp-json\/wp\/v2\/pages\/800","targetHints":{"allow":["GET"]}}],"collection":[{"href":"https:\/\/optimacall.ro\/fr\/wp-json\/wp\/v2\/pages"}],"about":[{"href":"https:\/\/optimacall.ro\/fr\/wp-json\/wp\/v2\/types\/page"}],"author":[{"embeddable":true,"href":"https:\/\/optimacall.ro\/fr\/wp-json\/wp\/v2\/users\/1"}],"replies":[{"embeddable":true,"href":"https:\/\/optimacall.ro\/fr\/wp-json\/wp\/v2\/comments?post=800"}],"version-history":[{"count":1,"href":"https:\/\/optimacall.ro\/fr\/wp-json\/wp\/v2\/pages\/800\/revisions"}],"predecessor-version":[{"id":9210,"href":"https:\/\/optimacall.ro\/fr\/wp-json\/wp\/v2\/pages\/800\/revisions\/9210"}],"wp:attachment":[{"href":"https:\/\/optimacall.ro\/fr\/wp-json\/wp\/v2\/media?parent=800"}],"curies":[{"name":"wp","href":"https:\/\/api.w.org\/{rel}","templated":true}]}}