{"id":803,"date":"2023-12-04T22:00:39","date_gmt":"2023-12-04T19:00:39","guid":{"rendered":"https:\/\/optimacall.ro\/?page_id=803"},"modified":"2025-06-13T09:21:44","modified_gmt":"2025-06-13T06:21:44","slug":"politique-environnementale","status":"publish","type":"page","link":"https:\/\/optimacall.ro\/fr\/politique-environnementale\/","title":{"rendered":"Politique environnementale"},"content":{"rendered":"<p>OPTIMA SOLUTIONS SERVICES SRL consid\u00e8re la protection de l'environnement comme une priorit\u00e9 pour le d\u00e9veloppement des activit\u00e9s, mais aussi pour la gestion interne des processus.<\/p>\n<p>Chez OPTIMA SOLUTIONS SERVICES SA, nous nous engageons pleinement \u00e0 \u00e9tablir et \u00e0 respecter les exigences l\u00e9gales applicables ainsi que les exigences sp\u00e9cifiques et les attentes de nos clients.<\/p>\n<p>Nous nous effor\u00e7ons en permanence de minimiser les risques environnementaux li\u00e9s \u00e0 nos activit\u00e9s, aux parties prenantes concern\u00e9es, aux probl\u00e8mes environnementaux identifi\u00e9s et aux r\u00e9glementations l\u00e9gales applicables.<\/p>\n<p>La mise en \u0153uvre et le maintien d'un syst\u00e8me de gestion environnementale conforme \u00e0 la norme ISO 14001:2015 permettent d'atteindre un niveau de performance \u00e9lev\u00e9.<\/p>\n<p>Nos principaux OBJECTIFS sont les suivants<\/p>\n<ul>\n<li>L'accent est mis en permanence sur la r\u00e9duction des non-conformit\u00e9s et des plaintes \u00e9manant des parties prenantes concern\u00e9es ;<\/li>\n<li>R\u00e9duire la quantit\u00e9 de d\u00e9chets r\u00e9sultant de l'activit\u00e9 et la consommation d'\u00e9lectricit\u00e9 et d'eau par une gestion appropri\u00e9e ;<\/li>\n<li>Promouvoir une culture positive de la protection de l'environnement dans l'ensemble de l'organisation ;<\/li>\n<li>Am\u00e9lioration continue du syst\u00e8me de gestion de l'environnement.<\/li>\n<\/ul>\n<p>Je pense que cette politique doit \u00eatre communiqu\u00e9e, comprise et appliqu\u00e9e par mon engagement personnel et celui de tous les membres d'OPTIMA SOLUTIONS SERVICES SA, quelle que soit leur position dans l'entreprise.<\/p>\n<p><strong>Directeur g\u00e9n\u00e9ral Date : 01.06.2025<\/strong><\/p>\n<p><strong>Ionescu Andrei-George<\/strong><\/p>","protected":false},"excerpt":{"rendered":"<p>OPTIMA SOLUTIONS SERVICES SRL consider\u0103 protec\u021bia mediului \u00eenconjur\u0103tor ca fiind prioritar\u0103 pentru desf\u0103\u0219urarea activit\u0103\u021bilor, dar \u0219i pentru managementul intern al proceselor. \u00cen cadrul OPTIMA SOLUTIONS SERVICES SA, suntem total angaja\u0163i s\u0103 stabilim \u015fi s\u0103 respect\u0103m, cerin\u021bele legale aplicabile \u0219i cerin\u0163ele specificate \u015fi a\u015ftept\u0103rile clien\u0163ilor no\u015ftri. Ne preocup\u0103m permanent de reducerea riscurilor de mediu asociate activit\u0103\u021bilor [&hellip;]<\/p>\n","protected":false},"author":1,"featured_media":0,"parent":0,"menu_order":8,"comment_status":"closed","ping_status":"closed","template":"","meta":{"footnotes":""},"class_list":["post-803","page","type-page","status-publish","hentry"],"yoast_head":"<!-- This site is optimized with the Yoast SEO Premium plugin v26.5 (Yoast SEO v26.5) - https:\/\/yoast.com\/wordpress\/plugins\/seo\/ -->\n<title>Politica \u00een domeniul mediului | Optima<\/title>\n<meta name=\"description\" content=\"Ce este politica \u00een domeniul mediului \u0219i de ce este ea importanta pentru o companie de succes pe pia\u021ba de outsourcing.\" \/>\n<meta name=\"robots\" content=\"noindex, nofollow\" \/>\n<meta property=\"og:locale\" content=\"fr_FR\" \/>\n<meta property=\"og:type\" content=\"article\" \/>\n<meta property=\"og:title\" content=\"Politica \u00een domeniul mediului\" \/>\n<meta property=\"og:description\" content=\"Ce este politica \u00een domeniul mediului \u0219i de ce este ea importanta pentru o companie de succes pe pia\u021ba de outsourcing.\" \/>\n<meta property=\"og:url\" content=\"https:\/\/optimacall.ro\/fr\/politique-environnementale\/\" \/>\n<meta property=\"og:site_name\" content=\"Optima\" \/>\n<meta property=\"article:publisher\" content=\"https:\/\/www.facebook.com\/optimacall4excellence\/\" \/>\n<meta property=\"article:modified_time\" content=\"2025-06-13T06:21:44+00:00\" \/>\n<meta property=\"og:image\" content=\"https:\/\/optimacall.ro\/wp-content\/uploads\/2024\/01\/ai-human-scaled.jpg\" \/>\n\t<meta property=\"og:image:width\" content=\"2560\" \/>\n\t<meta property=\"og:image:height\" content=\"1487\" \/>\n\t<meta property=\"og:image:type\" content=\"image\/jpeg\" \/>\n<meta name=\"twitter:card\" content=\"summary_large_image\" \/>\n<meta name=\"twitter:label1\" content=\"Dur\u00e9e de lecture estim\u00e9e\" \/>\n\t<meta name=\"twitter:data1\" content=\"1 minute\" \/>\n<script type=\"application\/ld+json\" class=\"yoast-schema-graph\">{\"@context\":\"https:\/\/schema.org\",\"@graph\":[{\"@type\":\"WebPage\",\"@id\":\"https:\/\/optimacall.ro\/politica-in-domeniul-mediului\/\",\"url\":\"https:\/\/optimacall.ro\/politica-in-domeniul-mediului\/\",\"name\":\"Politica \u00een domeniul mediului | Optima\",\"isPartOf\":{\"@id\":\"https:\/\/optimacall.ro\/#website\"},\"datePublished\":\"2023-12-04T19:00:39+00:00\",\"dateModified\":\"2025-06-13T06:21:44+00:00\",\"description\":\"Ce este politica \u00een domeniul mediului \u0219i de ce este ea importanta pentru o companie de succes pe pia\u021ba de outsourcing.\",\"breadcrumb\":{\"@id\":\"https:\/\/optimacall.ro\/politica-in-domeniul-mediului\/#breadcrumb\"},\"inLanguage\":\"fr-FR\",\"potentialAction\":[{\"@type\":\"ReadAction\",\"target\":[\"https:\/\/optimacall.ro\/politica-in-domeniul-mediului\/\"]}]},{\"@type\":\"BreadcrumbList\",\"@id\":\"https:\/\/optimacall.ro\/politica-in-domeniul-mediului\/#breadcrumb\",\"itemListElement\":[{\"@type\":\"ListItem\",\"position\":1,\"name\":\"Optima\",\"item\":\"https:\/\/optimacall.ro\/\"},{\"@type\":\"ListItem\",\"position\":2,\"name\":\"Politica \u00een domeniul mediului\"}]},{\"@type\":\"WebSite\",\"@id\":\"https:\/\/optimacall.ro\/#website\",\"url\":\"https:\/\/optimacall.ro\/\",\"name\":\"Optima\",\"description\":\"Solu\u021bii integrate de contact center \u0219i RPA\",\"publisher\":{\"@id\":\"https:\/\/optimacall.ro\/#organization\"},\"potentialAction\":[{\"@type\":\"SearchAction\",\"target\":{\"@type\":\"EntryPoint\",\"urlTemplate\":\"https:\/\/optimacall.ro\/?s={search_term_string}\"},\"query-input\":{\"@type\":\"PropertyValueSpecification\",\"valueRequired\":true,\"valueName\":\"search_term_string\"}}],\"inLanguage\":\"fr-FR\"},{\"@type\":[\"Organization\",\"Place\"],\"@id\":\"https:\/\/optimacall.ro\/#organization\",\"name\":\"Optima\",\"alternateName\":\"Optima Solutions Services\",\"url\":\"https:\/\/optimacall.ro\/\",\"logo\":{\"@id\":\"https:\/\/optimacall.ro\/politica-in-domeniul-mediului\/#local-main-organization-logo\"},\"image\":{\"@id\":\"https:\/\/optimacall.ro\/politica-in-domeniul-mediului\/#local-main-organization-logo\"},\"sameAs\":[\"https:\/\/www.facebook.com\/optimacall4excellence\/\"],\"description\":\"Call center cu servicii de outsourcing\",\"legalName\":\"Optima Solutions Services SRL\",\"foundingDate\":\"2010-10-10\",\"numberOfEmployees\":{\"@type\":\"QuantitativeValue\",\"minValue\":\"51\",\"maxValue\":\"200\"},\"openingHoursSpecification\":[{\"@type\":\"OpeningHoursSpecification\",\"dayOfWeek\":[\"Monday\",\"Tuesday\",\"Wednesday\",\"Thursday\",\"Friday\",\"Saturday\",\"Sunday\"],\"opens\":\"09:00\",\"closes\":\"17:00\"}]},{\"@type\":\"ImageObject\",\"inLanguage\":\"fr-FR\",\"@id\":\"https:\/\/optimacall.ro\/politica-in-domeniul-mediului\/#local-main-organization-logo\",\"url\":\"https:\/\/optimacall.ro\/wp-content\/uploads\/2024\/03\/cropped-cropped-logo-optima-rain.png\",\"contentUrl\":\"https:\/\/optimacall.ro\/wp-content\/uploads\/2024\/03\/cropped-cropped-logo-optima-rain.png\",\"width\":112,\"height\":112,\"caption\":\"Optima\"}]}<\/script>\n<!-- \/ Yoast SEO Premium plugin. -->","yoast_head_json":{"title":"Politique environnementale | Optima","description":"Qu'est-ce que la politique environnementale et pourquoi est-elle importante pour la r\u00e9ussite d'une entreprise sur le march\u00e9 de l'externalisation ?","robots":{"index":"noindex","follow":"nofollow"},"og_locale":"fr_FR","og_type":"article","og_title":"Politica \u00een domeniul mediului","og_description":"Ce este politica \u00een domeniul mediului \u0219i de ce este ea importanta pentru o companie de succes pe pia\u021ba de outsourcing.","og_url":"https:\/\/optimacall.ro\/fr\/politique-environnementale\/","og_site_name":"Optima","article_publisher":"https:\/\/www.facebook.com\/optimacall4excellence\/","article_modified_time":"2025-06-13T06:21:44+00:00","og_image":[{"width":2560,"height":1487,"url":"https:\/\/optimacall.ro\/wp-content\/uploads\/2024\/01\/ai-human-scaled.jpg","type":"image\/jpeg"}],"twitter_card":"summary_large_image","twitter_misc":{"Dur\u00e9e de lecture estim\u00e9e":"1 minute"},"schema":{"@context":"https:\/\/schema.org","@graph":[{"@type":"WebPage","@id":"https:\/\/optimacall.ro\/politica-in-domeniul-mediului\/","url":"https:\/\/optimacall.ro\/politica-in-domeniul-mediului\/","name":"Politique environnementale | Optima","isPartOf":{"@id":"https:\/\/optimacall.ro\/#website"},"datePublished":"2023-12-04T19:00:39+00:00","dateModified":"2025-06-13T06:21:44+00:00","description":"Qu'est-ce que la politique environnementale et pourquoi est-elle importante pour la r\u00e9ussite d'une entreprise sur le march\u00e9 de l'externalisation ?","breadcrumb":{"@id":"https:\/\/optimacall.ro\/politica-in-domeniul-mediului\/#breadcrumb"},"inLanguage":"fr-FR","potentialAction":[{"@type":"ReadAction","target":["https:\/\/optimacall.ro\/politica-in-domeniul-mediului\/"]}]},{"@type":"BreadcrumbList","@id":"https:\/\/optimacall.ro\/politica-in-domeniul-mediului\/#breadcrumb","itemListElement":[{"@type":"ListItem","position":1,"name":"Optima","item":"https:\/\/optimacall.ro\/"},{"@type":"ListItem","position":2,"name":"Politica \u00een domeniul mediului"}]},{"@type":"WebSite","@id":"https:\/\/optimacall.ro\/#website","url":"https:\/\/optimacall.ro\/","name":"Optima","description":"Solutions int\u00e9gr\u00e9es de centre de contact et de RPA","publisher":{"@id":"https:\/\/optimacall.ro\/#organization"},"potentialAction":[{"@type":"SearchAction","target":{"@type":"EntryPoint","urlTemplate":"https:\/\/optimacall.ro\/?s={search_term_string}"},"query-input":{"@type":"PropertyValueSpecification","valueRequired":true,"valueName":"search_term_string"}}],"inLanguage":"fr-FR"},{"@type":["Organization","Place"],"@id":"https:\/\/optimacall.ro\/#organization","name":"Optima","alternateName":"Optima Solutions Services","url":"https:\/\/optimacall.ro\/","logo":{"@id":"https:\/\/optimacall.ro\/politica-in-domeniul-mediului\/#local-main-organization-logo"},"image":{"@id":"https:\/\/optimacall.ro\/politica-in-domeniul-mediului\/#local-main-organization-logo"},"sameAs":["https:\/\/www.facebook.com\/optimacall4excellence\/"],"description":"Services d'externalisation des centres d'appel","legalName":"Optima Solutions Services SRL","foundingDate":"2010-10-10","numberOfEmployees":{"@type":"QuantitativeValue","minValue":"51","maxValue":"200"},"openingHoursSpecification":[{"@type":"OpeningHoursSpecification","dayOfWeek":["Monday","Tuesday","Wednesday","Thursday","Friday","Saturday","Sunday"],"opens":"09:00","closes":"17:00"}]},{"@type":"ImageObject","inLanguage":"fr-FR","@id":"https:\/\/optimacall.ro\/politica-in-domeniul-mediului\/#local-main-organization-logo","url":"https:\/\/optimacall.ro\/wp-content\/uploads\/2024\/03\/cropped-cropped-logo-optima-rain.png","contentUrl":"https:\/\/optimacall.ro\/wp-content\/uploads\/2024\/03\/cropped-cropped-logo-optima-rain.png","width":112,"height":112,"caption":"Optima"}]}},"_links":{"self":[{"href":"https:\/\/optimacall.ro\/fr\/wp-json\/wp\/v2\/pages\/803","targetHints":{"allow":["GET"]}}],"collection":[{"href":"https:\/\/optimacall.ro\/fr\/wp-json\/wp\/v2\/pages"}],"about":[{"href":"https:\/\/optimacall.ro\/fr\/wp-json\/wp\/v2\/types\/page"}],"author":[{"embeddable":true,"href":"https:\/\/optimacall.ro\/fr\/wp-json\/wp\/v2\/users\/1"}],"replies":[{"embeddable":true,"href":"https:\/\/optimacall.ro\/fr\/wp-json\/wp\/v2\/comments?post=803"}],"version-history":[{"count":1,"href":"https:\/\/optimacall.ro\/fr\/wp-json\/wp\/v2\/pages\/803\/revisions"}],"predecessor-version":[{"id":10546,"href":"https:\/\/optimacall.ro\/fr\/wp-json\/wp\/v2\/pages\/803\/revisions\/10546"}],"wp:attachment":[{"href":"https:\/\/optimacall.ro\/fr\/wp-json\/wp\/v2\/media?parent=803"}],"curies":[{"name":"wp","href":"https:\/\/api.w.org\/{rel}","templated":true}]}}