{"id":10547,"date":"2025-06-13T09:06:18","date_gmt":"2025-06-13T06:06:18","guid":{"rendered":"https:\/\/optimacall.ro\/?page_id=10547"},"modified":"2025-06-13T09:24:46","modified_gmt":"2025-06-13T06:24:46","slug":"politica-di-sicurezza-delle-informazioni","status":"publish","type":"page","link":"https:\/\/optimacall.ro\/it\/politica-di-sicurezza-delle-informazioni\/","title":{"rendered":"Politica di sicurezza delle informazioni"},"content":{"rendered":"<p>Nelle circostanze e nell'ambiente commerciale di oggi, e soprattutto in futuro, la sicurezza dei dati \u00e8 essenziale per noi e per i nostri Clienti e partner. Per questo motivo ci impegniamo a proteggere le nostre informazioni e quelle dei nostri Clienti e partner, a monitorare, valutare e migliorare l'adeguatezza e l'efficacia di questa protezione in termini di persone, metodi e beni, compresi hardware e software.<\/p>\n<p>Garantiamo la riservatezza, l'integrit\u00e0 e la disponibilit\u00e0 delle informazioni di OPTIMA SOLUTIONS SERVICES SA e dei Clienti in condizioni di conformit\u00e0 con i requisiti legali, normativi e di sicurezza delle informazioni assunti, nonch\u00e9 in condizioni di garantire la funzionalit\u00e0 e la disponibilit\u00e0 delle risorse informative, compresi hardware e software.<\/p>\n<p>Ci\u00f2 si ottiene implementando e mantenendo un sistema di sicurezza delle informazioni conforme alla norma ISO\/IEC 27001:2022.<\/p>\n<p>Gli obiettivi principali nel campo della sicurezza informatica sono:<\/p>\n<ul>\n<li>Garantire la riservatezza, l'integrit\u00e0 e la disponibilit\u00e0 delle informazioni circolanti all'interno di OPTIMA SOLUTIONS SERVICES SA, comprese quelle appartenenti ad altre parti interessate (ad esempio, clienti, fornitori, dipendenti);<\/li>\n<li>Proteggere da un'ampia gamma di minacce lungo tutto il ciclo di vita delle informazioni per garantire la continuit\u00e0 aziendale, ridurre al minimo i rischi e massimizzare il ritorno sugli investimenti e le opportunit\u00e0 commerciali;<\/li>\n<li>Identificare, analizzare e affrontare i rischi per la sicurezza delle informazioni per prevenire o ridurre gli effetti indesiderati e ottenere un miglioramento continuo;<\/li>\n<li>Sensibilizzare i dipendenti sulle loro responsabilit\u00e0 in materia di sicurezza delle informazioni;<\/li>\n<li>Sviluppare una cultura della sicurezza informatica integrata nella cultura organizzativa.<\/li>\n<\/ul>\n<p>Tutti i dipendenti hanno l'obbligo di proteggere i dati e le informazioni con cui entrano in contatto, nonch\u00e9 le risorse tecnologiche assegnate per il loro utilizzo, in modo efficiente, etico e legale. La manomissione, la violazione, la diffusione non autorizzata o l'uso improprio delle informazioni e delle relative risorse costituiscono una grave scorrettezza che pu\u00f2 comportare sanzioni amministrative, disciplinari, contrattuali e legali, se del caso.<\/p>\n<p>Ritengo che questa politica debba essere comunicata, compresa e applicata attraverso il mio impegno personale e quello di tutti i membri di OPTIMA SOLUTIONS SERVICES SA, indipendentemente dalla posizione ricoperta.<\/p>\n<p><strong>Direttore generale Data: 01.06.2025<\/strong><\/p>\n<p><strong>Ionescu Andrei-George<\/strong><\/p>","protected":false},"excerpt":{"rendered":"<p>\u00cen circumstan\u021bele \u0219i \u00een mediul de afaceri din prezent \u0219i mai ales \u00een viitor, securitatea datelor este esen\u021bial\u0103 pentru noi precum \u0219i pentru Clien\u021bii \u0219i partenerii no\u0219tri. De aceea ne angaj\u0103m s\u0103 protej\u0103m informa\u021biile noastre \u0219i ale Clien\u021bilor \u0219i partenerilor no\u0219tri, s\u0103 monitoriz\u0103m, s\u0103 evalu\u0103m \u0219i s\u0103 \u00eembun\u0103t\u0103\u021bim adecvarea \u0219i eficacitatea acestei protec\u021bii din punct [&hellip;]<\/p>\n","protected":false},"author":7,"featured_media":0,"parent":0,"menu_order":8,"comment_status":"closed","ping_status":"closed","template":"","meta":{"footnotes":""},"class_list":["post-10547","page","type-page","status-publish","hentry"],"yoast_head":"<!-- This site is optimized with the Yoast SEO Premium plugin v26.5 (Yoast SEO v26.5) - https:\/\/yoast.com\/wordpress\/plugins\/seo\/ -->\n<title>Politica \u00een domeniul securit\u0103\u021bii informa\u021biei | Optima<\/title>\n<meta name=\"description\" content=\"Ce presupune politica \u00een domeniul securit\u0103\u021bii informa\u021biei \u0219i cum poate fi implementat\u0103 eficient \u00eentr-o organiza\u021bie?\" \/>\n<meta name=\"robots\" content=\"noindex, nofollow\" \/>\n<meta property=\"og:locale\" content=\"it_IT\" \/>\n<meta property=\"og:type\" content=\"article\" \/>\n<meta property=\"og:title\" content=\"Politica \u00een domeniul securit\u0103\u021bii informa\u021biei\" \/>\n<meta property=\"og:description\" content=\"Ce presupune politica \u00een domeniul securit\u0103\u021bii informa\u021biei \u0219i cum poate fi implementat\u0103 eficient \u00eentr-o organiza\u021bie?\" \/>\n<meta property=\"og:url\" content=\"https:\/\/optimacall.ro\/it\/politica-di-sicurezza-delle-informazioni\/\" \/>\n<meta property=\"og:site_name\" content=\"Optima\" \/>\n<meta property=\"article:publisher\" content=\"https:\/\/www.facebook.com\/optimacall4excellence\/\" \/>\n<meta property=\"article:modified_time\" content=\"2025-06-13T06:24:46+00:00\" \/>\n<meta property=\"og:image\" content=\"https:\/\/optimacall.ro\/wp-content\/uploads\/2024\/01\/ai-human-scaled.jpg\" \/>\n\t<meta property=\"og:image:width\" content=\"2560\" \/>\n\t<meta property=\"og:image:height\" content=\"1487\" \/>\n\t<meta property=\"og:image:type\" content=\"image\/jpeg\" \/>\n<meta name=\"twitter:card\" content=\"summary_large_image\" \/>\n<meta name=\"twitter:label1\" content=\"Tempo di lettura stimato\" \/>\n\t<meta name=\"twitter:data1\" content=\"2 minuti\" \/>\n<script type=\"application\/ld+json\" class=\"yoast-schema-graph\">{\"@context\":\"https:\/\/schema.org\",\"@graph\":[{\"@type\":\"WebPage\",\"@id\":\"https:\/\/optimacall.ro\/politica-in-domeniul-securitatii-informatiei\/\",\"url\":\"https:\/\/optimacall.ro\/politica-in-domeniul-securitatii-informatiei\/\",\"name\":\"Politica \u00een domeniul securit\u0103\u021bii informa\u021biei | Optima\",\"isPartOf\":{\"@id\":\"https:\/\/optimacall.ro\/#website\"},\"datePublished\":\"2025-06-13T06:06:18+00:00\",\"dateModified\":\"2025-06-13T06:24:46+00:00\",\"description\":\"Ce presupune politica \u00een domeniul securit\u0103\u021bii informa\u021biei \u0219i cum poate fi implementat\u0103 eficient \u00eentr-o organiza\u021bie?\",\"breadcrumb\":{\"@id\":\"https:\/\/optimacall.ro\/politica-in-domeniul-securitatii-informatiei\/#breadcrumb\"},\"inLanguage\":\"it-IT\",\"potentialAction\":[{\"@type\":\"ReadAction\",\"target\":[\"https:\/\/optimacall.ro\/politica-in-domeniul-securitatii-informatiei\/\"]}]},{\"@type\":\"BreadcrumbList\",\"@id\":\"https:\/\/optimacall.ro\/politica-in-domeniul-securitatii-informatiei\/#breadcrumb\",\"itemListElement\":[{\"@type\":\"ListItem\",\"position\":1,\"name\":\"Optima\",\"item\":\"https:\/\/optimacall.ro\/\"},{\"@type\":\"ListItem\",\"position\":2,\"name\":\"Politica \u00een domeniul securit\u0103\u021bii informa\u021biei\"}]},{\"@type\":\"WebSite\",\"@id\":\"https:\/\/optimacall.ro\/#website\",\"url\":\"https:\/\/optimacall.ro\/\",\"name\":\"Optima\",\"description\":\"Solu\u021bii integrate de contact center \u0219i RPA\",\"publisher\":{\"@id\":\"https:\/\/optimacall.ro\/#organization\"},\"potentialAction\":[{\"@type\":\"SearchAction\",\"target\":{\"@type\":\"EntryPoint\",\"urlTemplate\":\"https:\/\/optimacall.ro\/?s={search_term_string}\"},\"query-input\":{\"@type\":\"PropertyValueSpecification\",\"valueRequired\":true,\"valueName\":\"search_term_string\"}}],\"inLanguage\":\"it-IT\"},{\"@type\":[\"Organization\",\"Place\"],\"@id\":\"https:\/\/optimacall.ro\/#organization\",\"name\":\"Optima\",\"alternateName\":\"Optima Solutions Services\",\"url\":\"https:\/\/optimacall.ro\/\",\"logo\":{\"@id\":\"https:\/\/optimacall.ro\/politica-in-domeniul-securitatii-informatiei\/#local-main-organization-logo\"},\"image\":{\"@id\":\"https:\/\/optimacall.ro\/politica-in-domeniul-securitatii-informatiei\/#local-main-organization-logo\"},\"sameAs\":[\"https:\/\/www.facebook.com\/optimacall4excellence\/\"],\"description\":\"Call center cu servicii de outsourcing\",\"legalName\":\"Optima Solutions Services SRL\",\"foundingDate\":\"2010-10-10\",\"numberOfEmployees\":{\"@type\":\"QuantitativeValue\",\"minValue\":\"51\",\"maxValue\":\"200\"},\"openingHoursSpecification\":[{\"@type\":\"OpeningHoursSpecification\",\"dayOfWeek\":[\"Monday\",\"Tuesday\",\"Wednesday\",\"Thursday\",\"Friday\",\"Saturday\",\"Sunday\"],\"opens\":\"09:00\",\"closes\":\"17:00\"}]},{\"@type\":\"ImageObject\",\"inLanguage\":\"it-IT\",\"@id\":\"https:\/\/optimacall.ro\/politica-in-domeniul-securitatii-informatiei\/#local-main-organization-logo\",\"url\":\"https:\/\/optimacall.ro\/wp-content\/uploads\/2024\/03\/cropped-cropped-logo-optima-rain.png\",\"contentUrl\":\"https:\/\/optimacall.ro\/wp-content\/uploads\/2024\/03\/cropped-cropped-logo-optima-rain.png\",\"width\":112,\"height\":112,\"caption\":\"Optima\"}]}<\/script>\n<!-- \/ Yoast SEO Premium plugin. -->","yoast_head_json":{"title":"Politica di sicurezza delle informazioni | Optima","description":"Che cos'\u00e8 la politica di sicurezza delle informazioni e come pu\u00f2 essere implementata efficacemente in un'organizzazione?","robots":{"index":"noindex","follow":"nofollow"},"og_locale":"it_IT","og_type":"article","og_title":"Politica \u00een domeniul securit\u0103\u021bii informa\u021biei","og_description":"Ce presupune politica \u00een domeniul securit\u0103\u021bii informa\u021biei \u0219i cum poate fi implementat\u0103 eficient \u00eentr-o organiza\u021bie?","og_url":"https:\/\/optimacall.ro\/it\/politica-di-sicurezza-delle-informazioni\/","og_site_name":"Optima","article_publisher":"https:\/\/www.facebook.com\/optimacall4excellence\/","article_modified_time":"2025-06-13T06:24:46+00:00","og_image":[{"width":2560,"height":1487,"url":"https:\/\/optimacall.ro\/wp-content\/uploads\/2024\/01\/ai-human-scaled.jpg","type":"image\/jpeg"}],"twitter_card":"summary_large_image","twitter_misc":{"Tempo di lettura stimato":"2 minuti"},"schema":{"@context":"https:\/\/schema.org","@graph":[{"@type":"WebPage","@id":"https:\/\/optimacall.ro\/politica-in-domeniul-securitatii-informatiei\/","url":"https:\/\/optimacall.ro\/politica-in-domeniul-securitatii-informatiei\/","name":"Politica di sicurezza delle informazioni | Optima","isPartOf":{"@id":"https:\/\/optimacall.ro\/#website"},"datePublished":"2025-06-13T06:06:18+00:00","dateModified":"2025-06-13T06:24:46+00:00","description":"Che cos'\u00e8 la politica di sicurezza delle informazioni e come pu\u00f2 essere implementata efficacemente in un'organizzazione?","breadcrumb":{"@id":"https:\/\/optimacall.ro\/politica-in-domeniul-securitatii-informatiei\/#breadcrumb"},"inLanguage":"it-IT","potentialAction":[{"@type":"ReadAction","target":["https:\/\/optimacall.ro\/politica-in-domeniul-securitatii-informatiei\/"]}]},{"@type":"BreadcrumbList","@id":"https:\/\/optimacall.ro\/politica-in-domeniul-securitatii-informatiei\/#breadcrumb","itemListElement":[{"@type":"ListItem","position":1,"name":"Optima","item":"https:\/\/optimacall.ro\/"},{"@type":"ListItem","position":2,"name":"Politica \u00een domeniul securit\u0103\u021bii informa\u021biei"}]},{"@type":"WebSite","@id":"https:\/\/optimacall.ro\/#website","url":"https:\/\/optimacall.ro\/","name":"Optima","description":"Soluzioni integrate di contact center e RPA","publisher":{"@id":"https:\/\/optimacall.ro\/#organization"},"potentialAction":[{"@type":"SearchAction","target":{"@type":"EntryPoint","urlTemplate":"https:\/\/optimacall.ro\/?s={search_term_string}"},"query-input":{"@type":"PropertyValueSpecification","valueRequired":true,"valueName":"search_term_string"}}],"inLanguage":"it-IT"},{"@type":["Organization","Place"],"@id":"https:\/\/optimacall.ro\/#organization","name":"Optima","alternateName":"Optima Solutions Services","url":"https:\/\/optimacall.ro\/","logo":{"@id":"https:\/\/optimacall.ro\/politica-in-domeniul-securitatii-informatiei\/#local-main-organization-logo"},"image":{"@id":"https:\/\/optimacall.ro\/politica-in-domeniul-securitatii-informatiei\/#local-main-organization-logo"},"sameAs":["https:\/\/www.facebook.com\/optimacall4excellence\/"],"description":"Servizi di call center in outsourcing","legalName":"Optima Solutions Services SRL","foundingDate":"2010-10-10","numberOfEmployees":{"@type":"QuantitativeValue","minValue":"51","maxValue":"200"},"openingHoursSpecification":[{"@type":"OpeningHoursSpecification","dayOfWeek":["Monday","Tuesday","Wednesday","Thursday","Friday","Saturday","Sunday"],"opens":"09:00","closes":"17:00"}]},{"@type":"ImageObject","inLanguage":"it-IT","@id":"https:\/\/optimacall.ro\/politica-in-domeniul-securitatii-informatiei\/#local-main-organization-logo","url":"https:\/\/optimacall.ro\/wp-content\/uploads\/2024\/03\/cropped-cropped-logo-optima-rain.png","contentUrl":"https:\/\/optimacall.ro\/wp-content\/uploads\/2024\/03\/cropped-cropped-logo-optima-rain.png","width":112,"height":112,"caption":"Optima"}]}},"_links":{"self":[{"href":"https:\/\/optimacall.ro\/it\/wp-json\/wp\/v2\/pages\/10547","targetHints":{"allow":["GET"]}}],"collection":[{"href":"https:\/\/optimacall.ro\/it\/wp-json\/wp\/v2\/pages"}],"about":[{"href":"https:\/\/optimacall.ro\/it\/wp-json\/wp\/v2\/types\/page"}],"author":[{"embeddable":true,"href":"https:\/\/optimacall.ro\/it\/wp-json\/wp\/v2\/users\/7"}],"replies":[{"embeddable":true,"href":"https:\/\/optimacall.ro\/it\/wp-json\/wp\/v2\/comments?post=10547"}],"version-history":[{"count":1,"href":"https:\/\/optimacall.ro\/it\/wp-json\/wp\/v2\/pages\/10547\/revisions"}],"predecessor-version":[{"id":10561,"href":"https:\/\/optimacall.ro\/it\/wp-json\/wp\/v2\/pages\/10547\/revisions\/10561"}],"wp:attachment":[{"href":"https:\/\/optimacall.ro\/it\/wp-json\/wp\/v2\/media?parent=10547"}],"curies":[{"name":"wp","href":"https:\/\/api.w.org\/{rel}","templated":true}]}}