{"id":798,"date":"2023-12-04T21:58:45","date_gmt":"2023-12-04T18:58:45","guid":{"rendered":"https:\/\/optimacall.ro\/?page_id=798"},"modified":"2024-04-22T14:19:45","modified_gmt":"2024-04-22T12:19:45","slug":"politica-dei-cookie","status":"publish","type":"page","link":"https:\/\/optimacall.ro\/it\/politica-dei-cookie\/","title":{"rendered":"Informativa sui cookie"},"content":{"rendered":"<p>&nbsp;<\/p>\n<p>Questa \u00e8 la Cookie Policy di OPTIMA accessibile da https:\/\/optimacall.ro\/.<\/p>\n<p><strong>1. Cosa sono i cookie?<\/strong><\/p>\n<p>Questo sito web utilizza i cookie (piccoli file che vengono scaricati sul vostro computer\/telefono\/tablet\/dispositivo per migliorare la vostra esperienza). Questa pagina descrive le informazioni che raccogliamo, come le utilizziamo e perch\u00e9 a volte abbiamo bisogno di memorizzare questi cookie. Verr\u00e0 inoltre illustrato il modo in cui \u00e8 possibile impedire la memorizzazione di questi cookie; tuttavia, questa azione potrebbe ridurre alcuni elementi della funzionalit\u00e0 del sito.<\/p>\n<p><strong>2. Come utilizziamo i cookie?<\/strong><\/p>\n<p>Utilizziamo le informazioni generate dai cookie per vari motivi descritti nei paragrafi seguenti. Purtroppo, nella maggior parte dei casi, non esistono opzioni standard per disabilitare i cookie senza disattivare completamente le funzionalit\u00e0 e le caratteristiche che essi aggiungono al nostro sito. Si consiglia di lasciare tutti i cookie abilitati anche se non si \u00e8 sicuri di averne bisogno, poich\u00e9 potrebbero essere utilizzati per fornire un servizio che si sta utilizzando.<\/p>\n<p><strong>3. Disabilitazione dei cookie<\/strong><br \/>\n\u00c8 possibile impedire l'impostazione dei cookie modificando le impostazioni del proprio browser. (Si noti che la disabilitazione dei cookie influisce sulla funzionalit\u00e0 di questo sito e di molti altri siti visitati. La disattivazione dei cookie di solito disabilita alcune funzionalit\u00e0 di questo sito. Si raccomanda pertanto di non disabilitare i cookie.<\/p>\n<p><strong>4. Controllo dei cookie<\/strong><\/p>\n<p>Le modalit\u00e0 di utilizzo dei cookie possono essere controllate dal browser utilizzato.<br \/>\nGoogle Chrome<\/p>\n<p>- Fare clic sul pulsante del menu. Si trova in alto a destra (in alto) della finestra del browser.<br \/>\n- Selezionare la sezione \"Impostazioni\".<br \/>\n- Selezionare \"Mostra impostazioni avanzate\".<br \/>\n- Andare su \"Protezione dei dati\" e selezionare \"Impostazioni dei contenuti\".<br \/>\n- Qui si trova la sezione \"Consenti impostazione dati locali\".<\/p>\n<p>Per sapere come impedire ai siti web di utilizzare i cookie per ricordare quali siti visitate, seguite questo link:<br \/>\nhttps:\/\/support.google.com\/chrome\/answer\/95647?hl=en-GB<\/p>\n<p>Mozilla Firefox<\/p>\n<p>- Fare clic sul pulsante del menu. Si trova in alto a destra (in alto) della finestra del browser.<br \/>\n- Selezionare la sezione \"Opzioni<br \/>\n- Selezionare l'icona \"Protezione dei dati\".<br \/>\n- Selezionare l'opzione \"Cookie\".<br \/>\n- Qui si trova la sezione \"Consenti ai siti di impostare i cookie\".<\/p>\n<p>Per sapere come impedire ai siti web di utilizzare i cookie per ricordare quali siti visitate, seguite questo link:<br \/>\nhttps:\/\/support.mozilla.org\/en-US\/kb\/how-do-i-turn-do-not-track-feature<\/p>\n<p>Microsoft Internet Explorer 11<\/p>\n<p>- Fare clic sull'icona \"Impostazioni\" (simbolo della ruota dentata), che si trova in alto a destra della finestra.<br \/>\n- Andare a \"Opzioni Internet\".<br \/>\n- Cliccare sulla sezione \"Protezione dei dati\".<br \/>\n- Impostare il livello di protezione dei dati su \"Medio\" o inferiore.<br \/>\nPer sapere come impedire ai siti web di utilizzare i cookie per ricordare quali siti visitate, seguite questo link:<\/p>\n<p>https:\/\/support.microsoft.com\/en-us\/products\/internet-explorer#ie=ie-11<\/p>\n<p>Opera<\/p>\n<p>- Fare clic su \"Strumenti\" nella barra dei menu<br \/>\n- Fare clic sulla sezione \"Preferenze\".<br \/>\n- Aprire la scheda \"Avanzamenti<br \/>\n- Fare clic su \"Cookie\".<\/p>\n<p>Per sapere come impedire ai siti web di utilizzare i cookie per ricordare quali siti visitate, seguite questo link:<br \/>\nhttps:\/\/www.opera.com\/help\/tutorials\/security\/privacy\/<\/p>\n<p>Safari su OX X<\/p>\n<p>- Fare clic su \"Safari\" (in alto a destra)<br \/>\n- Selezionare l'opzione \"Preferiti\".<br \/>\n- Vai a \"Protezione dei dati\".<br \/>\n- Selezionare \"Consenti dai siti web che visito\".<\/p>\n<p>Per sapere come impedire ai siti web di utilizzare i cookie per ricordare quali siti visitate, seguite questo link:<\/p>\n<p>https:\/\/support.apple.com\/kb\/PH19214?viewlocale=en_US&#038;locale=en_US<\/p>\n<p><strong>5. Tipi di cookie utilizzati<\/strong><\/p>\n<p>Cookie relativi ai moduli di contatto<\/p>\n<p>Quando l'utente invia dati a un modulo, come quelli presenti nelle pagine di contatto o nei moduli di commento, i cookie possono essere impostati per ricordare i suoi dati utente per la corrispondenza futura.<\/p>\n<p>Cookie per le impostazioni delle preferenze del sito<\/p>\n<p>Per offrire all'utente un'esperienza ottimale su questo sito, offriamo la possibilit\u00e0 di impostare le preferenze per il funzionamento del sito quando lo si utilizza. Per ricordare le vostre preferenze, \u00e8 necessario impostare i cookie in modo che queste informazioni possano essere richiamate ogni volta che interagite con una pagina impostata in base alle vostre preferenze.<\/p>\n<p><strong>6. Cookie inseriti da terze parti<\/strong><\/p>\n<p>In alcuni casi particolari, utilizziamo anche cookie forniti da terze parti fidate. La seguente sezione illustra in dettaglio i cookie di terze parti che potreste incontrare attraverso questo sito web.<br \/>\n- Questo sito utilizza Google Analytics, una delle soluzioni analitiche pi\u00f9 diffuse e affidabili del web, per aiutarci a capire come utilizzate il sito e come possiamo migliorare la vostra esperienza. Questi cookie possono tracciare elementi come il tempo trascorso sul sito e le pagine visitate, in modo da poter continuare a produrre contenuti interessanti.<br \/>\n- I cookie analitici di terze parti sono utilizzati per tracciare e misurare l'utilizzo di questo sito in modo da poter continuare a produrre contenuti interessanti. Questi cookie possono tracciare elementi come il tempo trascorso sul sito o le pagine visitate, aiutandoci a capire come migliorare il sito per gli utenti.<br \/>\n- Di tanto in tanto, testiamo nuove funzionalit\u00e0 e apportiamo lievi modifiche al modo in cui il sito viene fornito. Durante il test di nuove funzionalit\u00e0, questi cookie possono essere utilizzati per garantire un'esperienza coerente durante la navigazione del sito, assicurandoci di capire quali sono le ottimizzazioni pi\u00f9 apprezzate dai nostri utenti.<br \/>\n- Utilizziamo le inserzioni pubblicitarie per compensare i costi di gestione di questo sito e per finanziare ulteriori sviluppi. I cookie pubblicitari comportamentali utilizzati da questo sito hanno lo scopo di garantire che vi vengano forniti gli annunci pi\u00f9 pertinenti possibile, tracciando in modo anonimo gli interessi e mostrando cose simili che potrebbero essere di interesse.<br \/>\n- Su questo sito utilizziamo anche pulsanti e\/o plugin per i social media che consentono di connettersi con i propri social network in vari modi. Per far s\u00ec che questi funzionino, i seguenti siti di social media impostano dei cookie attraverso il nostro sito, che possono essere utilizzati per migliorare il profilo dell'utente sul loro sito o per contribuire ai dati in loro possesso per i vari scopi descritti nella loro politica sulla privacy.<\/p>\n<p><strong>7. Link utili<\/strong><\/p>\n<p>Se volete saperne di pi\u00f9 sui cookie e sul loro utilizzo, vi consigliamo di consultare i seguenti link:<br \/>\nGuida ai cookie di Microsoft: https:\/\/www.microsoft.com\/en-us\/errorpages\/smarterror.aspx<br \/>\nTutto sui cookie: http:\/\/www.allaboutcookies.org\/<br \/>\nhttp:\/\/www.youronlinechoices.com\/ro\/<\/p>\n<p><strong>8. Ulteriori informazioni<\/strong><\/p>\n<p>Speriamo di avervi presentato le informazioni di cui avete bisogno e, come gi\u00e0 detto, se c'\u00e8 qualcosa di cui non siete sicuri di aver bisogno o meno, \u00e8 meglio lasciare i cookie abilitati se non state interagendo con una delle funzioni che utilizzate sul nostro sito.<br \/>\nTuttavia, se desiderate maggiori informazioni, potete contattarci tramite uno dei vostri metodi di contatto preferiti:<br \/>\n- E-mail:\u00a0<a href=\"mailto:contact@optimacall.ro\">contact@optimacall.ro<\/a><br \/>\n- Seguendo il link:\u00a0<a href=\"https:\/\/optimacall.ro\/it\">https:\/\/optimacall.ro\/wp<\/a><br \/>\n- Telefono: 40 213 001 945<\/p>","protected":false},"excerpt":{"rendered":"<p>&nbsp; Aceasta este Politica Cookie pentru OPTIMA accesibila din https:\/\/optimacall.ro\/. 1. Ce sunt Cookie-urile? Acest site utilizeaz\u0103 module cookie (fi\u0219iere mici care sunt desc\u0103rcate pe computer-ul\/telefonul\/tableta\/device-ul t\u0103u, cu scopul de a-\u021bi \u00eembun\u0103t\u0103\u021bi experien\u021ba). Aceast\u0103 pagin\u0103 descrie informa\u021biile pe care le colecteaz\u0103, modul \u00een care o folosim \u0219i de ce uneori trebuie s\u0103 stoc\u0103m aceste cookie-uri. [&hellip;]<\/p>\n","protected":false},"author":1,"featured_media":0,"parent":0,"menu_order":10,"comment_status":"closed","ping_status":"closed","template":"","meta":{"footnotes":""},"class_list":["post-798","page","type-page","status-publish","hentry"],"yoast_head":"<!-- This site is optimized with the Yoast SEO Premium plugin v26.5 (Yoast SEO v26.5) - https:\/\/yoast.com\/wordpress\/plugins\/seo\/ -->\n<title>Politica Cookie | Optima<\/title>\n<meta name=\"robots\" content=\"noindex, nofollow\" \/>\n<meta property=\"og:locale\" content=\"it_IT\" \/>\n<meta property=\"og:type\" content=\"article\" \/>\n<meta property=\"og:title\" content=\"Politica Cookie\" \/>\n<meta property=\"og:description\" content=\"&nbsp; Aceasta este Politica Cookie pentru OPTIMA accesibila din https:\/\/optimacall.ro\/. 1. Ce sunt Cookie-urile? Acest site utilizeaz\u0103 module cookie (fi\u0219iere mici care sunt desc\u0103rcate pe computer-ul\/telefonul\/tableta\/device-ul t\u0103u, cu scopul de a-\u021bi \u00eembun\u0103t\u0103\u021bi experien\u021ba). Aceast\u0103 pagin\u0103 descrie informa\u021biile pe care le colecteaz\u0103, modul \u00een care o folosim \u0219i de ce uneori trebuie s\u0103 stoc\u0103m aceste cookie-uri. [&hellip;]\" \/>\n<meta property=\"og:url\" content=\"https:\/\/optimacall.ro\/it\/politica-dei-cookie\/\" \/>\n<meta property=\"og:site_name\" content=\"Optima\" \/>\n<meta property=\"article:publisher\" content=\"https:\/\/www.facebook.com\/optimacall4excellence\/\" \/>\n<meta property=\"article:modified_time\" content=\"2024-04-22T12:19:45+00:00\" \/>\n<meta property=\"og:image\" content=\"https:\/\/optimacall.ro\/wp-content\/uploads\/2024\/01\/ai-human-scaled.jpg\" \/>\n\t<meta property=\"og:image:width\" content=\"2560\" \/>\n\t<meta property=\"og:image:height\" content=\"1487\" \/>\n\t<meta property=\"og:image:type\" content=\"image\/jpeg\" \/>\n<meta name=\"twitter:card\" content=\"summary_large_image\" \/>\n<meta name=\"twitter:label1\" content=\"Tempo di lettura stimato\" \/>\n\t<meta name=\"twitter:data1\" content=\"6 minuti\" \/>\n<script type=\"application\/ld+json\" class=\"yoast-schema-graph\">{\"@context\":\"https:\/\/schema.org\",\"@graph\":[{\"@type\":\"WebPage\",\"@id\":\"https:\/\/optimacall.ro\/politica-cookie\/\",\"url\":\"https:\/\/optimacall.ro\/politica-cookie\/\",\"name\":\"Politica Cookie | Optima\",\"isPartOf\":{\"@id\":\"https:\/\/optimacall.ro\/#website\"},\"datePublished\":\"2023-12-04T18:58:45+00:00\",\"dateModified\":\"2024-04-22T12:19:45+00:00\",\"breadcrumb\":{\"@id\":\"https:\/\/optimacall.ro\/politica-cookie\/#breadcrumb\"},\"inLanguage\":\"it-IT\",\"potentialAction\":[{\"@type\":\"ReadAction\",\"target\":[\"https:\/\/optimacall.ro\/politica-cookie\/\"]}]},{\"@type\":\"BreadcrumbList\",\"@id\":\"https:\/\/optimacall.ro\/politica-cookie\/#breadcrumb\",\"itemListElement\":[{\"@type\":\"ListItem\",\"position\":1,\"name\":\"Optima\",\"item\":\"https:\/\/optimacall.ro\/\"},{\"@type\":\"ListItem\",\"position\":2,\"name\":\"Politica Cookie\"}]},{\"@type\":\"WebSite\",\"@id\":\"https:\/\/optimacall.ro\/#website\",\"url\":\"https:\/\/optimacall.ro\/\",\"name\":\"Optima\",\"description\":\"Solu\u021bii integrate de contact center \u0219i RPA\",\"publisher\":{\"@id\":\"https:\/\/optimacall.ro\/#organization\"},\"potentialAction\":[{\"@type\":\"SearchAction\",\"target\":{\"@type\":\"EntryPoint\",\"urlTemplate\":\"https:\/\/optimacall.ro\/?s={search_term_string}\"},\"query-input\":{\"@type\":\"PropertyValueSpecification\",\"valueRequired\":true,\"valueName\":\"search_term_string\"}}],\"inLanguage\":\"it-IT\"},{\"@type\":[\"Organization\",\"Place\"],\"@id\":\"https:\/\/optimacall.ro\/#organization\",\"name\":\"Optima\",\"alternateName\":\"Optima Solutions Services\",\"url\":\"https:\/\/optimacall.ro\/\",\"logo\":{\"@id\":\"https:\/\/optimacall.ro\/politica-cookie\/#local-main-organization-logo\"},\"image\":{\"@id\":\"https:\/\/optimacall.ro\/politica-cookie\/#local-main-organization-logo\"},\"sameAs\":[\"https:\/\/www.facebook.com\/optimacall4excellence\/\"],\"description\":\"Call center cu servicii de outsourcing\",\"legalName\":\"Optima Solutions Services SRL\",\"foundingDate\":\"2010-10-10\",\"numberOfEmployees\":{\"@type\":\"QuantitativeValue\",\"minValue\":\"51\",\"maxValue\":\"200\"},\"openingHoursSpecification\":[{\"@type\":\"OpeningHoursSpecification\",\"dayOfWeek\":[\"Monday\",\"Tuesday\",\"Wednesday\",\"Thursday\",\"Friday\",\"Saturday\",\"Sunday\"],\"opens\":\"09:00\",\"closes\":\"17:00\"}]},{\"@type\":\"ImageObject\",\"inLanguage\":\"it-IT\",\"@id\":\"https:\/\/optimacall.ro\/politica-cookie\/#local-main-organization-logo\",\"url\":\"https:\/\/optimacall.ro\/wp-content\/uploads\/2024\/03\/cropped-cropped-logo-optima-rain.png\",\"contentUrl\":\"https:\/\/optimacall.ro\/wp-content\/uploads\/2024\/03\/cropped-cropped-logo-optima-rain.png\",\"width\":112,\"height\":112,\"caption\":\"Optima\"}]}<\/script>\n<!-- \/ Yoast SEO Premium plugin. -->","yoast_head_json":{"title":"Informativa sui cookie | Optima","robots":{"index":"noindex","follow":"nofollow"},"og_locale":"it_IT","og_type":"article","og_title":"Politica Cookie","og_description":"&nbsp; Aceasta este Politica Cookie pentru OPTIMA accesibila din https:\/\/optimacall.ro\/. 1. Ce sunt Cookie-urile? Acest site utilizeaz\u0103 module cookie (fi\u0219iere mici care sunt desc\u0103rcate pe computer-ul\/telefonul\/tableta\/device-ul t\u0103u, cu scopul de a-\u021bi \u00eembun\u0103t\u0103\u021bi experien\u021ba). Aceast\u0103 pagin\u0103 descrie informa\u021biile pe care le colecteaz\u0103, modul \u00een care o folosim \u0219i de ce uneori trebuie s\u0103 stoc\u0103m aceste cookie-uri. [&hellip;]","og_url":"https:\/\/optimacall.ro\/it\/politica-dei-cookie\/","og_site_name":"Optima","article_publisher":"https:\/\/www.facebook.com\/optimacall4excellence\/","article_modified_time":"2024-04-22T12:19:45+00:00","og_image":[{"width":2560,"height":1487,"url":"https:\/\/optimacall.ro\/wp-content\/uploads\/2024\/01\/ai-human-scaled.jpg","type":"image\/jpeg"}],"twitter_card":"summary_large_image","twitter_misc":{"Tempo di lettura stimato":"6 minuti"},"schema":{"@context":"https:\/\/schema.org","@graph":[{"@type":"WebPage","@id":"https:\/\/optimacall.ro\/politica-cookie\/","url":"https:\/\/optimacall.ro\/politica-cookie\/","name":"Informativa sui cookie | Optima","isPartOf":{"@id":"https:\/\/optimacall.ro\/#website"},"datePublished":"2023-12-04T18:58:45+00:00","dateModified":"2024-04-22T12:19:45+00:00","breadcrumb":{"@id":"https:\/\/optimacall.ro\/politica-cookie\/#breadcrumb"},"inLanguage":"it-IT","potentialAction":[{"@type":"ReadAction","target":["https:\/\/optimacall.ro\/politica-cookie\/"]}]},{"@type":"BreadcrumbList","@id":"https:\/\/optimacall.ro\/politica-cookie\/#breadcrumb","itemListElement":[{"@type":"ListItem","position":1,"name":"Optima","item":"https:\/\/optimacall.ro\/"},{"@type":"ListItem","position":2,"name":"Politica Cookie"}]},{"@type":"WebSite","@id":"https:\/\/optimacall.ro\/#website","url":"https:\/\/optimacall.ro\/","name":"Optima","description":"Soluzioni integrate di contact center e RPA","publisher":{"@id":"https:\/\/optimacall.ro\/#organization"},"potentialAction":[{"@type":"SearchAction","target":{"@type":"EntryPoint","urlTemplate":"https:\/\/optimacall.ro\/?s={search_term_string}"},"query-input":{"@type":"PropertyValueSpecification","valueRequired":true,"valueName":"search_term_string"}}],"inLanguage":"it-IT"},{"@type":["Organization","Place"],"@id":"https:\/\/optimacall.ro\/#organization","name":"Optima","alternateName":"Optima Solutions Services","url":"https:\/\/optimacall.ro\/","logo":{"@id":"https:\/\/optimacall.ro\/politica-cookie\/#local-main-organization-logo"},"image":{"@id":"https:\/\/optimacall.ro\/politica-cookie\/#local-main-organization-logo"},"sameAs":["https:\/\/www.facebook.com\/optimacall4excellence\/"],"description":"Servizi di call center in outsourcing","legalName":"Optima Solutions Services SRL","foundingDate":"2010-10-10","numberOfEmployees":{"@type":"QuantitativeValue","minValue":"51","maxValue":"200"},"openingHoursSpecification":[{"@type":"OpeningHoursSpecification","dayOfWeek":["Monday","Tuesday","Wednesday","Thursday","Friday","Saturday","Sunday"],"opens":"09:00","closes":"17:00"}]},{"@type":"ImageObject","inLanguage":"it-IT","@id":"https:\/\/optimacall.ro\/politica-cookie\/#local-main-organization-logo","url":"https:\/\/optimacall.ro\/wp-content\/uploads\/2024\/03\/cropped-cropped-logo-optima-rain.png","contentUrl":"https:\/\/optimacall.ro\/wp-content\/uploads\/2024\/03\/cropped-cropped-logo-optima-rain.png","width":112,"height":112,"caption":"Optima"}]}},"_links":{"self":[{"href":"https:\/\/optimacall.ro\/it\/wp-json\/wp\/v2\/pages\/798","targetHints":{"allow":["GET"]}}],"collection":[{"href":"https:\/\/optimacall.ro\/it\/wp-json\/wp\/v2\/pages"}],"about":[{"href":"https:\/\/optimacall.ro\/it\/wp-json\/wp\/v2\/types\/page"}],"author":[{"embeddable":true,"href":"https:\/\/optimacall.ro\/it\/wp-json\/wp\/v2\/users\/1"}],"replies":[{"embeddable":true,"href":"https:\/\/optimacall.ro\/it\/wp-json\/wp\/v2\/comments?post=798"}],"version-history":[{"count":1,"href":"https:\/\/optimacall.ro\/it\/wp-json\/wp\/v2\/pages\/798\/revisions"}],"predecessor-version":[{"id":6689,"href":"https:\/\/optimacall.ro\/it\/wp-json\/wp\/v2\/pages\/798\/revisions\/6689"}],"wp:attachment":[{"href":"https:\/\/optimacall.ro\/it\/wp-json\/wp\/v2\/media?parent=798"}],"curies":[{"name":"wp","href":"https:\/\/api.w.org\/{rel}","templated":true}]}}