{"id":800,"date":"2023-12-04T21:59:35","date_gmt":"2023-12-04T18:59:35","guid":{"rendered":"https:\/\/optimacall.ro\/?page_id=800"},"modified":"2024-10-28T12:28:13","modified_gmt":"2024-10-28T10:28:13","slug":"termini-e-condizioni","status":"publish","type":"page","link":"https:\/\/optimacall.ro\/it\/termini-e-condizioni\/","title":{"rendered":"Termini e condizioni"},"content":{"rendered":"<p>&nbsp;<\/p>\n<p>Il sito web www.optimacall.ro \u00e8 soggetto ai termini e alle condizioni (\"Termini di utilizzo\") descritti di seguito. Il sito www.optimacall.ro \u00e8 di propriet\u00e0 di Optima Solutions Services, con sede legale a Bucarest, B-dul Dimitrie Pompei nr. 10A, Cladirea C1, 3\u00b0 piano, settore 2, registrata presso l'Ufficio del Commercio al n. J40\/9804\/2010, con codice di registrazione univoco 27516047 ___, attributo fiscale RO (\"OPTIMA\"), iscritta all'Autorit\u00e0 Nazionale per il Controllo del Trattamento dei Dati Personali.<\/p>\n<p>L'amministratore del sito web https:\/\/optimacall.ro\/ si riserva il diritto di modificare e aggiornare in qualsiasi momento il contenuto di questo sito web, cos\u00ec come i Termini e le Condizioni d'uso, senza alcun preavviso.<\/p>\n<p><strong>1. ACCESSO<\/strong><\/p>\n<p>Lo scopo consentito per l'utilizzo di www.optimacall.ro \u00e8 quello di ottenere informazioni sui servizi forniti da Optima Solutions Services. Non \u00e8 consentito l'utilizzo per altri scopi.<br \/>\nOptima Solutions Services non si assume alcuna responsabilit\u00e0 per la sicurezza di questo sito o della vostra comunicazione con esso.<\/p>\n<p><strong>1.2 TERMINI<\/strong><\/p>\n<p>Il termine \"utente\" di https:\/\/optimacall.ro\/ definisce qualsiasi persona fisica o giuridica che acceda a questo sito web.<\/p>\n<p><strong>2. DIRITTO D'AUTORE, MARCHIO E PROPRIET\u00c0 INTELLETTUALE<\/strong><\/p>\n<p>Optima Solutions Services fornisce l'accesso gratuito al sito web https:\/\/optimacall.ro\/ e autorizza l'utente a visualizzare le informazioni contenute nel sito web https:\/\/optimacall.ro\/.<br \/>\nIl copyright delle informazioni contenute in questo sito \u00e8 di propriet\u00e0 esclusiva di Optima Solutions Services. Nessun materiale presente in questo sito pu\u00f2 essere riprodotto in parte, per intero o in forma modificata senza la previa autorizzazione scritta di Optima Solutions Services.<br \/>\nIl contenuto di https:\/\/optimacall.ro\/, i loghi, i testi, le immagini, i filmati e qualsiasi altro materiale presente sul sito sono protetti dalle leggi sul copyright e sono di propriet\u00e0 di Optima Solutions Services o dei suoi fornitori.<\/p>\n<p><strong>3. RISOLUZIONE DELLE CONTROVERSIE :<\/strong><\/p>\n<p>Qualsiasi eventuale controversia in relazione a https:\/\/optimacall.ro\/ \u00e8 sotto la giurisdizione dei tribunali di common law della Romania.<\/p>\n<p><strong>4. REGOLE DI UTILIZZO<\/strong><\/p>\n<p>Non \u00e8 consentito:<br \/>\n- la copia, la moltiplicazione, la distribuzione, l'archiviazione di testi, immagini, filmati presenti sul sito https:\/\/optimacall.ro\/ senza il preventivo consenso scritto di Optima Solutions Services. La violazione di questa regola comporta responsabilit\u00e0 civili o penali.<\/p>\n<p><strong>5. DISPONIBILIT\u00c0 DEL SERVIZIO<\/strong><\/p>\n<p>Optima Solutions Services si riserva il diritto di modificare il contenuto del sito o addirittura di interromperne la disponibilit\u00e0 senza preavviso. Optima Solutions Services non sar\u00e0 responsabile nei confronti dell'utente, di terze persone fisiche o giuridiche o di istituzioni per la modifica del contenuto di https:\/\/optimacall.ro\/ o per l'interruzione della disponibilit\u00e0 di https:\/\/optimacall.ro\/.<br \/>\nI termini e le condizioni di utilizzo di https:\/\/optimacall.ro\/ possono essere modificati da Optima Solutions Services in qualsiasi momento e diventano validi al momento della loro pubblicazione.<\/p>\n<p><strong>6. ESONERO DA RESPONSABILIT\u00c0<\/strong><\/p>\n<p>Accettando di utilizzare https:\/\/optimacall.ro\/, l'utente dichiara espressamente e implicitamente di aver compreso e accettato quanto segue:<br \/>\n- l'uso di https:\/\/optimacall.ro\/ \u00e8 a rischio dell'utente. Optima Solutions Services declina espressamente ogni responsabilit\u00e0 di qualsiasi tipo.<\/p>\n<p><strong>7. LIMITAZIONE DI RESPONSABILIT\u00c0<\/strong><\/p>\n<p>Optima Solutions Services non sar\u00e0 responsabile di eventuali danni diretti o indiretti derivanti dall'accesso a https:\/\/optimacall.ro\/.<br \/>\nhttps:\/\/optimacall.ro\/ viene fornito in questa forma senza altre garanzie. Optima Solutions Services non \u00e8 e non pu\u00f2 essere ritenuta responsabile dell'inadeguatezza, della non disponibilit\u00e0 o di altri difetti di https:\/\/optimacall.ro\/ o del suo contenuto.<\/p>\n<p><strong>8. RISERVATEZZA E INFORMAZIONI PERSONALI<\/strong><\/p>\n<p>Le informazioni personali rese disponibili al sito web di Optima Solutions Services, al fine di ricevere o utilizzare alcuni servizi, sono protette dalla Legge 677\/2001.<br \/>\nCompletando i campi dei moduli di registrazione online, gli utenti accettano di essere contattati in futuro da Optima Solutions Services.<br \/>\nOptima Solutions Services non \u00e8 responsabile di attacchi a scopo di furto o vandalismo che potrebbero portare alla divulgazione o alla compromissione dei dati.<\/p>\n<p><strong>9. POLITICA DEI COOKIE<\/strong><\/p>\n<p>Biscotti<br \/>\nUtilizziamo i cookie per migliorare l'usabilit\u00e0 e la funzionalit\u00e0 del nostro sito web e per capire meglio come i visitatori utilizzano il nostro sito web e gli strumenti e i servizi che offriamo.<\/p>\n<p>La memorizzazione dei cookie sul vostro computer rappresenta un modo semplice e conveniente per personalizzare o migliorare la vostra esperienza sul nostro sito web e rendere pi\u00f9 piacevole la vostra prossima visita. Se desiderate saperne di pi\u00f9 sulla politica sui cookie di Optima Solutions Services e sui vostri diritti, visitate la sezione ''Politica sui cookie di Optima Solutions Services''.<\/p>","protected":false},"excerpt":{"rendered":"<p>&nbsp; Site-ul web www.optimacall.ro, este supus termenilor \u0219i condi\u021biilor (\u201eTermenii de utilizare\u201d) descrise mai jos. Site-ul web www.optimacall.ro este de\u021binut de Optima Solutions Services,\u00a0 avand sediul in Bucuresti, B-dul Dimitrie Pompei nr. 10A, Cladirea C1, etaj 3, sector 2 fiind inregistrata la Oficiul Comertului sub nr. J40\/9804\/2010, cu cod unic de inregistrare 27516047 ___, atribut [&hellip;]<\/p>\n","protected":false},"author":1,"featured_media":0,"parent":0,"menu_order":9,"comment_status":"closed","ping_status":"closed","template":"","meta":{"footnotes":""},"class_list":["post-800","page","type-page","status-publish","hentry"],"yoast_head":"<!-- This site is optimized with the Yoast SEO Premium plugin v26.5 (Yoast SEO v26.5) - https:\/\/yoast.com\/wordpress\/plugins\/seo\/ -->\n<title>Termeni \u0219i condi\u021bii | Optima<\/title>\n<meta name=\"robots\" content=\"noindex, nofollow\" \/>\n<meta property=\"og:locale\" content=\"it_IT\" \/>\n<meta property=\"og:type\" content=\"article\" \/>\n<meta property=\"og:title\" content=\"Termeni \u0219i condi\u021bii\" \/>\n<meta property=\"og:description\" content=\"&nbsp; Site-ul web www.optimacall.ro, este supus termenilor \u0219i condi\u021biilor (\u201eTermenii de utilizare\u201d) descrise mai jos. Site-ul web www.optimacall.ro este de\u021binut de Optima Solutions Services,\u00a0 avand sediul in Bucuresti, B-dul Dimitrie Pompei nr. 10A, Cladirea C1, etaj 3, sector 2 fiind inregistrata la Oficiul Comertului sub nr. J40\/9804\/2010, cu cod unic de inregistrare 27516047 ___, atribut [&hellip;]\" \/>\n<meta property=\"og:url\" content=\"https:\/\/optimacall.ro\/it\/termini-e-condizioni\/\" \/>\n<meta property=\"og:site_name\" content=\"Optima\" \/>\n<meta property=\"article:publisher\" content=\"https:\/\/www.facebook.com\/optimacall4excellence\/\" \/>\n<meta property=\"article:modified_time\" content=\"2024-10-28T10:28:13+00:00\" \/>\n<meta property=\"og:image\" content=\"https:\/\/optimacall.ro\/wp-content\/uploads\/2024\/01\/ai-human-scaled.jpg\" \/>\n\t<meta property=\"og:image:width\" content=\"2560\" \/>\n\t<meta property=\"og:image:height\" content=\"1487\" \/>\n\t<meta property=\"og:image:type\" content=\"image\/jpeg\" \/>\n<meta name=\"twitter:card\" content=\"summary_large_image\" \/>\n<meta name=\"twitter:label1\" content=\"Tempo di lettura stimato\" \/>\n\t<meta name=\"twitter:data1\" content=\"4 minuti\" \/>\n<script type=\"application\/ld+json\" class=\"yoast-schema-graph\">{\"@context\":\"https:\/\/schema.org\",\"@graph\":[{\"@type\":\"WebPage\",\"@id\":\"https:\/\/optimacall.ro\/termeni-si-conditii\/\",\"url\":\"https:\/\/optimacall.ro\/termeni-si-conditii\/\",\"name\":\"Termeni \u0219i condi\u021bii | Optima\",\"isPartOf\":{\"@id\":\"https:\/\/optimacall.ro\/#website\"},\"datePublished\":\"2023-12-04T18:59:35+00:00\",\"dateModified\":\"2024-10-28T10:28:13+00:00\",\"breadcrumb\":{\"@id\":\"https:\/\/optimacall.ro\/termeni-si-conditii\/#breadcrumb\"},\"inLanguage\":\"it-IT\",\"potentialAction\":[{\"@type\":\"ReadAction\",\"target\":[\"https:\/\/optimacall.ro\/termeni-si-conditii\/\"]}]},{\"@type\":\"BreadcrumbList\",\"@id\":\"https:\/\/optimacall.ro\/termeni-si-conditii\/#breadcrumb\",\"itemListElement\":[{\"@type\":\"ListItem\",\"position\":1,\"name\":\"Optima\",\"item\":\"https:\/\/optimacall.ro\/\"},{\"@type\":\"ListItem\",\"position\":2,\"name\":\"Termeni \u0219i condi\u021bii\"}]},{\"@type\":\"WebSite\",\"@id\":\"https:\/\/optimacall.ro\/#website\",\"url\":\"https:\/\/optimacall.ro\/\",\"name\":\"Optima\",\"description\":\"Solu\u021bii integrate de contact center \u0219i RPA\",\"publisher\":{\"@id\":\"https:\/\/optimacall.ro\/#organization\"},\"potentialAction\":[{\"@type\":\"SearchAction\",\"target\":{\"@type\":\"EntryPoint\",\"urlTemplate\":\"https:\/\/optimacall.ro\/?s={search_term_string}\"},\"query-input\":{\"@type\":\"PropertyValueSpecification\",\"valueRequired\":true,\"valueName\":\"search_term_string\"}}],\"inLanguage\":\"it-IT\"},{\"@type\":[\"Organization\",\"Place\"],\"@id\":\"https:\/\/optimacall.ro\/#organization\",\"name\":\"Optima\",\"alternateName\":\"Optima Solutions Services\",\"url\":\"https:\/\/optimacall.ro\/\",\"logo\":{\"@id\":\"https:\/\/optimacall.ro\/termeni-si-conditii\/#local-main-organization-logo\"},\"image\":{\"@id\":\"https:\/\/optimacall.ro\/termeni-si-conditii\/#local-main-organization-logo\"},\"sameAs\":[\"https:\/\/www.facebook.com\/optimacall4excellence\/\"],\"description\":\"Call center cu servicii de outsourcing\",\"legalName\":\"Optima Solutions Services SRL\",\"foundingDate\":\"2010-10-10\",\"numberOfEmployees\":{\"@type\":\"QuantitativeValue\",\"minValue\":\"51\",\"maxValue\":\"200\"},\"openingHoursSpecification\":[{\"@type\":\"OpeningHoursSpecification\",\"dayOfWeek\":[\"Monday\",\"Tuesday\",\"Wednesday\",\"Thursday\",\"Friday\",\"Saturday\",\"Sunday\"],\"opens\":\"09:00\",\"closes\":\"17:00\"}]},{\"@type\":\"ImageObject\",\"inLanguage\":\"it-IT\",\"@id\":\"https:\/\/optimacall.ro\/termeni-si-conditii\/#local-main-organization-logo\",\"url\":\"https:\/\/optimacall.ro\/wp-content\/uploads\/2024\/03\/cropped-cropped-logo-optima-rain.png\",\"contentUrl\":\"https:\/\/optimacall.ro\/wp-content\/uploads\/2024\/03\/cropped-cropped-logo-optima-rain.png\",\"width\":112,\"height\":112,\"caption\":\"Optima\"}]}<\/script>\n<!-- \/ Yoast SEO Premium plugin. -->","yoast_head_json":{"title":"Termini e condizioni | Optima","robots":{"index":"noindex","follow":"nofollow"},"og_locale":"it_IT","og_type":"article","og_title":"Termeni \u0219i condi\u021bii","og_description":"&nbsp; Site-ul web www.optimacall.ro, este supus termenilor \u0219i condi\u021biilor (\u201eTermenii de utilizare\u201d) descrise mai jos. Site-ul web www.optimacall.ro este de\u021binut de Optima Solutions Services,\u00a0 avand sediul in Bucuresti, B-dul Dimitrie Pompei nr. 10A, Cladirea C1, etaj 3, sector 2 fiind inregistrata la Oficiul Comertului sub nr. J40\/9804\/2010, cu cod unic de inregistrare 27516047 ___, atribut [&hellip;]","og_url":"https:\/\/optimacall.ro\/it\/termini-e-condizioni\/","og_site_name":"Optima","article_publisher":"https:\/\/www.facebook.com\/optimacall4excellence\/","article_modified_time":"2024-10-28T10:28:13+00:00","og_image":[{"width":2560,"height":1487,"url":"https:\/\/optimacall.ro\/wp-content\/uploads\/2024\/01\/ai-human-scaled.jpg","type":"image\/jpeg"}],"twitter_card":"summary_large_image","twitter_misc":{"Tempo di lettura stimato":"4 minuti"},"schema":{"@context":"https:\/\/schema.org","@graph":[{"@type":"WebPage","@id":"https:\/\/optimacall.ro\/termeni-si-conditii\/","url":"https:\/\/optimacall.ro\/termeni-si-conditii\/","name":"Termini e condizioni | Optima","isPartOf":{"@id":"https:\/\/optimacall.ro\/#website"},"datePublished":"2023-12-04T18:59:35+00:00","dateModified":"2024-10-28T10:28:13+00:00","breadcrumb":{"@id":"https:\/\/optimacall.ro\/termeni-si-conditii\/#breadcrumb"},"inLanguage":"it-IT","potentialAction":[{"@type":"ReadAction","target":["https:\/\/optimacall.ro\/termeni-si-conditii\/"]}]},{"@type":"BreadcrumbList","@id":"https:\/\/optimacall.ro\/termeni-si-conditii\/#breadcrumb","itemListElement":[{"@type":"ListItem","position":1,"name":"Optima","item":"https:\/\/optimacall.ro\/"},{"@type":"ListItem","position":2,"name":"Termeni \u0219i condi\u021bii"}]},{"@type":"WebSite","@id":"https:\/\/optimacall.ro\/#website","url":"https:\/\/optimacall.ro\/","name":"Optima","description":"Soluzioni integrate di contact center e RPA","publisher":{"@id":"https:\/\/optimacall.ro\/#organization"},"potentialAction":[{"@type":"SearchAction","target":{"@type":"EntryPoint","urlTemplate":"https:\/\/optimacall.ro\/?s={search_term_string}"},"query-input":{"@type":"PropertyValueSpecification","valueRequired":true,"valueName":"search_term_string"}}],"inLanguage":"it-IT"},{"@type":["Organization","Place"],"@id":"https:\/\/optimacall.ro\/#organization","name":"Optima","alternateName":"Optima Solutions Services","url":"https:\/\/optimacall.ro\/","logo":{"@id":"https:\/\/optimacall.ro\/termeni-si-conditii\/#local-main-organization-logo"},"image":{"@id":"https:\/\/optimacall.ro\/termeni-si-conditii\/#local-main-organization-logo"},"sameAs":["https:\/\/www.facebook.com\/optimacall4excellence\/"],"description":"Servizi di call center in outsourcing","legalName":"Optima Solutions Services SRL","foundingDate":"2010-10-10","numberOfEmployees":{"@type":"QuantitativeValue","minValue":"51","maxValue":"200"},"openingHoursSpecification":[{"@type":"OpeningHoursSpecification","dayOfWeek":["Monday","Tuesday","Wednesday","Thursday","Friday","Saturday","Sunday"],"opens":"09:00","closes":"17:00"}]},{"@type":"ImageObject","inLanguage":"it-IT","@id":"https:\/\/optimacall.ro\/termeni-si-conditii\/#local-main-organization-logo","url":"https:\/\/optimacall.ro\/wp-content\/uploads\/2024\/03\/cropped-cropped-logo-optima-rain.png","contentUrl":"https:\/\/optimacall.ro\/wp-content\/uploads\/2024\/03\/cropped-cropped-logo-optima-rain.png","width":112,"height":112,"caption":"Optima"}]}},"_links":{"self":[{"href":"https:\/\/optimacall.ro\/it\/wp-json\/wp\/v2\/pages\/800","targetHints":{"allow":["GET"]}}],"collection":[{"href":"https:\/\/optimacall.ro\/it\/wp-json\/wp\/v2\/pages"}],"about":[{"href":"https:\/\/optimacall.ro\/it\/wp-json\/wp\/v2\/types\/page"}],"author":[{"embeddable":true,"href":"https:\/\/optimacall.ro\/it\/wp-json\/wp\/v2\/users\/1"}],"replies":[{"embeddable":true,"href":"https:\/\/optimacall.ro\/it\/wp-json\/wp\/v2\/comments?post=800"}],"version-history":[{"count":1,"href":"https:\/\/optimacall.ro\/it\/wp-json\/wp\/v2\/pages\/800\/revisions"}],"predecessor-version":[{"id":9210,"href":"https:\/\/optimacall.ro\/it\/wp-json\/wp\/v2\/pages\/800\/revisions\/9210"}],"wp:attachment":[{"href":"https:\/\/optimacall.ro\/it\/wp-json\/wp\/v2\/media?parent=800"}],"curies":[{"name":"wp","href":"https:\/\/api.w.org\/{rel}","templated":true}]}}