{"id":803,"date":"2023-12-04T22:00:39","date_gmt":"2023-12-04T19:00:39","guid":{"rendered":"https:\/\/optimacall.ro\/?page_id=803"},"modified":"2025-06-13T09:21:44","modified_gmt":"2025-06-13T06:21:44","slug":"politica-ambientale","status":"publish","type":"page","link":"https:\/\/optimacall.ro\/it\/politica-ambientale\/","title":{"rendered":"Politica ambientale"},"content":{"rendered":"<p>OPTIMA SOLUTIONS SERVICES SRL considera la tutela dell'ambiente una priorit\u00e0 per lo sviluppo delle attivit\u00e0, ma anche per la gestione interna dei processi.<\/p>\n<p>OPTIMA SOLUTIONS SERVICES SA si impegna a stabilire e a rispettare i requisiti legali applicabili e i requisiti e le aspettative dei clienti.<\/p>\n<p>Ci impegniamo costantemente a ridurre al minimo i rischi ambientali associati alle nostre attivit\u00e0, alle parti interessate, ai problemi ambientali identificati e alle normative legali applicabili.<\/p>\n<p>Le prestazioni elevate si ottengono implementando e mantenendo un sistema di gestione ambientale conforme alla norma ISO 14001:2015.<\/p>\n<p>I nostri principali OBIETTIVI sono:<\/p>\n<ul>\n<li>Attenzione continua a ridurre al minimo le non conformit\u00e0 e i reclami delle parti interessate;<\/li>\n<li>Ridurre la quantit\u00e0 di rifiuti derivanti dall'attivit\u00e0 e il consumo di elettricit\u00e0 e acqua attraverso una gestione adeguata;<\/li>\n<li>Promuovere una cultura positiva della tutela ambientale in tutta l'organizzazione;<\/li>\n<li>Miglioramento continuo del sistema di gestione ambientale.<\/li>\n<\/ul>\n<p>Ritengo che questa politica debba essere comunicata, compresa e applicata attraverso il mio impegno personale e quello di tutti i membri di OPTIMA SOLUTIONS SERVICES SA, indipendentemente dalla loro posizione in azienda.<\/p>\n<p><strong>Direttore generale Data: 01.06.2025<\/strong><\/p>\n<p><strong>Ionescu Andrei-George<\/strong><\/p>","protected":false},"excerpt":{"rendered":"<p>OPTIMA SOLUTIONS SERVICES SRL consider\u0103 protec\u021bia mediului \u00eenconjur\u0103tor ca fiind prioritar\u0103 pentru desf\u0103\u0219urarea activit\u0103\u021bilor, dar \u0219i pentru managementul intern al proceselor. \u00cen cadrul OPTIMA SOLUTIONS SERVICES SA, suntem total angaja\u0163i s\u0103 stabilim \u015fi s\u0103 respect\u0103m, cerin\u021bele legale aplicabile \u0219i cerin\u0163ele specificate \u015fi a\u015ftept\u0103rile clien\u0163ilor no\u015ftri. Ne preocup\u0103m permanent de reducerea riscurilor de mediu asociate activit\u0103\u021bilor [&hellip;]<\/p>\n","protected":false},"author":1,"featured_media":0,"parent":0,"menu_order":8,"comment_status":"closed","ping_status":"closed","template":"","meta":{"footnotes":""},"class_list":["post-803","page","type-page","status-publish","hentry"],"yoast_head":"<!-- This site is optimized with the Yoast SEO Premium plugin v26.5 (Yoast SEO v26.5) - https:\/\/yoast.com\/wordpress\/plugins\/seo\/ -->\n<title>Politica \u00een domeniul mediului | Optima<\/title>\n<meta name=\"description\" content=\"Ce este politica \u00een domeniul mediului \u0219i de ce este ea importanta pentru o companie de succes pe pia\u021ba de outsourcing.\" \/>\n<meta name=\"robots\" content=\"noindex, nofollow\" \/>\n<meta property=\"og:locale\" content=\"it_IT\" \/>\n<meta property=\"og:type\" content=\"article\" \/>\n<meta property=\"og:title\" content=\"Politica \u00een domeniul mediului\" \/>\n<meta property=\"og:description\" content=\"Ce este politica \u00een domeniul mediului \u0219i de ce este ea importanta pentru o companie de succes pe pia\u021ba de outsourcing.\" \/>\n<meta property=\"og:url\" content=\"https:\/\/optimacall.ro\/it\/politica-ambientale\/\" \/>\n<meta property=\"og:site_name\" content=\"Optima\" \/>\n<meta property=\"article:publisher\" content=\"https:\/\/www.facebook.com\/optimacall4excellence\/\" \/>\n<meta property=\"article:modified_time\" content=\"2025-06-13T06:21:44+00:00\" \/>\n<meta property=\"og:image\" content=\"https:\/\/optimacall.ro\/wp-content\/uploads\/2024\/01\/ai-human-scaled.jpg\" \/>\n\t<meta property=\"og:image:width\" content=\"2560\" \/>\n\t<meta property=\"og:image:height\" content=\"1487\" \/>\n\t<meta property=\"og:image:type\" content=\"image\/jpeg\" \/>\n<meta name=\"twitter:card\" content=\"summary_large_image\" \/>\n<meta name=\"twitter:label1\" content=\"Tempo di lettura stimato\" \/>\n\t<meta name=\"twitter:data1\" content=\"1 minuto\" \/>\n<script type=\"application\/ld+json\" class=\"yoast-schema-graph\">{\"@context\":\"https:\/\/schema.org\",\"@graph\":[{\"@type\":\"WebPage\",\"@id\":\"https:\/\/optimacall.ro\/politica-in-domeniul-mediului\/\",\"url\":\"https:\/\/optimacall.ro\/politica-in-domeniul-mediului\/\",\"name\":\"Politica \u00een domeniul mediului | Optima\",\"isPartOf\":{\"@id\":\"https:\/\/optimacall.ro\/#website\"},\"datePublished\":\"2023-12-04T19:00:39+00:00\",\"dateModified\":\"2025-06-13T06:21:44+00:00\",\"description\":\"Ce este politica \u00een domeniul mediului \u0219i de ce este ea importanta pentru o companie de succes pe pia\u021ba de outsourcing.\",\"breadcrumb\":{\"@id\":\"https:\/\/optimacall.ro\/politica-in-domeniul-mediului\/#breadcrumb\"},\"inLanguage\":\"it-IT\",\"potentialAction\":[{\"@type\":\"ReadAction\",\"target\":[\"https:\/\/optimacall.ro\/politica-in-domeniul-mediului\/\"]}]},{\"@type\":\"BreadcrumbList\",\"@id\":\"https:\/\/optimacall.ro\/politica-in-domeniul-mediului\/#breadcrumb\",\"itemListElement\":[{\"@type\":\"ListItem\",\"position\":1,\"name\":\"Optima\",\"item\":\"https:\/\/optimacall.ro\/\"},{\"@type\":\"ListItem\",\"position\":2,\"name\":\"Politica \u00een domeniul mediului\"}]},{\"@type\":\"WebSite\",\"@id\":\"https:\/\/optimacall.ro\/#website\",\"url\":\"https:\/\/optimacall.ro\/\",\"name\":\"Optima\",\"description\":\"Solu\u021bii integrate de contact center \u0219i RPA\",\"publisher\":{\"@id\":\"https:\/\/optimacall.ro\/#organization\"},\"potentialAction\":[{\"@type\":\"SearchAction\",\"target\":{\"@type\":\"EntryPoint\",\"urlTemplate\":\"https:\/\/optimacall.ro\/?s={search_term_string}\"},\"query-input\":{\"@type\":\"PropertyValueSpecification\",\"valueRequired\":true,\"valueName\":\"search_term_string\"}}],\"inLanguage\":\"it-IT\"},{\"@type\":[\"Organization\",\"Place\"],\"@id\":\"https:\/\/optimacall.ro\/#organization\",\"name\":\"Optima\",\"alternateName\":\"Optima Solutions Services\",\"url\":\"https:\/\/optimacall.ro\/\",\"logo\":{\"@id\":\"https:\/\/optimacall.ro\/politica-in-domeniul-mediului\/#local-main-organization-logo\"},\"image\":{\"@id\":\"https:\/\/optimacall.ro\/politica-in-domeniul-mediului\/#local-main-organization-logo\"},\"sameAs\":[\"https:\/\/www.facebook.com\/optimacall4excellence\/\"],\"description\":\"Call center cu servicii de outsourcing\",\"legalName\":\"Optima Solutions Services SRL\",\"foundingDate\":\"2010-10-10\",\"numberOfEmployees\":{\"@type\":\"QuantitativeValue\",\"minValue\":\"51\",\"maxValue\":\"200\"},\"openingHoursSpecification\":[{\"@type\":\"OpeningHoursSpecification\",\"dayOfWeek\":[\"Monday\",\"Tuesday\",\"Wednesday\",\"Thursday\",\"Friday\",\"Saturday\",\"Sunday\"],\"opens\":\"09:00\",\"closes\":\"17:00\"}]},{\"@type\":\"ImageObject\",\"inLanguage\":\"it-IT\",\"@id\":\"https:\/\/optimacall.ro\/politica-in-domeniul-mediului\/#local-main-organization-logo\",\"url\":\"https:\/\/optimacall.ro\/wp-content\/uploads\/2024\/03\/cropped-cropped-logo-optima-rain.png\",\"contentUrl\":\"https:\/\/optimacall.ro\/wp-content\/uploads\/2024\/03\/cropped-cropped-logo-optima-rain.png\",\"width\":112,\"height\":112,\"caption\":\"Optima\"}]}<\/script>\n<!-- \/ Yoast SEO Premium plugin. -->","yoast_head_json":{"title":"Politica ambientale | Optima","description":"Che cos'\u00e8 la politica ambientale e perch\u00e9 \u00e8 importante per il successo di un'azienda nel mercato dell'outsourcing.","robots":{"index":"noindex","follow":"nofollow"},"og_locale":"it_IT","og_type":"article","og_title":"Politica \u00een domeniul mediului","og_description":"Ce este politica \u00een domeniul mediului \u0219i de ce este ea importanta pentru o companie de succes pe pia\u021ba de outsourcing.","og_url":"https:\/\/optimacall.ro\/it\/politica-ambientale\/","og_site_name":"Optima","article_publisher":"https:\/\/www.facebook.com\/optimacall4excellence\/","article_modified_time":"2025-06-13T06:21:44+00:00","og_image":[{"width":2560,"height":1487,"url":"https:\/\/optimacall.ro\/wp-content\/uploads\/2024\/01\/ai-human-scaled.jpg","type":"image\/jpeg"}],"twitter_card":"summary_large_image","twitter_misc":{"Tempo di lettura stimato":"1 minuto"},"schema":{"@context":"https:\/\/schema.org","@graph":[{"@type":"WebPage","@id":"https:\/\/optimacall.ro\/politica-in-domeniul-mediului\/","url":"https:\/\/optimacall.ro\/politica-in-domeniul-mediului\/","name":"Politica ambientale | Optima","isPartOf":{"@id":"https:\/\/optimacall.ro\/#website"},"datePublished":"2023-12-04T19:00:39+00:00","dateModified":"2025-06-13T06:21:44+00:00","description":"Che cos'\u00e8 la politica ambientale e perch\u00e9 \u00e8 importante per il successo di un'azienda nel mercato dell'outsourcing.","breadcrumb":{"@id":"https:\/\/optimacall.ro\/politica-in-domeniul-mediului\/#breadcrumb"},"inLanguage":"it-IT","potentialAction":[{"@type":"ReadAction","target":["https:\/\/optimacall.ro\/politica-in-domeniul-mediului\/"]}]},{"@type":"BreadcrumbList","@id":"https:\/\/optimacall.ro\/politica-in-domeniul-mediului\/#breadcrumb","itemListElement":[{"@type":"ListItem","position":1,"name":"Optima","item":"https:\/\/optimacall.ro\/"},{"@type":"ListItem","position":2,"name":"Politica \u00een domeniul mediului"}]},{"@type":"WebSite","@id":"https:\/\/optimacall.ro\/#website","url":"https:\/\/optimacall.ro\/","name":"Optima","description":"Soluzioni integrate di contact center e RPA","publisher":{"@id":"https:\/\/optimacall.ro\/#organization"},"potentialAction":[{"@type":"SearchAction","target":{"@type":"EntryPoint","urlTemplate":"https:\/\/optimacall.ro\/?s={search_term_string}"},"query-input":{"@type":"PropertyValueSpecification","valueRequired":true,"valueName":"search_term_string"}}],"inLanguage":"it-IT"},{"@type":["Organization","Place"],"@id":"https:\/\/optimacall.ro\/#organization","name":"Optima","alternateName":"Optima Solutions Services","url":"https:\/\/optimacall.ro\/","logo":{"@id":"https:\/\/optimacall.ro\/politica-in-domeniul-mediului\/#local-main-organization-logo"},"image":{"@id":"https:\/\/optimacall.ro\/politica-in-domeniul-mediului\/#local-main-organization-logo"},"sameAs":["https:\/\/www.facebook.com\/optimacall4excellence\/"],"description":"Servizi di call center in outsourcing","legalName":"Optima Solutions Services SRL","foundingDate":"2010-10-10","numberOfEmployees":{"@type":"QuantitativeValue","minValue":"51","maxValue":"200"},"openingHoursSpecification":[{"@type":"OpeningHoursSpecification","dayOfWeek":["Monday","Tuesday","Wednesday","Thursday","Friday","Saturday","Sunday"],"opens":"09:00","closes":"17:00"}]},{"@type":"ImageObject","inLanguage":"it-IT","@id":"https:\/\/optimacall.ro\/politica-in-domeniul-mediului\/#local-main-organization-logo","url":"https:\/\/optimacall.ro\/wp-content\/uploads\/2024\/03\/cropped-cropped-logo-optima-rain.png","contentUrl":"https:\/\/optimacall.ro\/wp-content\/uploads\/2024\/03\/cropped-cropped-logo-optima-rain.png","width":112,"height":112,"caption":"Optima"}]}},"_links":{"self":[{"href":"https:\/\/optimacall.ro\/it\/wp-json\/wp\/v2\/pages\/803","targetHints":{"allow":["GET"]}}],"collection":[{"href":"https:\/\/optimacall.ro\/it\/wp-json\/wp\/v2\/pages"}],"about":[{"href":"https:\/\/optimacall.ro\/it\/wp-json\/wp\/v2\/types\/page"}],"author":[{"embeddable":true,"href":"https:\/\/optimacall.ro\/it\/wp-json\/wp\/v2\/users\/1"}],"replies":[{"embeddable":true,"href":"https:\/\/optimacall.ro\/it\/wp-json\/wp\/v2\/comments?post=803"}],"version-history":[{"count":1,"href":"https:\/\/optimacall.ro\/it\/wp-json\/wp\/v2\/pages\/803\/revisions"}],"predecessor-version":[{"id":10546,"href":"https:\/\/optimacall.ro\/it\/wp-json\/wp\/v2\/pages\/803\/revisions\/10546"}],"wp:attachment":[{"href":"https:\/\/optimacall.ro\/it\/wp-json\/wp\/v2\/media?parent=803"}],"curies":[{"name":"wp","href":"https:\/\/api.w.org\/{rel}","templated":true}]}}